{"id":37018,"date":"2026-02-27T00:37:03","date_gmt":"2026-02-27T00:37:03","guid":{"rendered":"https:\/\/nordicmart.andreevmaster.com\/product\/jousimies-magneettinen-horoskooppimerkki-str\/"},"modified":"2026-02-27T09:54:13","modified_gmt":"2026-02-27T09:54:13","slug":"jousimies-magneettinen-horoskooppimerkki-str","status":"publish","type":"product","link":"https:\/\/nordicmart.andreevmaster.com\/fi\/tuote\/jousimies-magneettinen-horoskooppimerkki-str\/","title":{"rendered":"Jousimies-magneettinen horoskooppimerkki | STR"},"content":{"rendered":"<p>Jousimies-magneetti horoskooppimerkki&nbsp;&nbsp;J\u00e4\u00e4kaappimagneetti energiselle, rennolle ja optimistiselle horoskooppimerkille Jousimies. Jousimies on iloinen henkil\u00f6, jolla on ilmeik\u00e4s persoonallisuus. Jousimies on suora, innostunut ja spontaani. J\u00e4\u00e4kaappimagneetti, jossa on horoskooppimerkki Jousimies, on loistava idea pieneen lahjaan tai lahjan lis\u00e4ykseksi Jousimiehen merkin alla syntyneelle henkil\u00f6lle ja astrologian yst\u00e4ville.&nbsp;Magneetin keskell\u00e4 on kuva horoskooppimerkist\u00e4 Jousimies. Kultaisella reunalla on kaikkien horoskooppimerkkien symbolit. Jousimies-magneetti Horoskooppimerkki Tekniset tiedot: Materiaali: emaloitu metalli V\u00e4ri: kulta, musta Kaikkien horoskooppimerkkien symbolit reunalla Jousimies keskell\u00e4 Mitat: halkaisija 6 cm<\/p>\n","protected":false},"excerpt":{"rendered":"<p>Jousimies-magneetti horoskooppimerkki&nbsp;&nbsp;J\u00e4\u00e4kaappimagneetti energiselle, rennolle ja optimistiselle horoskooppimerkille Jousimies. Jousimies on iloinen henkil\u00f6, jolla on ilmeik\u00e4s persoonallisuus. Jousimies on suora, innostunut ja spontaani. J\u00e4\u00e4kaappimagneetti, jossa on horoskooppimerkki Jousimies, on loistava idea pieneen lahjaan tai lahjan lis\u00e4ykseksi Jousimiehen merkin alla syntyneelle henkil\u00f6lle ja astrologian yst\u00e4ville.&nbsp;Magneetin keskell\u00e4 on kuva horoskooppimerkist\u00e4 Jousimies. Kultaisella reunalla on kaikkien horoskooppimerkkien symbolit. Jousimies-magneetti [&hellip;]<\/p>\n","protected":false},"featured_media":45025,"comment_status":"open","ping_status":"closed","template":"","meta":[],"product_brand":[],"product_cat":[32],"product_tag":[],"class_list":{"0":"post-37018","1":"product","2":"type-product","3":"status-publish","4":"has-post-thumbnail","6":"product_cat-uncategorized-fi","8":"first","9":"instock","10":"shipping-taxable","11":"purchasable","12":"product-type-simple"},"_links":{"self":[{"href":"https:\/\/nordicmart.andreevmaster.com\/fi\/wp-json\/wp\/v2\/product\/37018","targetHints":{"allow":["GET"]}}],"collection":[{"href":"https:\/\/nordicmart.andreevmaster.com\/fi\/wp-json\/wp\/v2\/product"}],"about":[{"href":"https:\/\/nordicmart.andreevmaster.com\/fi\/wp-json\/wp\/v2\/types\/product"}],"replies":[{"embeddable":true,"href":"https:\/\/nordicmart.andreevmaster.com\/fi\/wp-json\/wp\/v2\/comments?post=37018"}],"wp:featuredmedia":[{"embeddable":true,"href":"https:\/\/nordicmart.andreevmaster.com\/fi\/wp-json\/wp\/v2\/media\/45025"}],"wp:attachment":[{"href":"https:\/\/nordicmart.andreevmaster.com\/fi\/wp-json\/wp\/v2\/media?parent=37018"}],"wp:term":[{"taxonomy":"product_brand","embeddable":true,"href":"https:\/\/nordicmart.andreevmaster.com\/fi\/wp-json\/wp\/v2\/product_brand?post=37018"},{"taxonomy":"product_cat","embeddable":true,"href":"https:\/\/nordicmart.andreevmaster.com\/fi\/wp-json\/wp\/v2\/product_cat?post=37018"},{"taxonomy":"product_tag","embeddable":true,"href":"https:\/\/nordicmart.andreevmaster.com\/fi\/wp-json\/wp\/v2\/product_tag?post=37018"}],"curies":[{"name":"wp","href":"https:\/\/api.w.org\/{rel}","templated":true}]}}