{"id":37017,"date":"2026-02-27T00:37:03","date_gmt":"2026-02-27T00:37:03","guid":{"rendered":"https:\/\/nordicmart.andreevmaster.com\/product\/step2-lasten-vuoristorata-ajettavalla-radalla\/"},"modified":"2026-02-27T09:54:12","modified_gmt":"2026-02-27T09:54:12","slug":"step2-lasten-vuoristorata-ajettavalla-radalla","status":"publish","type":"product","link":"https:\/\/nordicmart.andreevmaster.com\/fi\/tuote\/step2-lasten-vuoristorata-ajettavalla-radalla\/","title":{"rendered":"STEP2 Lasten vuoristorata ajettavalla radalla"},"content":{"rendered":"<p>Ominaisuudet:<\/p>\n<p>* &#8211; Vuoristorataa voidaan k\u00e4ytt\u00e4\u00e4 sek\u00e4 sis\u00e4ll\u00e4 (leikkihuoneessa) ett\u00e4 ulkona (puutarhassa).<br \/>\n* &#8211; Kaksi luistamatonta askelmaa (molemmilla puolilla) varmistavat turvallisen p\u00e4\u00e4syn junaan.<br \/>\n* &#8211; Radan yl\u00e4osassa olevat py\u00f6r\u00e4n syvennykset est\u00e4v\u00e4t junaa liikkumasta nousun aikana.<br \/>\n* &#8211; L\u00e4hes 3 metri\u00e4 rataa yl\u00f6s ja alas ajamista varten.<br \/>\n* &#8211; Turvallisen ajon varmistamiseksi ajoneuvo on varustettu korkealla selk\u00e4nojalla, kaiteella ja jalkatuilla.* &#8211; Juna on koristeltu kauniilla, eloisilla v\u00e4reill\u00e4. * &#8211; Ajoneuvoa voidaan k\u00e4ytt\u00e4\u00e4 itsen\u00e4isesti, esimerkiksi ajettavana leluna. Step2 \u2013 ensinn\u00e4kin laatu, sitten upeat lelut! Jos etsit laatua ja turvallisuutta valitessasi leluja lapsellesi, amerikkalaisen Step2-yrityksen koko upea lelutarjonta t\u00e4ytt\u00e4\u00e4 varmasti lasten, vanhempien, p\u00e4iv\u00e4kotien, lastentarhojen ja muiden oppilaitosten odotukset. Step2 on valmistanut parhaita leluja Yhdysvalloissa jo vuosikymmenien ajan! Valikoimaan kuuluu hiekkalaatikoita, puutarham\u00f6kkej\u00e4, leikkikentti\u00e4, ty\u00f6pajoja, ajettavissa olevia leluja, keitti\u00f6it\u00e4 ja lastenhuonekaluja.<\/p>\n","protected":false},"excerpt":{"rendered":"<p>Ominaisuudet: * &#8211; Vuoristorataa voidaan k\u00e4ytt\u00e4\u00e4 sek\u00e4 sis\u00e4ll\u00e4 (leikkihuoneessa) ett\u00e4 ulkona (puutarhassa). * &#8211; Kaksi luistamatonta askelmaa (molemmilla puolilla) varmistavat turvallisen p\u00e4\u00e4syn junaan. * &#8211; Radan yl\u00e4osassa olevat py\u00f6r\u00e4n syvennykset est\u00e4v\u00e4t junaa liikkumasta nousun aikana. * &#8211; L\u00e4hes 3 metri\u00e4 rataa yl\u00f6s ja alas ajamista varten. * &#8211; Turvallisen ajon varmistamiseksi ajoneuvo on varustettu korkealla [&hellip;]<\/p>\n","protected":false},"featured_media":0,"comment_status":"open","ping_status":"closed","template":"","meta":[],"product_brand":[],"product_cat":[32],"product_tag":[],"class_list":{"0":"post-37017","1":"product","2":"type-product","3":"status-publish","5":"product_cat-uncategorized-fi","7":"first","8":"instock","9":"shipping-taxable","10":"purchasable","11":"product-type-simple"},"_links":{"self":[{"href":"https:\/\/nordicmart.andreevmaster.com\/fi\/wp-json\/wp\/v2\/product\/37017","targetHints":{"allow":["GET"]}}],"collection":[{"href":"https:\/\/nordicmart.andreevmaster.com\/fi\/wp-json\/wp\/v2\/product"}],"about":[{"href":"https:\/\/nordicmart.andreevmaster.com\/fi\/wp-json\/wp\/v2\/types\/product"}],"replies":[{"embeddable":true,"href":"https:\/\/nordicmart.andreevmaster.com\/fi\/wp-json\/wp\/v2\/comments?post=37017"}],"wp:attachment":[{"href":"https:\/\/nordicmart.andreevmaster.com\/fi\/wp-json\/wp\/v2\/media?parent=37017"}],"wp:term":[{"taxonomy":"product_brand","embeddable":true,"href":"https:\/\/nordicmart.andreevmaster.com\/fi\/wp-json\/wp\/v2\/product_brand?post=37017"},{"taxonomy":"product_cat","embeddable":true,"href":"https:\/\/nordicmart.andreevmaster.com\/fi\/wp-json\/wp\/v2\/product_cat?post=37017"},{"taxonomy":"product_tag","embeddable":true,"href":"https:\/\/nordicmart.andreevmaster.com\/fi\/wp-json\/wp\/v2\/product_tag?post=37017"}],"curies":[{"name":"wp","href":"https:\/\/api.w.org\/{rel}","templated":true}]}}