{"id":37016,"date":"2026-02-27T00:37:02","date_gmt":"2026-02-27T00:37:02","guid":{"rendered":"https:\/\/nordicmart.andreevmaster.com\/product\/smoby-xxl-harmaa-polkutraktori-peravaunulla\/"},"modified":"2026-02-27T09:54:12","modified_gmt":"2026-02-27T09:54:12","slug":"smoby-xxl-harmaa-polkutraktori-peravaunulla","status":"publish","type":"product","link":"https:\/\/nordicmart.andreevmaster.com\/fi\/tuote\/smoby-xxl-harmaa-polkutraktori-peravaunulla\/","title":{"rendered":"SMOBY XXL harmaa polkutraktori per\u00e4vaunulla"},"content":{"rendered":"<p>Strong XXL harmaa polkutraktori on monen pienen traktorinkuljettajan unelma. Huolellisesti valmistettu pienimpi\u00e4kin yksityiskohtia my\u00f6ten. Kukaan oikea maanviljelij\u00e4 ei k\u00e4\u00e4nt\u00e4isi sille selk\u00e4\u00e4ns\u00e4. Ominaisuudet: * &#8211; Upea harmaa traktori lapsille. * &#8211; Traktorissa on s\u00e4\u00e4dett\u00e4v\u00e4, mukava ja hyvin muotoiltu istuin. * &#8211; Siin\u00e4 on sis\u00e4\u00e4nrakennettu ketjuveto. * &#8211; Sarjaan kuuluu tilava, yksiakselinen per\u00e4vaunu, joka on helppo irrottaa traktorista.* &#8211; Ohjauspy\u00f6r\u00e4 on varustettu \u00e4\u00e4nimerkill\u00e4.<br \/>\n* &#8211; Vankka rakenne takaa pitk\u00e4aikaisen k\u00e4yt\u00f6n.<br \/>\n* &#8211; Sarja on valmistettu Ranskassa.<br \/>\n* &#8211; Enimm\u00e4iskuorma: 50 kg.<br \/>\n* &#8211; Itse koottava sarja.<\/p>\n<p>Smoby on Ranskan suurin ja suosituin lelubr\u00e4ndi ja yksi maailman parhaista lelujen valmistajista. T\u00e4m\u00e4n tuotemerkin maine puhuu puolestaan, ja sen tuotevalikoiman laajuus ja monipuolisuus vahvistavat yrityksen aseman. Smoby on tunnettu kaikenlaisten lelujen tarjoamisesta, mutta erityist\u00e4 huomiota ansaitsevat sen leikkim\u00f6kit, puutarhalelut ja ajettavat lelut.<\/p>\n","protected":false},"excerpt":{"rendered":"<p>Strong XXL harmaa polkutraktori on monen pienen traktorinkuljettajan unelma. Huolellisesti valmistettu pienimpi\u00e4kin yksityiskohtia my\u00f6ten. Kukaan oikea maanviljelij\u00e4 ei k\u00e4\u00e4nt\u00e4isi sille selk\u00e4\u00e4ns\u00e4. Ominaisuudet: * &#8211; Upea harmaa traktori lapsille. * &#8211; Traktorissa on s\u00e4\u00e4dett\u00e4v\u00e4, mukava ja hyvin muotoiltu istuin. * &#8211; Siin\u00e4 on sis\u00e4\u00e4nrakennettu ketjuveto. * &#8211; Sarjaan kuuluu tilava, yksiakselinen per\u00e4vaunu, joka on helppo irrottaa [&hellip;]<\/p>\n","protected":false},"featured_media":0,"comment_status":"open","ping_status":"closed","template":"","meta":[],"product_brand":[],"product_cat":[32],"product_tag":[],"class_list":{"0":"post-37016","1":"product","2":"type-product","3":"status-publish","5":"product_cat-uncategorized-fi","7":"first","8":"instock","9":"shipping-taxable","10":"purchasable","11":"product-type-simple"},"_links":{"self":[{"href":"https:\/\/nordicmart.andreevmaster.com\/fi\/wp-json\/wp\/v2\/product\/37016","targetHints":{"allow":["GET"]}}],"collection":[{"href":"https:\/\/nordicmart.andreevmaster.com\/fi\/wp-json\/wp\/v2\/product"}],"about":[{"href":"https:\/\/nordicmart.andreevmaster.com\/fi\/wp-json\/wp\/v2\/types\/product"}],"replies":[{"embeddable":true,"href":"https:\/\/nordicmart.andreevmaster.com\/fi\/wp-json\/wp\/v2\/comments?post=37016"}],"wp:attachment":[{"href":"https:\/\/nordicmart.andreevmaster.com\/fi\/wp-json\/wp\/v2\/media?parent=37016"}],"wp:term":[{"taxonomy":"product_brand","embeddable":true,"href":"https:\/\/nordicmart.andreevmaster.com\/fi\/wp-json\/wp\/v2\/product_brand?post=37016"},{"taxonomy":"product_cat","embeddable":true,"href":"https:\/\/nordicmart.andreevmaster.com\/fi\/wp-json\/wp\/v2\/product_cat?post=37016"},{"taxonomy":"product_tag","embeddable":true,"href":"https:\/\/nordicmart.andreevmaster.com\/fi\/wp-json\/wp\/v2\/product_tag?post=37016"}],"curies":[{"name":"wp","href":"https:\/\/api.w.org\/{rel}","templated":true}]}}