{"id":37015,"date":"2026-02-27T00:37:02","date_gmt":"2026-02-27T00:37:02","guid":{"rendered":"https:\/\/nordicmart.andreevmaster.com\/product\/rolly-toys-rollyfarmtrac-john-deere-7930-polkutraktori-kauhalla\/"},"modified":"2026-02-27T09:54:12","modified_gmt":"2026-02-27T09:54:12","slug":"rolly-toys-rollyfarmtrac-john-deere-7930-polkutraktori-kauhalla","status":"publish","type":"product","link":"https:\/\/nordicmart.andreevmaster.com\/fi\/tuote\/rolly-toys-rollyfarmtrac-john-deere-7930-polkutraktori-kauhalla\/","title":{"rendered":"Rolly Toys rollyFarmtrac John Deere 7930 polkutraktori kauhalla"},"content":{"rendered":"<p>John Deere -lisensoitu rollyFarmtrac 7930 -traktori on monien pienten traktorinkuljettajien unelmien t\u00e4yttymys. Yksi markkinoiden parhaista lasten traktoreista!  Huolellisesti valmistettu pienimpi\u00e4kin yksityiskohtia my\u00f6ten. Traktori on helppo pit\u00e4\u00e4 puhtaana, joten se sopii erinomaisesti sis\u00e4- ja ulkok\u00e4ytt\u00f6\u00f6n. Liukuvan istuimen ansiosta ajoneuvo kasvaa lapsen mukana. Traktorin rakenne takaa t\u00e4ydellisen turvallisuuden leikin aikana, sill\u00e4 siin\u00e4 on sis\u00e4\u00e4nrakennettu mekaaninen j\u00e4rjestelm\u00e4, joka suojaa lasta vahingoilta. Konepellin alla on toimiva s\u00e4ilytyslokero, johon lapsi voi piilottaa leikkiin tarvitsemiaan pieni\u00e4 esineit\u00e4. Kaivinkoneen kauha on irrotettava, mik\u00e4 mahdollistaa monenlaiset leikkiskenaariot. Hiljaisten py\u00f6rien ansiosta lapsi voi leikki\u00e4 kotona aiheuttamatta ep\u00e4miellytt\u00e4v\u00e4\u00e4 melua. Ominaisuudet: * &#8211; Lelu 3-vuotiaille ja sit\u00e4 vanhemmille lapsille * &#8211; S\u00e4\u00e4dett\u00e4v\u00e4 istuimen asento \u2013 lelu kasvaa lapsen mukana * &#8211; Irrotettava kaivinkoneen kauha * &#8211; Ketjuvetoinen mekanismi polkimilla tekee traktorista helpon k\u00e4ytt\u00e4\u00e4 lapsille * &#8211; Mekaaninen j\u00e4rjestelm\u00e4 on suljettu ja lasten ulottumattomissa<br \/>\n* &#8211; Avaettava konepelti<br \/>\n* &#8211; Renkaiden kumipy\u00f6r\u00e4t &#8211; varmistavat, ett\u00e4 traktori ei aiheuta paljon melua<br \/>\n* &#8211; Ohjattava etuakseli<\/p>\n","protected":false},"excerpt":{"rendered":"<p>John Deere -lisensoitu rollyFarmtrac 7930 -traktori on monien pienten traktorinkuljettajien unelmien t\u00e4yttymys. Yksi markkinoiden parhaista lasten traktoreista! Huolellisesti valmistettu pienimpi\u00e4kin yksityiskohtia my\u00f6ten. Traktori on helppo pit\u00e4\u00e4 puhtaana, joten se sopii erinomaisesti sis\u00e4- ja ulkok\u00e4ytt\u00f6\u00f6n. Liukuvan istuimen ansiosta ajoneuvo kasvaa lapsen mukana. Traktorin rakenne takaa t\u00e4ydellisen turvallisuuden leikin aikana, sill\u00e4 siin\u00e4 on sis\u00e4\u00e4nrakennettu mekaaninen j\u00e4rjestelm\u00e4, joka [&hellip;]<\/p>\n","protected":false},"featured_media":0,"comment_status":"open","ping_status":"closed","template":"","meta":[],"product_brand":[],"product_cat":[32],"product_tag":[],"class_list":{"0":"post-37015","1":"product","2":"type-product","3":"status-publish","5":"product_cat-uncategorized-fi","7":"first","8":"instock","9":"shipping-taxable","10":"purchasable","11":"product-type-simple"},"_links":{"self":[{"href":"https:\/\/nordicmart.andreevmaster.com\/fi\/wp-json\/wp\/v2\/product\/37015","targetHints":{"allow":["GET"]}}],"collection":[{"href":"https:\/\/nordicmart.andreevmaster.com\/fi\/wp-json\/wp\/v2\/product"}],"about":[{"href":"https:\/\/nordicmart.andreevmaster.com\/fi\/wp-json\/wp\/v2\/types\/product"}],"replies":[{"embeddable":true,"href":"https:\/\/nordicmart.andreevmaster.com\/fi\/wp-json\/wp\/v2\/comments?post=37015"}],"wp:attachment":[{"href":"https:\/\/nordicmart.andreevmaster.com\/fi\/wp-json\/wp\/v2\/media?parent=37015"}],"wp:term":[{"taxonomy":"product_brand","embeddable":true,"href":"https:\/\/nordicmart.andreevmaster.com\/fi\/wp-json\/wp\/v2\/product_brand?post=37015"},{"taxonomy":"product_cat","embeddable":true,"href":"https:\/\/nordicmart.andreevmaster.com\/fi\/wp-json\/wp\/v2\/product_cat?post=37015"},{"taxonomy":"product_tag","embeddable":true,"href":"https:\/\/nordicmart.andreevmaster.com\/fi\/wp-json\/wp\/v2\/product_tag?post=37015"}],"curies":[{"name":"wp","href":"https:\/\/api.w.org\/{rel}","templated":true}]}}