{"id":37014,"date":"2026-02-27T00:37:01","date_gmt":"2026-02-27T00:37:01","guid":{"rendered":"https:\/\/nordicmart.andreevmaster.com\/product\/step2-poyta-ja-tuoli-deluxe-educational-art-corner\/"},"modified":"2026-02-27T09:54:12","modified_gmt":"2026-02-27T09:54:12","slug":"step2-poyta-ja-tuoli-deluxe-educational-art-corner","status":"publish","type":"product","link":"https:\/\/nordicmart.andreevmaster.com\/fi\/tuote\/step2-poyta-ja-tuoli-deluxe-educational-art-corner\/","title":{"rendered":"STEP2 P\u00f6yt\u00e4 ja tuoli Deluxe Educational Art Corner"},"content":{"rendered":"<p>Deluxe Art Master Desk \u2013 luova tila pienille taiteilijoille!<\/p>\n<p>Step2:n Deluxe Art Master Desk on t\u00e4ydellinen paikka luovalle leikille ja oppimiselle! T\u00e4m\u00e4 v\u00e4rik\u00e4s, toimiva sarja, jossa on p\u00f6yt\u00e4 ja tuoli, her\u00e4tt\u00e4\u00e4 lapsen mielikuvituksen ja auttaa kehitt\u00e4m\u00e4\u00e4n k\u00e4dentaitoja. Erinomainen valinta lastenhuoneeseen tai leikkinurkkaukseen.<\/p>\n<p>Ominaisuudet:<\/p>\n<p>* &#8211; Suuri ty\u00f6pinta, jossa on sis\u00e4\u00e4nrakennetut lokerot tarvikkeille<br \/>\n* &#8211; Kuivapyyhitt\u00e4v\u00e4 taulu, jossa on avausmekanismi \u2013 helppo puhdistaa, tilaa lis\u00e4varusteille<br \/>\n* &#8211; Korotettu hylly ja s\u00e4ilytysastiat taidetarvikkeille<br \/>\n* &#8211; Pystysuorat lokerot kirjoille ja tableteille<br \/>\n* &#8211; Painonappilamppu (vaatii 3 AAA-paristoa \u2013 ei sis\u00e4lly toimitukseen)<br \/>\n* &#8211; Mukana yksi tukeva tuoli<br \/>\n* &#8211; Tuolin enimm\u00e4iskuormitus: 34,1 kg<br \/>\n* &#8211; Mitat: 51,4 x 90,2 x 79,4 cm<br \/>\n* &#8211; Materiaali: kest\u00e4v\u00e4 rotaatiovalettu muovi<br \/>\n* &#8211; Vaatii itseasennuksen<br \/>\n* &#8211; CE- ja EN 71 -sertifioitu<\/p>\n<p>Sis\u00e4lt\u00f6:<\/p>\n<p>* &#8211; Kirjoitusp\u00f6yt\u00e4 ja kuivapyyhitt\u00e4v\u00e4 taulu<br \/>\n* &#8211; Tuoli<br \/>\n* &#8211; Hyllyt ja s\u00e4ilytysastiat<br \/>\n* &#8211; Sis\u00e4\u00e4nrakennettu lamppu (paristot eiv\u00e4t sis\u00e4lly toimitukseen)<\/p>\n<p>Lelu kehitt\u00e4\u00e4:<\/p>\n<p>* &#8211; K\u00e4sien motorisia taitoja ja hienomotoriikkaa<br \/>\n* &#8211; Luovuutta ja mielikuvitusta<br \/>\n* &#8211; J\u00e4rjestelykyky\u00e4 ja itsen\u00e4isyytt\u00e4 leikin aikana<\/p>\n<p>Tarvikkeet, kuten maalit ja tussit, eiv\u00e4t sis\u00e4lly sarjaan.<\/p>\n","protected":false},"excerpt":{"rendered":"<p>Deluxe Art Master Desk \u2013 luova tila pienille taiteilijoille! Step2:n Deluxe Art Master Desk on t\u00e4ydellinen paikka luovalle leikille ja oppimiselle! T\u00e4m\u00e4 v\u00e4rik\u00e4s, toimiva sarja, jossa on p\u00f6yt\u00e4 ja tuoli, her\u00e4tt\u00e4\u00e4 lapsen mielikuvituksen ja auttaa kehitt\u00e4m\u00e4\u00e4n k\u00e4dentaitoja. Erinomainen valinta lastenhuoneeseen tai leikkinurkkaukseen. Ominaisuudet: * &#8211; Suuri ty\u00f6pinta, jossa on sis\u00e4\u00e4nrakennetut lokerot tarvikkeille * &#8211; Kuivapyyhitt\u00e4v\u00e4 [&hellip;]<\/p>\n","protected":false},"featured_media":0,"comment_status":"open","ping_status":"closed","template":"","meta":[],"product_brand":[],"product_cat":[32],"product_tag":[],"class_list":{"0":"post-37014","1":"product","2":"type-product","3":"status-publish","5":"product_cat-uncategorized-fi","7":"first","8":"instock","9":"shipping-taxable","10":"purchasable","11":"product-type-simple"},"_links":{"self":[{"href":"https:\/\/nordicmart.andreevmaster.com\/fi\/wp-json\/wp\/v2\/product\/37014","targetHints":{"allow":["GET"]}}],"collection":[{"href":"https:\/\/nordicmart.andreevmaster.com\/fi\/wp-json\/wp\/v2\/product"}],"about":[{"href":"https:\/\/nordicmart.andreevmaster.com\/fi\/wp-json\/wp\/v2\/types\/product"}],"replies":[{"embeddable":true,"href":"https:\/\/nordicmart.andreevmaster.com\/fi\/wp-json\/wp\/v2\/comments?post=37014"}],"wp:attachment":[{"href":"https:\/\/nordicmart.andreevmaster.com\/fi\/wp-json\/wp\/v2\/media?parent=37014"}],"wp:term":[{"taxonomy":"product_brand","embeddable":true,"href":"https:\/\/nordicmart.andreevmaster.com\/fi\/wp-json\/wp\/v2\/product_brand?post=37014"},{"taxonomy":"product_cat","embeddable":true,"href":"https:\/\/nordicmart.andreevmaster.com\/fi\/wp-json\/wp\/v2\/product_cat?post=37014"},{"taxonomy":"product_tag","embeddable":true,"href":"https:\/\/nordicmart.andreevmaster.com\/fi\/wp-json\/wp\/v2\/product_tag?post=37014"}],"curies":[{"name":"wp","href":"https:\/\/api.w.org\/{rel}","templated":true}]}}