{"id":37013,"date":"2026-02-27T00:37:01","date_gmt":"2026-02-27T00:37:01","guid":{"rendered":"https:\/\/nordicmart.andreevmaster.com\/product\/rolly-toys-john-deere-farmtrac-polkutraktori-3-8-vuotta\/"},"modified":"2026-02-27T09:54:12","modified_gmt":"2026-02-27T09:54:12","slug":"rolly-toys-john-deere-farmtrac-polkutraktori-3-8-vuotta","status":"publish","type":"product","link":"https:\/\/nordicmart.andreevmaster.com\/fi\/tuote\/rolly-toys-john-deere-farmtrac-polkutraktori-3-8-vuotta\/","title":{"rendered":"Rolly Toys John Deere FarmTrac polkutraktori 3\u20138 vuotta"},"content":{"rendered":"<p>Rolly Toysin Rolly Farmtrac -polkutraktori on paitsi kest\u00e4v\u00e4 my\u00f6s helppo pit\u00e4\u00e4 puhtaana, mik\u00e4 tekee siit\u00e4 t\u00e4ydellisen kumppanin ulko- ja sis\u00e4leikkeihin.  Traktori on helppo pit\u00e4\u00e4 puhtaana, mik\u00e4 tekee siit\u00e4 ihanteellisen sek\u00e4 sis\u00e4- ett\u00e4 ulkok\u00e4ytt\u00f6\u00f6n. Liukuvan istuimen ansiosta ajoneuvo kasvaa lapsen mukana. Traktorin rakenne takaa t\u00e4ydellisen turvallisuuden leikin aikana, sill\u00e4 sen sis\u00e4\u00e4nrakennettu mekaaninen j\u00e4rjestelm\u00e4 suojaa lasta vahingoilta. Konepelti on avattava, ja hiljaisten py\u00f6rien ansiosta lapsi voi leikki\u00e4 kotona aiheuttamatta ep\u00e4miellytt\u00e4v\u00e4\u00e4 melua.OMINAISUUDET: &#8211; Lelu 3-vuotiaille ja sit\u00e4 vanhemmille lapsille &#8211; S\u00e4\u00e4dett\u00e4v\u00e4 istuimen asento \u2013 lelu kasvaa lapsen mukana &#8211; Ketjuvaihteiston ansiosta jopa pieni lapsi voi ajaa sit\u00e4. &#8211; Mekaaninen j\u00e4rjestelm\u00e4 on sis\u00e4\u00e4nrakennettu ja lapsen ulottumattomissa &#8211; Renkaiden kumipy\u00f6r\u00e4t varmistavat, ett\u00e4 traktori ei aiheuta paljon melua<\/p>\n","protected":false},"excerpt":{"rendered":"<p>Rolly Toysin Rolly Farmtrac -polkutraktori on paitsi kest\u00e4v\u00e4 my\u00f6s helppo pit\u00e4\u00e4 puhtaana, mik\u00e4 tekee siit\u00e4 t\u00e4ydellisen kumppanin ulko- ja sis\u00e4leikkeihin. Traktori on helppo pit\u00e4\u00e4 puhtaana, mik\u00e4 tekee siit\u00e4 ihanteellisen sek\u00e4 sis\u00e4- ett\u00e4 ulkok\u00e4ytt\u00f6\u00f6n. Liukuvan istuimen ansiosta ajoneuvo kasvaa lapsen mukana. Traktorin rakenne takaa t\u00e4ydellisen turvallisuuden leikin aikana, sill\u00e4 sen sis\u00e4\u00e4nrakennettu mekaaninen j\u00e4rjestelm\u00e4 suojaa lasta vahingoilta. [&hellip;]<\/p>\n","protected":false},"featured_media":0,"comment_status":"open","ping_status":"closed","template":"","meta":[],"product_brand":[],"product_cat":[32],"product_tag":[],"class_list":{"0":"post-37013","1":"product","2":"type-product","3":"status-publish","5":"product_cat-uncategorized-fi","7":"first","8":"instock","9":"shipping-taxable","10":"purchasable","11":"product-type-simple"},"_links":{"self":[{"href":"https:\/\/nordicmart.andreevmaster.com\/fi\/wp-json\/wp\/v2\/product\/37013","targetHints":{"allow":["GET"]}}],"collection":[{"href":"https:\/\/nordicmart.andreevmaster.com\/fi\/wp-json\/wp\/v2\/product"}],"about":[{"href":"https:\/\/nordicmart.andreevmaster.com\/fi\/wp-json\/wp\/v2\/types\/product"}],"replies":[{"embeddable":true,"href":"https:\/\/nordicmart.andreevmaster.com\/fi\/wp-json\/wp\/v2\/comments?post=37013"}],"wp:attachment":[{"href":"https:\/\/nordicmart.andreevmaster.com\/fi\/wp-json\/wp\/v2\/media?parent=37013"}],"wp:term":[{"taxonomy":"product_brand","embeddable":true,"href":"https:\/\/nordicmart.andreevmaster.com\/fi\/wp-json\/wp\/v2\/product_brand?post=37013"},{"taxonomy":"product_cat","embeddable":true,"href":"https:\/\/nordicmart.andreevmaster.com\/fi\/wp-json\/wp\/v2\/product_cat?post=37013"},{"taxonomy":"product_tag","embeddable":true,"href":"https:\/\/nordicmart.andreevmaster.com\/fi\/wp-json\/wp\/v2\/product_tag?post=37013"}],"curies":[{"name":"wp","href":"https:\/\/api.w.org\/{rel}","templated":true}]}}