{"id":37012,"date":"2026-02-27T00:37:01","date_gmt":"2026-02-27T00:37:01","guid":{"rendered":"https:\/\/nordicmart.andreevmaster.com\/product\/falk-palokunta-ajelulelu-aanitorvella-1-vuotiaille\/"},"modified":"2026-02-27T09:54:11","modified_gmt":"2026-02-27T09:54:11","slug":"falk-palokunta-ajelulelu-aanitorvella-1-vuotiaille","status":"publish","type":"product","link":"https:\/\/nordicmart.andreevmaster.com\/fi\/tuote\/falk-palokunta-ajelulelu-aanitorvella-1-vuotiaille\/","title":{"rendered":"FALK Palokunta-ajelulelu \u00e4\u00e4nitorvella, 1-vuotiaille"},"content":{"rendered":"<p>Oletko valmis toimintaan? Palomies-paloauto on t\u00e4ydellinen ensimm\u00e4inen ajoneuvo jokaiselle pienelle sankarille! T\u00e4m\u00e4 ainutlaatuinen ajettava lelu on suunniteltu turvallisuutta, hauskuutta ja kehityst\u00e4 silm\u00e4ll\u00e4 pit\u00e4en 12 kuukauden ik\u00e4isille ja sit\u00e4 vanhemmille lapsille. Ergonomisella ohjauspy\u00f6r\u00e4ll\u00e4 ja \u00e4\u00e4nimerkill\u00e4 varustettuna se mahdollistaa lapsesi helpon ohjaamisen ja kehitt\u00e4\u00e4 h\u00e4nen koordinaatiotaan ja motorisia taitojaan. Se ei ole vain hauskaa \u2013 se on todellista kuntoilua! Mukavan istuimen alla on k\u00e4yt\u00e4nn\u00f6llinen s\u00e4ilytyslokero, jossa pieni palomies voi kuljettaa aarteitaan, lelujaan tai pelastusv\u00e4lineit\u00e4\u00e4n. Lis\u00e4vetonaula on liikkuva vipu, joka tutustuttaa lapsen todellisten pelastussimulaatioiden maailmaan ja stimuloi h\u00e4nen mielikuvitustaan ja luovuuttaan. Henkil\u00f6kohtainen muokkaus? Totta kai! Rekisterikilven ansiosta vanhemmat tai lapset voivat antaa ajoneuvolle oman nimen \u2013 se on loistava tilaisuus tehd\u00e4 autosta todella ainutlaatuinen.Ominaisuudet:<\/p>\n<p>* &#8211; 12 kuukaudesta alkaen<br \/>\n* &#8211; Enimm\u00e4iskuorma 25 kg<br \/>\n* &#8211; Mukava ohjaustanko ja \u00e4\u00e4nimerkki<br \/>\n* &#8211; Ergonominen istuin<br \/>\n* &#8211; Helppo ohjata<br \/>\n* &#8211; S\u00e4ilytyslokero istuimen alla<br \/>\n* &#8211; Helppo koota<\/p>\n<p>Lelu kehitt\u00e4\u00e4:<\/p>\n<p>* &#8211; Karkeamotorisia taitoja ja fyysist\u00e4 kuntoa<br \/>\n* &#8211; Motorista koordinaatiota ja tasapainoa<br \/>\n* &#8211; Mielikuvitusta ja luovuutta<br \/>\n* &#8211; Itseluottamusta<\/p>\n","protected":false},"excerpt":{"rendered":"<p>Oletko valmis toimintaan? Palomies-paloauto on t\u00e4ydellinen ensimm\u00e4inen ajoneuvo jokaiselle pienelle sankarille! T\u00e4m\u00e4 ainutlaatuinen ajettava lelu on suunniteltu turvallisuutta, hauskuutta ja kehityst\u00e4 silm\u00e4ll\u00e4 pit\u00e4en 12 kuukauden ik\u00e4isille ja sit\u00e4 vanhemmille lapsille. Ergonomisella ohjauspy\u00f6r\u00e4ll\u00e4 ja \u00e4\u00e4nimerkill\u00e4 varustettuna se mahdollistaa lapsesi helpon ohjaamisen ja kehitt\u00e4\u00e4 h\u00e4nen koordinaatiotaan ja motorisia taitojaan. Se ei ole vain hauskaa \u2013 se on [&hellip;]<\/p>\n","protected":false},"featured_media":0,"comment_status":"open","ping_status":"closed","template":"","meta":[],"product_brand":[],"product_cat":[32],"product_tag":[],"class_list":{"0":"post-37012","1":"product","2":"type-product","3":"status-publish","5":"product_cat-uncategorized-fi","7":"first","8":"instock","9":"shipping-taxable","10":"purchasable","11":"product-type-simple"},"_links":{"self":[{"href":"https:\/\/nordicmart.andreevmaster.com\/fi\/wp-json\/wp\/v2\/product\/37012","targetHints":{"allow":["GET"]}}],"collection":[{"href":"https:\/\/nordicmart.andreevmaster.com\/fi\/wp-json\/wp\/v2\/product"}],"about":[{"href":"https:\/\/nordicmart.andreevmaster.com\/fi\/wp-json\/wp\/v2\/types\/product"}],"replies":[{"embeddable":true,"href":"https:\/\/nordicmart.andreevmaster.com\/fi\/wp-json\/wp\/v2\/comments?post=37012"}],"wp:attachment":[{"href":"https:\/\/nordicmart.andreevmaster.com\/fi\/wp-json\/wp\/v2\/media?parent=37012"}],"wp:term":[{"taxonomy":"product_brand","embeddable":true,"href":"https:\/\/nordicmart.andreevmaster.com\/fi\/wp-json\/wp\/v2\/product_brand?post=37012"},{"taxonomy":"product_cat","embeddable":true,"href":"https:\/\/nordicmart.andreevmaster.com\/fi\/wp-json\/wp\/v2\/product_cat?post=37012"},{"taxonomy":"product_tag","embeddable":true,"href":"https:\/\/nordicmart.andreevmaster.com\/fi\/wp-json\/wp\/v2\/product_tag?post=37012"}],"curies":[{"name":"wp","href":"https:\/\/api.w.org\/{rel}","templated":true}]}}