{"id":37011,"date":"2026-02-27T00:37:01","date_gmt":"2026-02-27T00:37:01","guid":{"rendered":"https:\/\/nordicmart.andreevmaster.com\/product\/rollyx-trac-premium-john-deere-polkutraktori-kauha-hiljaiset-pyorat-3-10-vuotta-enintaan-50-kg-rolly-toys-vihrea\/"},"modified":"2026-02-27T09:54:11","modified_gmt":"2026-02-27T09:54:11","slug":"rollyx-trac-premium-john-deere-polkutraktori-kauha-hiljaiset-pyorat-3-10-vuotta-enintaan-50-kg-rolly-toys-vihrea","status":"publish","type":"product","link":"https:\/\/nordicmart.andreevmaster.com\/fi\/tuote\/rollyx-trac-premium-john-deere-polkutraktori-kauha-hiljaiset-pyorat-3-10-vuotta-enintaan-50-kg-rolly-toys-vihrea\/","title":{"rendered":"RollyX-Trac Premium John Deere polkutraktori kauha hiljaiset py\u00f6r\u00e4t 3\u201310 vuotta enint\u00e4\u00e4n 50 kg Rolly Toys \u2013 vihre\u00e4"},"content":{"rendered":"<p>RollyX-Trac Premium John Deere polkutraktori on monen pienen traktorinkuljettajan unelmien t\u00e4yttymys. Se on valmistettu huolellisesti ja pienimpi\u00e4kin yksityiskohtia my\u00f6ten. Traktori on helppo pit\u00e4\u00e4 puhtaana, joten se sopii erinomaisesti sis\u00e4- ja ulkok\u00e4ytt\u00f6\u00f6n. Liukuvan istuimen ansiosta ajoneuvo kasvaa lapsen mukana. Traktorin rakenne takaa t\u00e4ydellisen turvallisuuden leikin aikana, sill\u00e4 siin\u00e4 on sis\u00e4\u00e4nrakennettu mekaaninen j\u00e4rjestelm\u00e4, joka suojaa lasta vahingoilta. Konepelti voidaan avata ja kaivinkoneen kauha irrottaa, mik\u00e4 mahdollistaa monenlaiset leikkiskenaariot. Hiljaisten py\u00f6rien ansiosta lapsi voi leikki\u00e4 kotona aiheuttamatta ep\u00e4miellytt\u00e4v\u00e4\u00e4 melua. Lis\u00e4ksi traktorissa on s\u00e4\u00e4dett\u00e4v\u00e4 istuin, jonka voi s\u00e4\u00e4t\u00e4\u00e4 lapsen pituuden mukaan.OMINAISUUDET: &#8211; Lelu 3-vuotiaille ja sit\u00e4 vanhemmille lapsille &#8211; Nosto-etuosa &#8211; Kumirenkaat py\u00f6riss\u00e4 &#8211; varmistavat, ett\u00e4 traktori ei aiheuta paljon melua &#8211; S\u00e4\u00e4dett\u00e4v\u00e4 istuimen asento &#8211; lelu kasvaa lapsen mukana &#8211; Liikkuva, irrotettava etukauha &#8211; Mekaaninen j\u00e4rjestelm\u00e4 on sis\u00e4\u00e4nrakennettu ja lapsen ulottumattomissa<\/p>\n","protected":false},"excerpt":{"rendered":"<p>RollyX-Trac Premium John Deere polkutraktori on monen pienen traktorinkuljettajan unelmien t\u00e4yttymys. Se on valmistettu huolellisesti ja pienimpi\u00e4kin yksityiskohtia my\u00f6ten. Traktori on helppo pit\u00e4\u00e4 puhtaana, joten se sopii erinomaisesti sis\u00e4- ja ulkok\u00e4ytt\u00f6\u00f6n. Liukuvan istuimen ansiosta ajoneuvo kasvaa lapsen mukana. Traktorin rakenne takaa t\u00e4ydellisen turvallisuuden leikin aikana, sill\u00e4 siin\u00e4 on sis\u00e4\u00e4nrakennettu mekaaninen j\u00e4rjestelm\u00e4, joka suojaa lasta vahingoilta. [&hellip;]<\/p>\n","protected":false},"featured_media":0,"comment_status":"open","ping_status":"closed","template":"","meta":[],"product_brand":[],"product_cat":[32],"product_tag":[],"class_list":{"0":"post-37011","1":"product","2":"type-product","3":"status-publish","5":"product_cat-uncategorized-fi","7":"first","8":"instock","9":"shipping-taxable","10":"purchasable","11":"product-type-simple"},"_links":{"self":[{"href":"https:\/\/nordicmart.andreevmaster.com\/fi\/wp-json\/wp\/v2\/product\/37011","targetHints":{"allow":["GET"]}}],"collection":[{"href":"https:\/\/nordicmart.andreevmaster.com\/fi\/wp-json\/wp\/v2\/product"}],"about":[{"href":"https:\/\/nordicmart.andreevmaster.com\/fi\/wp-json\/wp\/v2\/types\/product"}],"replies":[{"embeddable":true,"href":"https:\/\/nordicmart.andreevmaster.com\/fi\/wp-json\/wp\/v2\/comments?post=37011"}],"wp:attachment":[{"href":"https:\/\/nordicmart.andreevmaster.com\/fi\/wp-json\/wp\/v2\/media?parent=37011"}],"wp:term":[{"taxonomy":"product_brand","embeddable":true,"href":"https:\/\/nordicmart.andreevmaster.com\/fi\/wp-json\/wp\/v2\/product_brand?post=37011"},{"taxonomy":"product_cat","embeddable":true,"href":"https:\/\/nordicmart.andreevmaster.com\/fi\/wp-json\/wp\/v2\/product_cat?post=37011"},{"taxonomy":"product_tag","embeddable":true,"href":"https:\/\/nordicmart.andreevmaster.com\/fi\/wp-json\/wp\/v2\/product_tag?post=37011"}],"curies":[{"name":"wp","href":"https:\/\/api.w.org\/{rel}","templated":true}]}}