{"id":37010,"date":"2026-02-27T00:37:00","date_gmt":"2026-02-27T00:37:00","guid":{"rendered":"https:\/\/nordicmart.andreevmaster.com\/product\/little-tikesin-suuri-puunrunkoinen-hiekkalaatikko-kannella\/"},"modified":"2026-02-27T09:54:11","modified_gmt":"2026-02-27T09:54:11","slug":"little-tikesin-suuri-puunrunkoinen-hiekkalaatikko-kannella","status":"publish","type":"product","link":"https:\/\/nordicmart.andreevmaster.com\/fi\/tuote\/little-tikesin-suuri-puunrunkoinen-hiekkalaatikko-kannella\/","title":{"rendered":"Little Tikesin suuri puunrunkoinen hiekkalaatikko kannella"},"content":{"rendered":"<p>Little Tikesin suuri puunrunkoinen hiekkalaatikko kannella on hiekkalaatikko, jota voi k\u00e4ytt\u00e4\u00e4 my\u00f6s sis\u00e4tiloissa kuivana pallomeren\u00e4 tai suurena lelujen s\u00e4ilytysastiana. T\u00e4m\u00e4 kaunis hiekkalaatikko on loistava lis\u00e4 kotisi leikkikent\u00e4lle.Ominaisuudet:<\/p>\n<p>* &#8211; se muistuttaa valtavan puun kantoa,<br \/>\n* &#8211; reunassa on kolme istuinta, jotka helpottavat leikkimist\u00e4,<br \/>\n* &#8211; pohjaan painetut el\u00e4inten tassunj\u00e4ljet ja lehdet kannustavat kaivamaan ja tutkimaan,* &#8211; kupera kansi suojaa kantoa lialta, helpottaa sadeveden valumista ja mahdollistaa lelujen s\u00e4ilytt\u00e4misen sis\u00e4ll\u00e4,* &#8211; siihen mahtuu 90 kg hiekkaa. Lelu kehitt\u00e4\u00e4:* &#8211; mielikuvitusta,* &#8211; luovuutta,* &#8211; lasten k\u00e4dentaitoja.<\/p>\n<p>Little Tikes tarjoaa luovia ratkaisuja ja kest\u00e4vyytt\u00e4, joiden ansiosta lapset voivat nauttia leikkimisest\u00e4 monien vuosien ajan. Siksi yksi sen lippulaivatuotteista on Cozy Coupe\u00ae -ajettava auto, joka on tuonut iloa lapsille jo yli kolmenkymmenen vuoden ajan. Valikoimaan kuuluu my\u00f6s seuraavien kategorioiden leluja: leikkim\u00f6kit, taloustavarat, keinut ja leikkikent\u00e4t, keinutuolit ja k\u00e4velytuolit, huonekalut, puutarhalelut, lasten ajoneuvot, liukum\u00e4et ja kiipeilytelineet.<\/p>\n","protected":false},"excerpt":{"rendered":"<p>Little Tikesin suuri puunrunkoinen hiekkalaatikko kannella on hiekkalaatikko, jota voi k\u00e4ytt\u00e4\u00e4 my\u00f6s sis\u00e4tiloissa kuivana pallomeren\u00e4 tai suurena lelujen s\u00e4ilytysastiana. T\u00e4m\u00e4 kaunis hiekkalaatikko on loistava lis\u00e4 kotisi leikkikent\u00e4lle.Ominaisuudet: * &#8211; se muistuttaa valtavan puun kantoa, * &#8211; reunassa on kolme istuinta, jotka helpottavat leikkimist\u00e4, * &#8211; pohjaan painetut el\u00e4inten tassunj\u00e4ljet ja lehdet kannustavat kaivamaan ja tutkimaan,* [&hellip;]<\/p>\n","protected":false},"featured_media":0,"comment_status":"open","ping_status":"closed","template":"","meta":[],"product_brand":[],"product_cat":[32],"product_tag":[],"class_list":{"0":"post-37010","1":"product","2":"type-product","3":"status-publish","5":"product_cat-uncategorized-fi","7":"first","8":"instock","9":"shipping-taxable","10":"purchasable","11":"product-type-simple"},"_links":{"self":[{"href":"https:\/\/nordicmart.andreevmaster.com\/fi\/wp-json\/wp\/v2\/product\/37010","targetHints":{"allow":["GET"]}}],"collection":[{"href":"https:\/\/nordicmart.andreevmaster.com\/fi\/wp-json\/wp\/v2\/product"}],"about":[{"href":"https:\/\/nordicmart.andreevmaster.com\/fi\/wp-json\/wp\/v2\/types\/product"}],"replies":[{"embeddable":true,"href":"https:\/\/nordicmart.andreevmaster.com\/fi\/wp-json\/wp\/v2\/comments?post=37010"}],"wp:attachment":[{"href":"https:\/\/nordicmart.andreevmaster.com\/fi\/wp-json\/wp\/v2\/media?parent=37010"}],"wp:term":[{"taxonomy":"product_brand","embeddable":true,"href":"https:\/\/nordicmart.andreevmaster.com\/fi\/wp-json\/wp\/v2\/product_brand?post=37010"},{"taxonomy":"product_cat","embeddable":true,"href":"https:\/\/nordicmart.andreevmaster.com\/fi\/wp-json\/wp\/v2\/product_cat?post=37010"},{"taxonomy":"product_tag","embeddable":true,"href":"https:\/\/nordicmart.andreevmaster.com\/fi\/wp-json\/wp\/v2\/product_tag?post=37010"}],"curies":[{"name":"wp","href":"https:\/\/api.w.org\/{rel}","templated":true}]}}