{"id":37009,"date":"2026-02-27T00:37:00","date_gmt":"2026-02-27T00:37:00","guid":{"rendered":"https:\/\/nordicmart.andreevmaster.com\/product\/little-tikes-kilpikonna-hiekkalaatikko-jossa-kansi\/"},"modified":"2026-02-27T09:54:11","modified_gmt":"2026-02-27T09:54:11","slug":"little-tikes-kilpikonna-hiekkalaatikko-jossa-kansi","status":"publish","type":"product","link":"https:\/\/nordicmart.andreevmaster.com\/fi\/tuote\/little-tikes-kilpikonna-hiekkalaatikko-jossa-kansi\/","title":{"rendered":"LITTLE TIKES Kilpikonna-hiekkalaatikko, jossa kansi"},"content":{"rendered":"<p>Turtle Sandbox with Lid, jonka on suunnitellut tunnettu lelujen valmistaja Little Tikes. Linnojen rakentaminen, hiekkakakkujen leipominen tai jopa hiekan kaataminen paikasta toiseen \u2013 pienet lapset eiv\u00e4t koskaan kyll\u00e4sty hiekkalaatikossa. Turtle Sandbox on t\u00e4ydellinen lis\u00e4 kotisi leikkikent\u00e4lle.Ominaisuudet:<\/p>\n<p>* &#8211; poista kansi (kilpikonnan kuori) hiekalla leikkiess\u00e4; leikin j\u00e4lkeen se suojaa hiekkaa el\u00e4imilt\u00e4 ja sateelta<br \/>\n* &#8211; kaksi istuinta kilpikonnan jalkojen muodossa tarjoavat mukavuutta hiekkalinnoja rakennettaessa<br \/>\n* &#8211; t\u00e4t\u00e4 turvallista lelua voidaan k\u00e4ytt\u00e4\u00e4 2-in-1-hiekkalaatikkona tai uima-altaana kuumina p\u00e4ivin\u00e4* &#8211; hiekkalaatikko on valmistettu kest\u00e4v\u00e4st\u00e4 ja v\u00e4rinkest\u00e4v\u00e4st\u00e4 muovista,<br \/>\n* &#8211; hiekkalaatikossa ei ole ter\u00e4vi\u00e4 reunoja, mik\u00e4 takaa lapsellesi turvallisen ja mukavan leikin,<br \/>\n* &#8211; mahtuu jopa 70 kg hiekkaa (hiekka ei sis\u00e4lly toimitukseen),<br \/>\n* &#8211; sit\u00e4 voidaan k\u00e4ytt\u00e4\u00e4 my\u00f6s sis\u00e4tiloissa kuivana pallomeren\u00e4 tai suurena lelujen s\u00e4ilytysastiana.<\/p>\n<p>Little Tikes tarjoaa luovia ratkaisuja ja kest\u00e4vyytt\u00e4, joiden ansiosta lapset voivat nauttia leikkimisest\u00e4 monien vuosien ajan. Siksi yksi sen lippulaivatuotteista on Cozy Coupe\u00ae -ajettava auto, joka on tuonut iloa lapsille jo yli kolmenkymmenen vuoden ajan. Valikoimaan kuuluu my\u00f6s seuraavien kategorioiden leluja: leikkim\u00f6kit, taloustavarat, keinut ja leikkikent\u00e4t, keinutuolit ja k\u00e4velytuolit, huonekalut, puutarhalelut, lasten ajoneuvot, liukum\u00e4et ja kiipeilytelineet.<\/p>\n","protected":false},"excerpt":{"rendered":"<p>Turtle Sandbox with Lid, jonka on suunnitellut tunnettu lelujen valmistaja Little Tikes. Linnojen rakentaminen, hiekkakakkujen leipominen tai jopa hiekan kaataminen paikasta toiseen \u2013 pienet lapset eiv\u00e4t koskaan kyll\u00e4sty hiekkalaatikossa. Turtle Sandbox on t\u00e4ydellinen lis\u00e4 kotisi leikkikent\u00e4lle.Ominaisuudet: * &#8211; poista kansi (kilpikonnan kuori) hiekalla leikkiess\u00e4; leikin j\u00e4lkeen se suojaa hiekkaa el\u00e4imilt\u00e4 ja sateelta * &#8211; kaksi [&hellip;]<\/p>\n","protected":false},"featured_media":0,"comment_status":"open","ping_status":"closed","template":"","meta":[],"product_brand":[],"product_cat":[32],"product_tag":[],"class_list":{"0":"post-37009","1":"product","2":"type-product","3":"status-publish","5":"product_cat-uncategorized-fi","7":"first","8":"instock","9":"shipping-taxable","10":"purchasable","11":"product-type-simple"},"_links":{"self":[{"href":"https:\/\/nordicmart.andreevmaster.com\/fi\/wp-json\/wp\/v2\/product\/37009","targetHints":{"allow":["GET"]}}],"collection":[{"href":"https:\/\/nordicmart.andreevmaster.com\/fi\/wp-json\/wp\/v2\/product"}],"about":[{"href":"https:\/\/nordicmart.andreevmaster.com\/fi\/wp-json\/wp\/v2\/types\/product"}],"replies":[{"embeddable":true,"href":"https:\/\/nordicmart.andreevmaster.com\/fi\/wp-json\/wp\/v2\/comments?post=37009"}],"wp:attachment":[{"href":"https:\/\/nordicmart.andreevmaster.com\/fi\/wp-json\/wp\/v2\/media?parent=37009"}],"wp:term":[{"taxonomy":"product_brand","embeddable":true,"href":"https:\/\/nordicmart.andreevmaster.com\/fi\/wp-json\/wp\/v2\/product_brand?post=37009"},{"taxonomy":"product_cat","embeddable":true,"href":"https:\/\/nordicmart.andreevmaster.com\/fi\/wp-json\/wp\/v2\/product_cat?post=37009"},{"taxonomy":"product_tag","embeddable":true,"href":"https:\/\/nordicmart.andreevmaster.com\/fi\/wp-json\/wp\/v2\/product_tag?post=37009"}],"curies":[{"name":"wp","href":"https:\/\/api.w.org\/{rel}","templated":true}]}}