{"id":37008,"date":"2026-02-27T00:37:00","date_gmt":"2026-02-27T00:37:00","guid":{"rendered":"https:\/\/nordicmart.andreevmaster.com\/product\/little-tikes-cozy-truck-ride-on-pickup-truck-2\/"},"modified":"2026-02-27T09:54:10","modified_gmt":"2026-02-27T09:54:10","slug":"little-tikes-cozy-truck-ride-on-pickup-truck-2","status":"publish","type":"product","link":"https:\/\/nordicmart.andreevmaster.com\/fi\/tuote\/little-tikes-cozy-truck-ride-on-pickup-truck-2\/","title":{"rendered":"Little Tikes Cozy Truck Ride-On Pickup Truck"},"content":{"rendered":"<p>Little Tikes Black and Yellow Cozy Truck Pickup<\/p>\n<p>T\u00e4ydellinen lahja pienelle kuljettajalle mihin tahansa tilaisuuteen. Ihanteellinen pikkulapsille ja esikoululaisille! Auton etuosassa on iloinen hymyilev\u00e4 kasvot. Ajoneuvossa on korkea selk\u00e4noja ja toiselta puolelta avautuva ovi, joka helpottaa sis\u00e4\u00e4np\u00e4\u00e4sy\u00e4. Takana oleva s\u00e4ilytyslokero ja alas avautuva takaluukku mahdollistavat lempilelujen kuljettamisen mukana! Aivan kuin oikeassa pickup-autossa. Lis\u00e4ksi irrotettava lattia mahdollistaa pienempien lasten kuljettamisen, ja ajoneuvon takana oleva kahva helpottaa ajamista! Ohjauspaneeliin kuuluu ohjauspy\u00f6r\u00e4, jossa on erottuva \u00e4\u00e4ni tuottava torvi. T\u00e4ydellinen sek\u00e4 sis\u00e4- ett\u00e4 ulkok\u00e4ytt\u00f6\u00f6n! Ajoneuvo on mallinnettu Cozy Coupe -sarjan ajoneuvoista, jotka ovat tunnettuja kest\u00e4vyydest\u00e4\u00e4n ja korkealaatuisesta muovista. Se palvelee lasta pitk\u00e4\u00e4n! Lelu on tarkoitettu 18 kuukauden ik\u00e4isille ja sit\u00e4 vanhemmille lapsille.<\/p>\n","protected":false},"excerpt":{"rendered":"<p>Little Tikes Black and Yellow Cozy Truck Pickup T\u00e4ydellinen lahja pienelle kuljettajalle mihin tahansa tilaisuuteen. Ihanteellinen pikkulapsille ja esikoululaisille! Auton etuosassa on iloinen hymyilev\u00e4 kasvot. Ajoneuvossa on korkea selk\u00e4noja ja toiselta puolelta avautuva ovi, joka helpottaa sis\u00e4\u00e4np\u00e4\u00e4sy\u00e4. Takana oleva s\u00e4ilytyslokero ja alas avautuva takaluukku mahdollistavat lempilelujen kuljettamisen mukana! Aivan kuin oikeassa pickup-autossa. Lis\u00e4ksi irrotettava lattia [&hellip;]<\/p>\n","protected":false},"featured_media":0,"comment_status":"open","ping_status":"closed","template":"","meta":[],"product_brand":[],"product_cat":[32],"product_tag":[],"class_list":{"0":"post-37008","1":"product","2":"type-product","3":"status-publish","5":"product_cat-uncategorized-fi","7":"first","8":"instock","9":"shipping-taxable","10":"purchasable","11":"product-type-simple"},"_links":{"self":[{"href":"https:\/\/nordicmart.andreevmaster.com\/fi\/wp-json\/wp\/v2\/product\/37008","targetHints":{"allow":["GET"]}}],"collection":[{"href":"https:\/\/nordicmart.andreevmaster.com\/fi\/wp-json\/wp\/v2\/product"}],"about":[{"href":"https:\/\/nordicmart.andreevmaster.com\/fi\/wp-json\/wp\/v2\/types\/product"}],"replies":[{"embeddable":true,"href":"https:\/\/nordicmart.andreevmaster.com\/fi\/wp-json\/wp\/v2\/comments?post=37008"}],"wp:attachment":[{"href":"https:\/\/nordicmart.andreevmaster.com\/fi\/wp-json\/wp\/v2\/media?parent=37008"}],"wp:term":[{"taxonomy":"product_brand","embeddable":true,"href":"https:\/\/nordicmart.andreevmaster.com\/fi\/wp-json\/wp\/v2\/product_brand?post=37008"},{"taxonomy":"product_cat","embeddable":true,"href":"https:\/\/nordicmart.andreevmaster.com\/fi\/wp-json\/wp\/v2\/product_cat?post=37008"},{"taxonomy":"product_tag","embeddable":true,"href":"https:\/\/nordicmart.andreevmaster.com\/fi\/wp-json\/wp\/v2\/product_tag?post=37008"}],"curies":[{"name":"wp","href":"https:\/\/api.w.org\/{rel}","templated":true}]}}