{"id":37007,"date":"2026-02-27T00:37:00","date_gmt":"2026-02-27T00:37:00","guid":{"rendered":"https:\/\/nordicmart.andreevmaster.com\/product\/big-dino-rocker-keinutuoli-kaannettava-keinu\/"},"modified":"2026-02-27T09:54:10","modified_gmt":"2026-02-27T09:54:10","slug":"big-dino-rocker-keinutuoli-kaannettava-keinu","status":"publish","type":"product","link":"https:\/\/nordicmart.andreevmaster.com\/fi\/tuote\/big-dino-rocker-keinutuoli-kaannettava-keinu\/","title":{"rendered":"BIG Dino Rocker keinutuoli, k\u00e4\u00e4nnett\u00e4v\u00e4 keinu"},"content":{"rendered":"<p>Sammy Dino Rocker -keinu on suunniteltu 1-vuotiaille ja sit\u00e4 vanhemmille lapsille. Sen ergonomiset istuimet takaavat mukavuuden my\u00f6s pidempien keinujen aikana. Keskimm\u00e4isell\u00e4 istuimella yksi lapsi voi leikki\u00e4 yksin, kun taas kolmella istuimella sisarukset tai yst\u00e4v\u00e4t voivat leikki\u00e4 yhdess\u00e4.Ominaisuudet:<\/p>\n<p>* K\u00e4\u00e4nnett\u00e4v\u00e4 malli \u2013 sopii sek\u00e4 keinumiseen ett\u00e4 keinumiseen kuin keinuhevonen<br \/>\n* UV-suodatin \u2013 kaunis vihre\u00e4 v\u00e4ri ei haalistu edes vuosien ulkok\u00e4yt\u00f6n j\u00e4lkeen<br \/>\n* Kest\u00e4v\u00e4 materiaali \u2013 vaurioita kest\u00e4v\u00e4, turvallinen ja myrkyt\u00f6n<br \/>\n* 3 istuinta \u2013 keinu kasvaa lapsen mukana ja sopii erinomaisesti yhdess\u00e4 leikkimiseen<br \/>\n* Py\u00f6ristetyt reunat \u2013 turvallisuutta my\u00f6s pienimmille k\u00e4ytt\u00e4jille<br \/>\n* Vakaa kahva \u2013 lapsesi voi pit\u00e4\u00e4 siit\u00e4 tukevasti kiinni leikkiess\u00e4\u00e4n<br \/>\n* Enimm\u00e4iskuormitus 50 kg<\/p>\n<p>Sammy Dino Rocker on kevyt ja helppo kuljettaa \u2013 voit asettaa sen puutarhaan, terassille tai lastenhuoneeseen. Ihanteellinen sek\u00e4 sis\u00e4- ett\u00e4 ulkok\u00e4ytt\u00f6\u00f6n.<\/p>\n","protected":false},"excerpt":{"rendered":"<p>Sammy Dino Rocker -keinu on suunniteltu 1-vuotiaille ja sit\u00e4 vanhemmille lapsille. Sen ergonomiset istuimet takaavat mukavuuden my\u00f6s pidempien keinujen aikana. Keskimm\u00e4isell\u00e4 istuimella yksi lapsi voi leikki\u00e4 yksin, kun taas kolmella istuimella sisarukset tai yst\u00e4v\u00e4t voivat leikki\u00e4 yhdess\u00e4.Ominaisuudet: * K\u00e4\u00e4nnett\u00e4v\u00e4 malli \u2013 sopii sek\u00e4 keinumiseen ett\u00e4 keinumiseen kuin keinuhevonen * UV-suodatin \u2013 kaunis vihre\u00e4 v\u00e4ri ei [&hellip;]<\/p>\n","protected":false},"featured_media":0,"comment_status":"open","ping_status":"closed","template":"","meta":[],"product_brand":[],"product_cat":[32],"product_tag":[],"class_list":{"0":"post-37007","1":"product","2":"type-product","3":"status-publish","5":"product_cat-uncategorized-fi","7":"first","8":"instock","9":"shipping-taxable","10":"purchasable","11":"product-type-simple"},"_links":{"self":[{"href":"https:\/\/nordicmart.andreevmaster.com\/fi\/wp-json\/wp\/v2\/product\/37007","targetHints":{"allow":["GET"]}}],"collection":[{"href":"https:\/\/nordicmart.andreevmaster.com\/fi\/wp-json\/wp\/v2\/product"}],"about":[{"href":"https:\/\/nordicmart.andreevmaster.com\/fi\/wp-json\/wp\/v2\/types\/product"}],"replies":[{"embeddable":true,"href":"https:\/\/nordicmart.andreevmaster.com\/fi\/wp-json\/wp\/v2\/comments?post=37007"}],"wp:attachment":[{"href":"https:\/\/nordicmart.andreevmaster.com\/fi\/wp-json\/wp\/v2\/media?parent=37007"}],"wp:term":[{"taxonomy":"product_brand","embeddable":true,"href":"https:\/\/nordicmart.andreevmaster.com\/fi\/wp-json\/wp\/v2\/product_brand?post=37007"},{"taxonomy":"product_cat","embeddable":true,"href":"https:\/\/nordicmart.andreevmaster.com\/fi\/wp-json\/wp\/v2\/product_cat?post=37007"},{"taxonomy":"product_tag","embeddable":true,"href":"https:\/\/nordicmart.andreevmaster.com\/fi\/wp-json\/wp\/v2\/product_tag?post=37007"}],"curies":[{"name":"wp","href":"https:\/\/api.w.org\/{rel}","templated":true}]}}