{"id":37006,"date":"2026-02-27T00:36:59","date_gmt":"2026-02-27T00:36:59","guid":{"rendered":"https:\/\/nordicmart.andreevmaster.com\/product\/big-vesisuihku-shell-shower-vesileikkia-2-vuotiaille-lapsille\/"},"modified":"2026-02-27T09:54:10","modified_gmt":"2026-02-27T09:54:10","slug":"big-vesisuihku-shell-shower-vesileikkia-2-vuotiaille-lapsille","status":"publish","type":"product","link":"https:\/\/nordicmart.andreevmaster.com\/fi\/tuote\/big-vesisuihku-shell-shower-vesileikkia-2-vuotiaille-lapsille\/","title":{"rendered":"BIG Vesisuihku Shell Shower Vesileikki\u00e4 2+ -vuotiaille lapsille"},"content":{"rendered":"<p>Saksalaisen BIG-yrityksen Shell-vesisuihku on virkist\u00e4v\u00e4\u00e4 vesileikki\u00e4 2-vuotiaille ja sit\u00e4 vanhemmille lapsille. BIG Splash Shower on kevyt, joten lapsi voi kantaa sit\u00e4 mukanaan. Sis\u00e4\u00e4nrakennettu paineventtiili auttaa s\u00e4\u00e4st\u00e4m\u00e4\u00e4n vett\u00e4 k\u00e4yt\u00f6n aikana. Vesi suihkuaa yl\u00f6sp\u00e4in vasta, kun astuu liukumattomalle pinnalle, paine heikkenee ja veden virtaus pys\u00e4htyy automaattisesti, kun astuu pois kuoresta. Tuote on valmistettu kest\u00e4v\u00e4st\u00e4 ja ymp\u00e4rist\u00f6yst\u00e4v\u00e4llisest\u00e4 muovista. Vakiomallisen letkuliit\u00e4nn\u00e4n ansiosta suihku on nopea ja helppo asentaa. Ominaisuudet: * &#8211; 2-vuotiaille ja sit\u00e4 vanhemmille lapsille, * &#8211; ihanteellinen kes\u00e4n ulkoiluun, * &#8211; sopii useimpiin puutarhan hanoihin,* &#8211; valmistettu korkealaatuisista materiaaleista,<br \/>\n* &#8211; kevyt ja helppo kuljettaa,<br \/>\n* &#8211; kuoressa on luistamaton pinta,<br \/>\n* &#8211; vesi roiskuu vain, kun astut kuorelle.<\/p>\n","protected":false},"excerpt":{"rendered":"<p>Saksalaisen BIG-yrityksen Shell-vesisuihku on virkist\u00e4v\u00e4\u00e4 vesileikki\u00e4 2-vuotiaille ja sit\u00e4 vanhemmille lapsille. BIG Splash Shower on kevyt, joten lapsi voi kantaa sit\u00e4 mukanaan. Sis\u00e4\u00e4nrakennettu paineventtiili auttaa s\u00e4\u00e4st\u00e4m\u00e4\u00e4n vett\u00e4 k\u00e4yt\u00f6n aikana. Vesi suihkuaa yl\u00f6sp\u00e4in vasta, kun astuu liukumattomalle pinnalle, paine heikkenee ja veden virtaus pys\u00e4htyy automaattisesti, kun astuu pois kuoresta. Tuote on valmistettu kest\u00e4v\u00e4st\u00e4 ja ymp\u00e4rist\u00f6yst\u00e4v\u00e4llisest\u00e4 muovista. [&hellip;]<\/p>\n","protected":false},"featured_media":0,"comment_status":"open","ping_status":"closed","template":"","meta":[],"product_brand":[],"product_cat":[32],"product_tag":[],"class_list":{"0":"post-37006","1":"product","2":"type-product","3":"status-publish","5":"product_cat-uncategorized-fi","7":"first","8":"instock","9":"shipping-taxable","10":"purchasable","11":"product-type-simple"},"_links":{"self":[{"href":"https:\/\/nordicmart.andreevmaster.com\/fi\/wp-json\/wp\/v2\/product\/37006","targetHints":{"allow":["GET"]}}],"collection":[{"href":"https:\/\/nordicmart.andreevmaster.com\/fi\/wp-json\/wp\/v2\/product"}],"about":[{"href":"https:\/\/nordicmart.andreevmaster.com\/fi\/wp-json\/wp\/v2\/types\/product"}],"replies":[{"embeddable":true,"href":"https:\/\/nordicmart.andreevmaster.com\/fi\/wp-json\/wp\/v2\/comments?post=37006"}],"wp:attachment":[{"href":"https:\/\/nordicmart.andreevmaster.com\/fi\/wp-json\/wp\/v2\/media?parent=37006"}],"wp:term":[{"taxonomy":"product_brand","embeddable":true,"href":"https:\/\/nordicmart.andreevmaster.com\/fi\/wp-json\/wp\/v2\/product_brand?post=37006"},{"taxonomy":"product_cat","embeddable":true,"href":"https:\/\/nordicmart.andreevmaster.com\/fi\/wp-json\/wp\/v2\/product_cat?post=37006"},{"taxonomy":"product_tag","embeddable":true,"href":"https:\/\/nordicmart.andreevmaster.com\/fi\/wp-json\/wp\/v2\/product_tag?post=37006"}],"curies":[{"name":"wp","href":"https:\/\/api.w.org\/{rel}","templated":true}]}}