{"id":37005,"date":"2026-02-27T00:36:59","date_gmt":"2026-02-27T00:36:59","guid":{"rendered":"https:\/\/nordicmart.andreevmaster.com\/product\/big-bobby-car-ajelulelu-jossa-on-selkanoja-ja-turvaominaisuus\/"},"modified":"2026-02-27T09:54:10","modified_gmt":"2026-02-27T09:54:10","slug":"big-bobby-car-ajelulelu-jossa-on-selkanoja-ja-turvaominaisuus","status":"publish","type":"product","link":"https:\/\/nordicmart.andreevmaster.com\/fi\/tuote\/big-bobby-car-ajelulelu-jossa-on-selkanoja-ja-turvaominaisuus\/","title":{"rendered":"BIG Bobby Car -ajelulelu, jossa on selk\u00e4noja ja turvaominaisuus"},"content":{"rendered":"<p>Upea tanko selk\u00e4nojalla ja turvaominaisuudella Bobby Car -ajeluleluille tunnetulta lelujen valmistajalta BIG. Se on t\u00e4ydellinen ja k\u00e4yt\u00e4nn\u00f6llinen lis\u00e4 lapsesi ajeluleluun. Asennus ja irrottaminen on nopeaa ja helppoa. <\/p>\n<p>Ominaisuudet: <\/p>\n<p>* S\u00e4\u00e4dett\u00e4v\u00e4 pituus 88\u2013108 cm. Asennus ja irrottaminen on nopeaa ja helppoa.* T\u00e4ydellinen k\u00e4velyretkille tukemaan lapsen v\u00e4syneit\u00e4 jalkoja. Mukava selk\u00e4noja tarkoittaa, ett\u00e4 jopa pienimm\u00e4t lapset, jotka ovat vasta oppimassa tasapainoa, voivat k\u00e4ytt\u00e4\u00e4 ajettavia leluja. Turvallisuusominaisuus suojaa lasta putoamiselta tai kaatumiselta ajon aikana. Koko tuote on valmistettu korkealaatuisista materiaaleista, jotka ovat turvallisia lapsille ja helppoja pit\u00e4\u00e4 puhtaina.<\/p>\n","protected":false},"excerpt":{"rendered":"<p>Upea tanko selk\u00e4nojalla ja turvaominaisuudella Bobby Car -ajeluleluille tunnetulta lelujen valmistajalta BIG. Se on t\u00e4ydellinen ja k\u00e4yt\u00e4nn\u00f6llinen lis\u00e4 lapsesi ajeluleluun. Asennus ja irrottaminen on nopeaa ja helppoa. Ominaisuudet: * S\u00e4\u00e4dett\u00e4v\u00e4 pituus 88\u2013108 cm. Asennus ja irrottaminen on nopeaa ja helppoa.* T\u00e4ydellinen k\u00e4velyretkille tukemaan lapsen v\u00e4syneit\u00e4 jalkoja. Mukava selk\u00e4noja tarkoittaa, ett\u00e4 jopa pienimm\u00e4t lapset, jotka ovat [&hellip;]<\/p>\n","protected":false},"featured_media":0,"comment_status":"open","ping_status":"closed","template":"","meta":[],"product_brand":[],"product_cat":[32],"product_tag":[],"class_list":{"0":"post-37005","1":"product","2":"type-product","3":"status-publish","5":"product_cat-uncategorized-fi","7":"first","8":"instock","9":"shipping-taxable","10":"purchasable","11":"product-type-simple"},"_links":{"self":[{"href":"https:\/\/nordicmart.andreevmaster.com\/fi\/wp-json\/wp\/v2\/product\/37005","targetHints":{"allow":["GET"]}}],"collection":[{"href":"https:\/\/nordicmart.andreevmaster.com\/fi\/wp-json\/wp\/v2\/product"}],"about":[{"href":"https:\/\/nordicmart.andreevmaster.com\/fi\/wp-json\/wp\/v2\/types\/product"}],"replies":[{"embeddable":true,"href":"https:\/\/nordicmart.andreevmaster.com\/fi\/wp-json\/wp\/v2\/comments?post=37005"}],"wp:attachment":[{"href":"https:\/\/nordicmart.andreevmaster.com\/fi\/wp-json\/wp\/v2\/media?parent=37005"}],"wp:term":[{"taxonomy":"product_brand","embeddable":true,"href":"https:\/\/nordicmart.andreevmaster.com\/fi\/wp-json\/wp\/v2\/product_brand?post=37005"},{"taxonomy":"product_cat","embeddable":true,"href":"https:\/\/nordicmart.andreevmaster.com\/fi\/wp-json\/wp\/v2\/product_cat?post=37005"},{"taxonomy":"product_tag","embeddable":true,"href":"https:\/\/nordicmart.andreevmaster.com\/fi\/wp-json\/wp\/v2\/product_tag?post=37005"}],"curies":[{"name":"wp","href":"https:\/\/api.w.org\/{rel}","templated":true}]}}