{"id":37004,"date":"2026-02-27T00:36:59","date_gmt":"2026-02-27T00:36:59","guid":{"rendered":"https:\/\/nordicmart.andreevmaster.com\/product\/big-bobby-quad-racing-ajoleikkikalu-musta\/"},"modified":"2026-02-27T09:54:09","modified_gmt":"2026-02-27T09:54:09","slug":"big-bobby-quad-racing-ajoleikkikalu-musta","status":"publish","type":"product","link":"https:\/\/nordicmart.andreevmaster.com\/fi\/tuote\/big-bobby-quad-racing-ajoleikkikalu-musta\/","title":{"rendered":"BIG Bobby Quad Racing -ajoleikkikalu, musta"},"content":{"rendered":"<p>Tunnettu BIG-yrityksen Bobby Quad Racing -ajoleikki on ajoneuvo, joka muistuttaa aitoa m\u00f6nkij\u00e4\u00e4. Se on vakaa ja turvallinen \u2013 ihanteellinen lapsille, jotka ovat vasta aloittamassa seikkailuaan ajoneuvojen parissa. Se on suunniteltu niin, ett\u00e4 lapset voivat kokeilla ja kehitt\u00e4\u00e4 uusia taitoja \u2013 nousemista, poistumista, liikkeellel\u00e4ht\u00f6\u00e4 ja ohjaamista. Se on t\u00e4ydellinen lahja 3-vuotiaille ja sit\u00e4 vanhemmille lapsille.Ominaisuudet:<\/p>\n<p>* &#8211; ajettava lelu on varustettu hiljaisilla py\u00f6rill\u00e4, jotka toimivat t\u00e4ydellisesti eri pinnoilla,<br \/>\n* &#8211; lis\u00e4ksi etupy\u00f6r\u00e4t ovat k\u00e4\u00e4ntyvi\u00e4, mik\u00e4 tekee ohjauksesta ja k\u00e4\u00e4ntymisest\u00e4 mukavampaa,<br \/>\n* &#8211; siin\u00e4 on erityiset hiljaiset muovipy\u00f6r\u00e4t, vetomekanismi edess\u00e4, per\u00e4koukku ja torvi,* &#8211; ajettavissa olevan lelun kest\u00e4v\u00e4 rakenne takaa pitk\u00e4n k\u00e4ytt\u00f6i\u00e4n,<br \/>\n* &#8211; kehitt\u00e4\u00e4 lapsen motorisia taitoja,<br \/>\n* &#8211; tarkoitettu 3-vuotiaille ja sit\u00e4 vanhemmille lapsille.<\/p>\n","protected":false},"excerpt":{"rendered":"<p>Tunnettu BIG-yrityksen Bobby Quad Racing -ajoleikki on ajoneuvo, joka muistuttaa aitoa m\u00f6nkij\u00e4\u00e4. Se on vakaa ja turvallinen \u2013 ihanteellinen lapsille, jotka ovat vasta aloittamassa seikkailuaan ajoneuvojen parissa. Se on suunniteltu niin, ett\u00e4 lapset voivat kokeilla ja kehitt\u00e4\u00e4 uusia taitoja \u2013 nousemista, poistumista, liikkeellel\u00e4ht\u00f6\u00e4 ja ohjaamista. Se on t\u00e4ydellinen lahja 3-vuotiaille ja sit\u00e4 vanhemmille lapsille.Ominaisuudet: * [&hellip;]<\/p>\n","protected":false},"featured_media":0,"comment_status":"open","ping_status":"closed","template":"","meta":[],"product_brand":[],"product_cat":[32],"product_tag":[],"class_list":{"0":"post-37004","1":"product","2":"type-product","3":"status-publish","5":"product_cat-uncategorized-fi","7":"first","8":"instock","9":"shipping-taxable","10":"purchasable","11":"product-type-simple"},"_links":{"self":[{"href":"https:\/\/nordicmart.andreevmaster.com\/fi\/wp-json\/wp\/v2\/product\/37004","targetHints":{"allow":["GET"]}}],"collection":[{"href":"https:\/\/nordicmart.andreevmaster.com\/fi\/wp-json\/wp\/v2\/product"}],"about":[{"href":"https:\/\/nordicmart.andreevmaster.com\/fi\/wp-json\/wp\/v2\/types\/product"}],"replies":[{"embeddable":true,"href":"https:\/\/nordicmart.andreevmaster.com\/fi\/wp-json\/wp\/v2\/comments?post=37004"}],"wp:attachment":[{"href":"https:\/\/nordicmart.andreevmaster.com\/fi\/wp-json\/wp\/v2\/media?parent=37004"}],"wp:term":[{"taxonomy":"product_brand","embeddable":true,"href":"https:\/\/nordicmart.andreevmaster.com\/fi\/wp-json\/wp\/v2\/product_brand?post=37004"},{"taxonomy":"product_cat","embeddable":true,"href":"https:\/\/nordicmart.andreevmaster.com\/fi\/wp-json\/wp\/v2\/product_cat?post=37004"},{"taxonomy":"product_tag","embeddable":true,"href":"https:\/\/nordicmart.andreevmaster.com\/fi\/wp-json\/wp\/v2\/product_tag?post=37004"}],"curies":[{"name":"wp","href":"https:\/\/api.w.org\/{rel}","templated":true}]}}