{"id":37003,"date":"2026-02-27T00:36:58","date_gmt":"2026-02-27T00:36:58","guid":{"rendered":"https:\/\/nordicmart.andreevmaster.com\/product\/big-pink-bobby-car-neo-pink-push-toy-for-children-2\/"},"modified":"2026-02-27T09:54:09","modified_gmt":"2026-02-27T09:54:09","slug":"big-pink-bobby-car-neo-pink-push-toy-for-children-2","status":"publish","type":"product","link":"https:\/\/nordicmart.andreevmaster.com\/fi\/tuote\/big-pink-bobby-car-neo-pink-push-toy-for-children-2\/","title":{"rendered":"BIG Pink Bobby Car Neo Pink Push Toy for Children"},"content":{"rendered":"<p>BIGin lippulaivatuote \u2013 ergonominen, tukeva ja vaikuttava Big Bobby Car -ajelulelu. Ajelulelu on suunniteltu jo ensimm\u00e4iset askeleensa ottaneille pikkulapsille. Se on rakennettu niin, ett\u00e4 lapset voivat kokeilla ja kehitt\u00e4\u00e4 uusia taitoja \u2013 nousemista, poistumista, ty\u00f6nt\u00e4mist\u00e4 ja ohjaamista.Ominaisuudet:<\/p>\n<p>* ohjattavat, hiljaiset py\u00f6r\u00e4t,<br \/>\n* hyvin muotoiltu, turvallinen ohjauspy\u00f6r\u00e4 \u00e4\u00e4nimerkill\u00e4,<br \/>\n* matala painopiste,<br \/>\n* vetokoukku edess\u00e4,<br \/>\n* per\u00e4koukku takana, enemm\u00e4n jalkatilaa ja polvitukea vanhemmille lapsille verrattuna Classic-versioon,<br \/>\n* lis\u00e4ksi etupy\u00f6r\u00e4t ovat k\u00e4\u00e4ntyvi\u00e4, mik\u00e4 tekee ohjauksesta ja k\u00e4\u00e4ntymisest\u00e4 mukavampaa.<\/p>\n","protected":false},"excerpt":{"rendered":"<p>BIGin lippulaivatuote \u2013 ergonominen, tukeva ja vaikuttava Big Bobby Car -ajelulelu. Ajelulelu on suunniteltu jo ensimm\u00e4iset askeleensa ottaneille pikkulapsille. Se on rakennettu niin, ett\u00e4 lapset voivat kokeilla ja kehitt\u00e4\u00e4 uusia taitoja \u2013 nousemista, poistumista, ty\u00f6nt\u00e4mist\u00e4 ja ohjaamista.Ominaisuudet: * ohjattavat, hiljaiset py\u00f6r\u00e4t, * hyvin muotoiltu, turvallinen ohjauspy\u00f6r\u00e4 \u00e4\u00e4nimerkill\u00e4, * matala painopiste, * vetokoukku edess\u00e4, * per\u00e4koukku [&hellip;]<\/p>\n","protected":false},"featured_media":0,"comment_status":"open","ping_status":"closed","template":"","meta":[],"product_brand":[],"product_cat":[32],"product_tag":[],"class_list":{"0":"post-37003","1":"product","2":"type-product","3":"status-publish","5":"product_cat-uncategorized-fi","7":"first","8":"instock","9":"shipping-taxable","10":"purchasable","11":"product-type-simple"},"_links":{"self":[{"href":"https:\/\/nordicmart.andreevmaster.com\/fi\/wp-json\/wp\/v2\/product\/37003","targetHints":{"allow":["GET"]}}],"collection":[{"href":"https:\/\/nordicmart.andreevmaster.com\/fi\/wp-json\/wp\/v2\/product"}],"about":[{"href":"https:\/\/nordicmart.andreevmaster.com\/fi\/wp-json\/wp\/v2\/types\/product"}],"replies":[{"embeddable":true,"href":"https:\/\/nordicmart.andreevmaster.com\/fi\/wp-json\/wp\/v2\/comments?post=37003"}],"wp:attachment":[{"href":"https:\/\/nordicmart.andreevmaster.com\/fi\/wp-json\/wp\/v2\/media?parent=37003"}],"wp:term":[{"taxonomy":"product_brand","embeddable":true,"href":"https:\/\/nordicmart.andreevmaster.com\/fi\/wp-json\/wp\/v2\/product_brand?post=37003"},{"taxonomy":"product_cat","embeddable":true,"href":"https:\/\/nordicmart.andreevmaster.com\/fi\/wp-json\/wp\/v2\/product_cat?post=37003"},{"taxonomy":"product_tag","embeddable":true,"href":"https:\/\/nordicmart.andreevmaster.com\/fi\/wp-json\/wp\/v2\/product_tag?post=37003"}],"curies":[{"name":"wp","href":"https:\/\/api.w.org\/{rel}","templated":true}]}}