{"id":37002,"date":"2026-02-27T00:36:58","date_gmt":"2026-02-27T00:36:58","guid":{"rendered":"https:\/\/nordicmart.andreevmaster.com\/product\/big-bobby-car-neo-anthrazit-2\/"},"modified":"2026-02-27T09:54:09","modified_gmt":"2026-02-27T09:54:09","slug":"big-bobby-car-neo-anthrazit-2","status":"publish","type":"product","link":"https:\/\/nordicmart.andreevmaster.com\/fi\/tuote\/big-bobby-car-neo-anthrazit-2\/","title":{"rendered":"BIG Bobby Car Neo Anthrazit"},"content":{"rendered":"<p>Tunnettu saksalainen BIG-br\u00e4ndi esittelee upean tuotteen \u2013 ergonomisen, tukevan ja vaikuttavan Big Bobby Car Neo -ajelulelun. Ajelulelu on suunniteltu pikkulapsille, jotka ovat vasta aloittamassa k\u00e4velyn oppimisen. Se on rakennettu niin, ett\u00e4 lapset voivat kokeilla ja kehitt\u00e4\u00e4 uusia taitoja \u2013 nousemista, poistumista, ty\u00f6nt\u00e4mist\u00e4 ja ohjaamista.Ominaisuudet:<\/p>\n<p>* &#8211; ohjattavat, hiljaiset py\u00f6r\u00e4t,<br \/>\n* &#8211; hyvin muotoiltu, turvallinen ohjauspy\u00f6r\u00e4, jossa on \u00e4\u00e4nimerkki,<br \/>\n* &#8211; matala painopiste,<br \/>\n* &#8211; vetokoukku edess\u00e4 ja per\u00e4koukku takana, enemm\u00e4n jalkatilaa,<br \/>\n* &#8211; lis\u00e4ksi etupy\u00f6r\u00e4t ovat k\u00e4\u00e4ntyvi\u00e4, mik\u00e4 tekee ohjauksesta ja k\u00e4\u00e4ntymisest\u00e4 mukavampaa,* &#8211; istuimen pinta on karhea, mik\u00e4 est\u00e4\u00e4 liukumisen ja lis\u00e4\u00e4 turvallisuutta,<br \/>\n* &#8211; pienimm\u00e4t lapset voivat laittaa jalkansa py\u00f6r\u00e4nkaarille ja ajaa vanhempiensa avustuksella, ja sitten alkaa ty\u00f6nt\u00e4\u00e4 ja liikkua itse,<br \/>\n* &#8211; sarja sis\u00e4lt\u00e4\u00e4 kaksi paria vanteita ja \u00e4\u00e4nimerkin kahdessa v\u00e4riss\u00e4: sininen ja vaaleanpunainen.<\/p>\n<p>BIG kuuluu suureen Simba Dickie -konserniin. Tuotesarja sis\u00e4lt\u00e4\u00e4 laajan valikoiman innovatiivisia leluja, jotka stimuloivat lasten motorista kehityst\u00e4. BIG-tuotteet tarjoavat monia leikkideoita. Valikoimaan kuuluu autoja, ajettavia leluja, keinuleluja, traktoreita, veneit\u00e4, liukum\u00e4ki\u00e4, kelluvia leluja ja hiekkalaatikoita. BIG-lelut ovat eritt\u00e4in korkealaatuisia. Ne valmistetaan Saksassa korkealaatuisista UV-kest\u00e4vist\u00e4 materiaaleista. Lelujemme turvallisuus on taattu ja vahvistettu LGA\/T\u00dcV-testeill\u00e4.<\/p>\n","protected":false},"excerpt":{"rendered":"<p>Tunnettu saksalainen BIG-br\u00e4ndi esittelee upean tuotteen \u2013 ergonomisen, tukevan ja vaikuttavan Big Bobby Car Neo -ajelulelun. Ajelulelu on suunniteltu pikkulapsille, jotka ovat vasta aloittamassa k\u00e4velyn oppimisen. Se on rakennettu niin, ett\u00e4 lapset voivat kokeilla ja kehitt\u00e4\u00e4 uusia taitoja \u2013 nousemista, poistumista, ty\u00f6nt\u00e4mist\u00e4 ja ohjaamista.Ominaisuudet: * &#8211; ohjattavat, hiljaiset py\u00f6r\u00e4t, * &#8211; hyvin muotoiltu, turvallinen ohjauspy\u00f6r\u00e4, [&hellip;]<\/p>\n","protected":false},"featured_media":0,"comment_status":"open","ping_status":"closed","template":"","meta":[],"product_brand":[],"product_cat":[32],"product_tag":[],"class_list":{"0":"post-37002","1":"product","2":"type-product","3":"status-publish","5":"product_cat-uncategorized-fi","7":"first","8":"instock","9":"shipping-taxable","10":"purchasable","11":"product-type-simple"},"_links":{"self":[{"href":"https:\/\/nordicmart.andreevmaster.com\/fi\/wp-json\/wp\/v2\/product\/37002","targetHints":{"allow":["GET"]}}],"collection":[{"href":"https:\/\/nordicmart.andreevmaster.com\/fi\/wp-json\/wp\/v2\/product"}],"about":[{"href":"https:\/\/nordicmart.andreevmaster.com\/fi\/wp-json\/wp\/v2\/types\/product"}],"replies":[{"embeddable":true,"href":"https:\/\/nordicmart.andreevmaster.com\/fi\/wp-json\/wp\/v2\/comments?post=37002"}],"wp:attachment":[{"href":"https:\/\/nordicmart.andreevmaster.com\/fi\/wp-json\/wp\/v2\/media?parent=37002"}],"wp:term":[{"taxonomy":"product_brand","embeddable":true,"href":"https:\/\/nordicmart.andreevmaster.com\/fi\/wp-json\/wp\/v2\/product_brand?post=37002"},{"taxonomy":"product_cat","embeddable":true,"href":"https:\/\/nordicmart.andreevmaster.com\/fi\/wp-json\/wp\/v2\/product_cat?post=37002"},{"taxonomy":"product_tag","embeddable":true,"href":"https:\/\/nordicmart.andreevmaster.com\/fi\/wp-json\/wp\/v2\/product_tag?post=37002"}],"curies":[{"name":"wp","href":"https:\/\/api.w.org\/{rel}","templated":true}]}}