{"id":37001,"date":"2026-02-27T00:36:58","date_gmt":"2026-02-27T00:36:58","guid":{"rendered":"https:\/\/nordicmart.andreevmaster.com\/product\/big-blue-bobby-car-neo-blue-2\/"},"modified":"2026-02-27T09:54:09","modified_gmt":"2026-02-27T09:54:09","slug":"big-blue-bobby-car-neo-blue-2","status":"publish","type":"product","link":"https:\/\/nordicmart.andreevmaster.com\/fi\/tuote\/big-blue-bobby-car-neo-blue-2\/","title":{"rendered":"BIG Blue Bobby Car Neo Blue"},"content":{"rendered":"<p>BIG:n lippulaivatuote \u2013 ergonominen, tukeva ja vaikuttava Big Bobby Car -ajelulelu. Ajelulelu on suunniteltu jo ensimm\u00e4iset askeleensa ottaneille pikkulapsille. Se on rakennettu niin, ett\u00e4 lapset voivat kokeilla ja kehitt\u00e4\u00e4 uusia taitoja \u2013 nousemista, poistumista, ty\u00f6nt\u00e4mist\u00e4 ja ohjaamista. <\/p>\n<p>Ominaisuudet: <\/p>\n<p>* ohjattavat, hiljaiset py\u00f6r\u00e4t.* Hyvin muotoiltu, turvallinen ohjauspy\u00f6r\u00e4, jossa on \u00e4\u00e4nimerkki.<br \/>\n* Matala painopiste.<br \/>\n* Vetokoukku edess\u00e4.* Vetokoukku takana, enemm\u00e4n jalkatilaa ja polvitukea vanhemmille lapsille verrattuna Classic-versioon. * Lis\u00e4ksi etupy\u00f6r\u00e4t ovat k\u00e4\u00e4ntyvi\u00e4, mik\u00e4 tekee ohjauksesta ja k\u00e4\u00e4ntymisest\u00e4 mukavampaa. BIG kuuluu suureen Simba Dickie -konserniin. Tuotevalikoima sis\u00e4lt\u00e4\u00e4 laajan valikoiman innovatiivisia leluja, jotka stimuloivat lasten motorista kehityst\u00e4. BIG-tuotteet tarjoavat monia leikkideoita. Valikoimaan kuuluu autoja, ajettavissa olevia leluja, keinuleluja, traktoreita, veneit\u00e4, liukum\u00e4ki\u00e4, kelluvia leluja ja hiekkalaatikoita. BIG-lelut ovat eritt\u00e4in korkealaatuisia. Ne valmistetaan Saksassa korkealaatuisista UV-kest\u00e4vist\u00e4 materiaaleista. Lelujemme turvallisuus on taattu ja vahvistettu LGA\/T\u00dcV-testeill\u00e4.&lt;center&gt;&lt;iframe width=&#8221;465&#8243; height=&#8221;826&#8243; src=&#8221;https:\/\/www.youtube.com\/embed\/U7PeFTzRwWU&#8221; title=&#8221;Bobby Car Neo Blue BIG ajettava lelu&#8221; frameborder=&#8221;0&#8243; allow=&#8221;accelerometer; autoplay; clipboard-write; encrypted-media; gyroscope; picture-in-picture; web-share&#8221; allowfullscreen&gt;&lt;\/iframe&gt;&lt;\/center&gt;<\/p>\n","protected":false},"excerpt":{"rendered":"<p>BIG:n lippulaivatuote \u2013 ergonominen, tukeva ja vaikuttava Big Bobby Car -ajelulelu. Ajelulelu on suunniteltu jo ensimm\u00e4iset askeleensa ottaneille pikkulapsille. Se on rakennettu niin, ett\u00e4 lapset voivat kokeilla ja kehitt\u00e4\u00e4 uusia taitoja \u2013 nousemista, poistumista, ty\u00f6nt\u00e4mist\u00e4 ja ohjaamista. Ominaisuudet: * ohjattavat, hiljaiset py\u00f6r\u00e4t.* Hyvin muotoiltu, turvallinen ohjauspy\u00f6r\u00e4, jossa on \u00e4\u00e4nimerkki. * Matala painopiste. * Vetokoukku edess\u00e4.* [&hellip;]<\/p>\n","protected":false},"featured_media":0,"comment_status":"open","ping_status":"closed","template":"","meta":[],"product_brand":[],"product_cat":[32],"product_tag":[],"class_list":{"0":"post-37001","1":"product","2":"type-product","3":"status-publish","5":"product_cat-uncategorized-fi","7":"first","8":"instock","9":"shipping-taxable","10":"purchasable","11":"product-type-simple"},"_links":{"self":[{"href":"https:\/\/nordicmart.andreevmaster.com\/fi\/wp-json\/wp\/v2\/product\/37001","targetHints":{"allow":["GET"]}}],"collection":[{"href":"https:\/\/nordicmart.andreevmaster.com\/fi\/wp-json\/wp\/v2\/product"}],"about":[{"href":"https:\/\/nordicmart.andreevmaster.com\/fi\/wp-json\/wp\/v2\/types\/product"}],"replies":[{"embeddable":true,"href":"https:\/\/nordicmart.andreevmaster.com\/fi\/wp-json\/wp\/v2\/comments?post=37001"}],"wp:attachment":[{"href":"https:\/\/nordicmart.andreevmaster.com\/fi\/wp-json\/wp\/v2\/media?parent=37001"}],"wp:term":[{"taxonomy":"product_brand","embeddable":true,"href":"https:\/\/nordicmart.andreevmaster.com\/fi\/wp-json\/wp\/v2\/product_brand?post=37001"},{"taxonomy":"product_cat","embeddable":true,"href":"https:\/\/nordicmart.andreevmaster.com\/fi\/wp-json\/wp\/v2\/product_cat?post=37001"},{"taxonomy":"product_tag","embeddable":true,"href":"https:\/\/nordicmart.andreevmaster.com\/fi\/wp-json\/wp\/v2\/product_tag?post=37001"}],"curies":[{"name":"wp","href":"https:\/\/api.w.org\/{rel}","templated":true}]}}