{"id":37000,"date":"2026-02-27T00:36:58","date_gmt":"2026-02-27T00:36:58","guid":{"rendered":"https:\/\/nordicmart.andreevmaster.com\/product\/big-bobby-car-neo-red-2\/"},"modified":"2026-02-27T09:54:09","modified_gmt":"2026-02-27T09:54:09","slug":"big-bobby-car-neo-red-2","status":"publish","type":"product","link":"https:\/\/nordicmart.andreevmaster.com\/fi\/tuote\/big-bobby-car-neo-red-2\/","title":{"rendered":"BIG Bobby Car Neo Red"},"content":{"rendered":"<p>BIG:n lippulaivatuote \u2013 ergonominen, tukeva ja vaikuttava Big Bobby Car -ajelulelu. Ajelulelu on suunniteltu jo ensimm\u00e4iset askeleensa ottaneille pikkulapsille. Se on rakennettu niin, ett\u00e4 lapset voivat kokeilla ja kehitt\u00e4\u00e4 uusia taitoja \u2013 nousemista, poistumista, ty\u00f6nt\u00e4mist\u00e4 ja ohjaamista.Valmistaja tarjoaa ohjattavat, hiljaiset py\u00f6r\u00e4t, hyvin muotoillun, turvallisen ohjauspy\u00f6r\u00e4n \u00e4\u00e4nimerkill\u00e4, matalan painopisteen, vetokoukun edess\u00e4 ja per\u00e4koukun takana, enemm\u00e4n jalkatilaa ja polvitukea vanhemmille lapsille verrattuna Classic-versioon. Lis\u00e4ksi etupy\u00f6r\u00e4t ovat k\u00e4\u00e4ntyvi\u00e4, mik\u00e4 tekee ohjauksesta ja k\u00e4\u00e4ntymisest\u00e4 mukavampaa.<\/p>\n<p>Ominaisuudet:<\/p>\n<p>* ajettavissa olevan lelun kest\u00e4v\u00e4 rakenne takaa pitk\u00e4n k\u00e4ytt\u00f6i\u00e4n,<br \/>\n* ajettavissa olevassa lelussa on erityiset hiljaiset kumipy\u00f6r\u00e4t ja hyvin muotoiltu ohjauspy\u00f6r\u00e4, jossa on \u00e4\u00e4nimerkki,<br \/>\n* se on vakaa.<br \/>\n* k\u00e4\u00e4ntyv\u00e4t py\u00f6r\u00e4t takaavat erinomaisen pidon ja ohjattavuuden,<br \/>\n* suurin kuormitus enint\u00e4\u00e4n 50 kg.<\/p>\n<p>Saksalainen laatu ja luotettavuus \u2013 n\u00e4m\u00e4 kaksi termi\u00e4 kuvaavat tarkasti lelujen valmistajaa BIG. Yritys, jonka toimipaikka sijaitsee aivan maamme l\u00e4nsirajalla, on erikoistunut monenlaisiin leluihin. Erityisen huomionarvoisia ovat sen ajettavat lelut, mutta se tarjoaa my\u00f6s hiekkalaatikoita ja polkupy\u00f6ri\u00e4. Valikoimaan kuuluu my\u00f6s rakennuspalikoita, erilaisia keinukekoja, kelkkoja ja muita leluja.<\/p>\n","protected":false},"excerpt":{"rendered":"<p>BIG:n lippulaivatuote \u2013 ergonominen, tukeva ja vaikuttava Big Bobby Car -ajelulelu. Ajelulelu on suunniteltu jo ensimm\u00e4iset askeleensa ottaneille pikkulapsille. Se on rakennettu niin, ett\u00e4 lapset voivat kokeilla ja kehitt\u00e4\u00e4 uusia taitoja \u2013 nousemista, poistumista, ty\u00f6nt\u00e4mist\u00e4 ja ohjaamista.Valmistaja tarjoaa ohjattavat, hiljaiset py\u00f6r\u00e4t, hyvin muotoillun, turvallisen ohjauspy\u00f6r\u00e4n \u00e4\u00e4nimerkill\u00e4, matalan painopisteen, vetokoukun edess\u00e4 ja per\u00e4koukun takana, enemm\u00e4n jalkatilaa [&hellip;]<\/p>\n","protected":false},"featured_media":0,"comment_status":"open","ping_status":"closed","template":"","meta":[],"product_brand":[],"product_cat":[32],"product_tag":[],"class_list":{"0":"post-37000","1":"product","2":"type-product","3":"status-publish","5":"product_cat-uncategorized-fi","7":"first","8":"instock","9":"shipping-taxable","10":"purchasable","11":"product-type-simple"},"_links":{"self":[{"href":"https:\/\/nordicmart.andreevmaster.com\/fi\/wp-json\/wp\/v2\/product\/37000","targetHints":{"allow":["GET"]}}],"collection":[{"href":"https:\/\/nordicmart.andreevmaster.com\/fi\/wp-json\/wp\/v2\/product"}],"about":[{"href":"https:\/\/nordicmart.andreevmaster.com\/fi\/wp-json\/wp\/v2\/types\/product"}],"replies":[{"embeddable":true,"href":"https:\/\/nordicmart.andreevmaster.com\/fi\/wp-json\/wp\/v2\/comments?post=37000"}],"wp:attachment":[{"href":"https:\/\/nordicmart.andreevmaster.com\/fi\/wp-json\/wp\/v2\/media?parent=37000"}],"wp:term":[{"taxonomy":"product_brand","embeddable":true,"href":"https:\/\/nordicmart.andreevmaster.com\/fi\/wp-json\/wp\/v2\/product_brand?post=37000"},{"taxonomy":"product_cat","embeddable":true,"href":"https:\/\/nordicmart.andreevmaster.com\/fi\/wp-json\/wp\/v2\/product_cat?post=37000"},{"taxonomy":"product_tag","embeddable":true,"href":"https:\/\/nordicmart.andreevmaster.com\/fi\/wp-json\/wp\/v2\/product_tag?post=37000"}],"curies":[{"name":"wp","href":"https:\/\/api.w.org\/{rel}","templated":true}]}}