{"id":36999,"date":"2026-02-27T00:36:57","date_gmt":"2026-02-27T00:36:57","guid":{"rendered":"https:\/\/nordicmart.andreevmaster.com\/product\/big-bobby-car-classic-ajettava-lelu-jossa-on-torvi-ja-valot\/"},"modified":"2026-02-27T09:54:08","modified_gmt":"2026-02-27T09:54:08","slug":"big-bobby-car-classic-ajettava-lelu-jossa-on-torvi-ja-valot","status":"publish","type":"product","link":"https:\/\/nordicmart.andreevmaster.com\/fi\/tuote\/big-bobby-car-classic-ajettava-lelu-jossa-on-torvi-ja-valot\/","title":{"rendered":"BIG Bobby Car Classic -ajettava lelu, jossa on torvi ja valot"},"content":{"rendered":"<p>BIG Bobby Car LUMI -ajettava lelu, jossa on torvi ja LED-valot Klassikko uudessa valossa! Tutustu Bobby Car LUMI -ajettavaan leluun, joka on kuuluisan BIG-br\u00e4ndin ikoninen tuote, nyt modernina versiona vaikuttavalla LED-valaistuksella. T\u00e4m\u00e4 ergonominen ja kest\u00e4v\u00e4 kirkkaanpunainen ajoneuvo on silmiinpist\u00e4v\u00e4 ja sytytt\u00e4\u00e4 lasten mielikuvituksen. Mukavaan leikkimiseen suunniteltu ajettava auto on varustettu \u00e4\u00e4nitorvella varustetulla ohjauspy\u00f6r\u00e4ll\u00e4 ja muotoillulla istuimella. Se ei ole vain ajoneuvo \u2013 se on pienen tutkimusmatkailijasi ensimm\u00e4inen kulkuv\u00e4line!<\/p>\n<p>Ominaisuudet:<\/p>\n<p>* ajettavassa lelussa on ohjauspy\u00f6r\u00e4, jossa on \u00e4\u00e4nimerkki,<br \/>\n* LED-valot, joissa on eri tilat: &#8211; jatkuva valo &#8211; vilkkuva valo &#8211; automaattinen sammutus 10 minuutin kuluttua.* matala painopiste takaa vakauden ja turvallisuuden ajamista opiskellessa,<br \/>\n* ajettava lelu on varustettu hiljaisilla py\u00f6rill\u00e4, jotka toimivat t\u00e4ydellisesti eri pinnoilla,<br \/>\n* k\u00e4\u00e4ntyv\u00e4t etupy\u00f6r\u00e4t helpottavat ohjausta ja ajomukavuutta,<br \/>\n* vetokahva edess\u00e4 ja per\u00e4koukku takana.<br \/>\n* Muotoiltu istuin on 20 cm korkea.* suurin kantavuus on 50 kg,<br \/>\n* ajettava lelu on tarkoitettu 12 kuukauden ik\u00e4isille lapsille.* Valmistettu Saksassa \u2013 takuu laadusta ja kest\u00e4vyydest\u00e4,<br \/>\n* tuote vaatii osittaisen kokoonpanon,<br \/>\n* 3&#215;1,5 V AAA-paristot mukana<\/p>\n<p>Ajettava lelu on yhteensopiva my\u00f6s seuraavien tuotteiden kanssa:<\/p>\n<p>Kahva ajettavalle lelulle<\/p>\n<p>Tanko ajettavalle lelulle<\/p>\n<p>\u00c4\u00e4niohjauspy\u00f6r\u00e4<\/p>\n<p>Rekisterikilpi + ajokorttiajokortti<\/p>\n<p>Vetok\u00f6ysi<\/p>\n<p>Mustat kenk\u00e4suojat<\/p>\n<p>Vaaleanpunaiset kenk\u00e4suojat<\/p>\n<p>Siniset kenk\u00e4suojat<\/p>\n<p>Punaiset kenk\u00e4suojat<\/p>\n<p>\u00c4\u00e4nitorvi ajettavalle lelulle<\/p>\n<p>Poliisivalo ohjaustankoon<\/p>\n<p>\u00c4\u00e4niohjauspy\u00f6r\u00e4<\/p>\n<p>BIG kuuluu suureen Simba Dickie -konserniin. Tuotesarja sis\u00e4lt\u00e4\u00e4 laajan valikoiman innovatiivisia leluja, jotka stimuloivat lasten motorista kehityst\u00e4. BIG-tuotteet tarjoavat monia leikkivinkkej\u00e4. Niihin kuuluu autoja, ajettavissa olevia leluja, keinuleluja, traktoreita, veneit\u00e4, liukum\u00e4ki\u00e4, kelluvia leluja ja hiekkalaatikoita. BIG-lelut ovat eritt\u00e4in korkealaatuisia. Ne valmistetaan Saksassa korkealaatuisista UV-kest\u00e4vist\u00e4 materiaaleista. Lelujemme turvallisuus on taattu ja vahvistettu LGA\/T\u00dcV-testeill\u00e4.<\/p>\n","protected":false},"excerpt":{"rendered":"<p>BIG Bobby Car LUMI -ajettava lelu, jossa on torvi ja LED-valot Klassikko uudessa valossa! Tutustu Bobby Car LUMI -ajettavaan leluun, joka on kuuluisan BIG-br\u00e4ndin ikoninen tuote, nyt modernina versiona vaikuttavalla LED-valaistuksella. T\u00e4m\u00e4 ergonominen ja kest\u00e4v\u00e4 kirkkaanpunainen ajoneuvo on silmiinpist\u00e4v\u00e4 ja sytytt\u00e4\u00e4 lasten mielikuvituksen. Mukavaan leikkimiseen suunniteltu ajettava auto on varustettu \u00e4\u00e4nitorvella varustetulla ohjauspy\u00f6r\u00e4ll\u00e4 ja muotoillulla [&hellip;]<\/p>\n","protected":false},"featured_media":0,"comment_status":"open","ping_status":"closed","template":"","meta":[],"product_brand":[],"product_cat":[32],"product_tag":[],"class_list":{"0":"post-36999","1":"product","2":"type-product","3":"status-publish","5":"product_cat-uncategorized-fi","7":"first","8":"instock","9":"shipping-taxable","10":"purchasable","11":"product-type-simple"},"_links":{"self":[{"href":"https:\/\/nordicmart.andreevmaster.com\/fi\/wp-json\/wp\/v2\/product\/36999","targetHints":{"allow":["GET"]}}],"collection":[{"href":"https:\/\/nordicmart.andreevmaster.com\/fi\/wp-json\/wp\/v2\/product"}],"about":[{"href":"https:\/\/nordicmart.andreevmaster.com\/fi\/wp-json\/wp\/v2\/types\/product"}],"replies":[{"embeddable":true,"href":"https:\/\/nordicmart.andreevmaster.com\/fi\/wp-json\/wp\/v2\/comments?post=36999"}],"wp:attachment":[{"href":"https:\/\/nordicmart.andreevmaster.com\/fi\/wp-json\/wp\/v2\/media?parent=36999"}],"wp:term":[{"taxonomy":"product_brand","embeddable":true,"href":"https:\/\/nordicmart.andreevmaster.com\/fi\/wp-json\/wp\/v2\/product_brand?post=36999"},{"taxonomy":"product_cat","embeddable":true,"href":"https:\/\/nordicmart.andreevmaster.com\/fi\/wp-json\/wp\/v2\/product_cat?post=36999"},{"taxonomy":"product_tag","embeddable":true,"href":"https:\/\/nordicmart.andreevmaster.com\/fi\/wp-json\/wp\/v2\/product_tag?post=36999"}],"curies":[{"name":"wp","href":"https:\/\/api.w.org\/{rel}","templated":true}]}}