{"id":36998,"date":"2026-02-27T00:36:57","date_gmt":"2026-02-27T00:36:57","guid":{"rendered":"https:\/\/nordicmart.andreevmaster.com\/product\/big-blue-bobby-car-classic-ajettava-lelu\/"},"modified":"2026-02-27T09:54:08","modified_gmt":"2026-02-27T09:54:08","slug":"big-blue-bobby-car-classic-ajettava-lelu","status":"publish","type":"product","link":"https:\/\/nordicmart.andreevmaster.com\/fi\/tuote\/big-blue-bobby-car-classic-ajettava-lelu\/","title":{"rendered":"BIG Blue Bobby Car Classic -ajettava lelu"},"content":{"rendered":"<p>BIG Bobby Car Classic Blue -ajettava Ihanteellinen pienimmille kuljettajille! Vaaleansininen BIG Bobby Car Classic on vakaa ja k\u00e4tev\u00e4 ajettava lelu, joka tukee lapsesi motorista kehityst\u00e4. Sarjaan kuuluu k\u00e4yt\u00e4nn\u00f6llinen k\u00e4velytuki, joka toimii my\u00f6s selk\u00e4nojana ja takaa mukavuuden ja turvallisuuden pikkulapsille heid\u00e4n ensimm\u00e4isiss\u00e4 k\u00e4vely- ja ajoyrityksiss\u00e4\u00e4n. Pastellinvihreill\u00e4 yksityiskohdilla ja tukevalla rakenteella varustettu malli ilahduttaa sek\u00e4 tytt\u00f6j\u00e4 ett\u00e4 poikia. <\/p>\n<p>### Ominaisuudet:<\/p>\n<p>* &#8211; Ik\u00e4: 12 kuukautta<br \/>\n* &#8211; Turvallinen ajaminen \u2013 ergonominen muotoilu, leve\u00e4 istuin ja mekaaninen \u00e4\u00e4nimerkki.* &#8211; K\u00e4yt\u00e4nn\u00f6llinen k\u00e4velytuoli \u2013 tarjoaa selk\u00e4nojan ja tuen lapsellesi. * &#8211; Kest\u00e4vyys ja vakaus \u2013 tukeva, UV-kest\u00e4v\u00e4 muovi, T\u00dcV-testattu. * &#8211; Enimm\u00e4iskuorma: 50 kg \u2013 pitk\u00e4 k\u00e4ytt\u00f6ik\u00e4.* &#8211; Laajennettavissa \u2013 etu- ja takaliittimet per\u00e4vaunun tai ty\u00f6nt\u00f6leikkikalun kiinnitt\u00e4miseen. * &#8211; Helppo koota \u2013 lukitusmekanismi ja selk\u00e4noja voidaan koota muutamalla yksinkertaisella liikkeell\u00e4. Lelu kehitt\u00e4\u00e4: * &#8211; Karkeaa ja hienomotoriikkaa: ajettavalla lelulla ajaminen tukee jalkojen ja k\u00e4sien lihasten kehityst\u00e4, aktivoi lapsen fyysiseen aktiivisuuteen ja parantaa motorista koordinaatiota.* &#8211; Motorista koordinaatiota: ajelehtimalla ja ohjaamalla ajelehtivaa lelua lapsi kehitt\u00e4\u00e4 tasapainoa, koordinaatiota ja motorisia taitoja. * &#8211; Itseluottamusta ja itsen\u00e4isyytt\u00e4: se rohkaisee lasta leikkim\u00e4\u00e4n itsen\u00e4isesti, kehitt\u00e4en itsen\u00e4isyyden ja turvallisuuden tunnetta liikkeiss\u00e4. * &#8211; Sosiaalista kehityst\u00e4: ajelehtivalla lelulla leikkiminen ja vuorovaikutus ik\u00e4tovereiden kanssa auttaa kehitt\u00e4m\u00e4\u00e4n sosiaalisia taitoja ja mielikuvitusta.* &#8211; K\u00e4sien taidot: ajettavassa lelussa olevia mekaanisia osia, kuten torvea, k\u00e4ytt\u00e4m\u00e4ll\u00e4 lapsi harjoittelee k\u00e4den taitoja ja tarkkuutta. BIG Bobby Car Classic on erinomainen lelu, joka tarjoaa ajamisen ilon lis\u00e4ksi tukea lapsen fyysiselle, emotionaaliselle ja sosiaaliselle kehitykselle. Toiminnallisuutensa ja vankan rakenteensa ansiosta se seuraa lasta pitk\u00e4\u00e4n ja tukee h\u00e4nt\u00e4 kehityksen seuraavissa vaiheissa.<\/p>\n","protected":false},"excerpt":{"rendered":"<p>BIG Bobby Car Classic Blue -ajettava Ihanteellinen pienimmille kuljettajille! Vaaleansininen BIG Bobby Car Classic on vakaa ja k\u00e4tev\u00e4 ajettava lelu, joka tukee lapsesi motorista kehityst\u00e4. Sarjaan kuuluu k\u00e4yt\u00e4nn\u00f6llinen k\u00e4velytuki, joka toimii my\u00f6s selk\u00e4nojana ja takaa mukavuuden ja turvallisuuden pikkulapsille heid\u00e4n ensimm\u00e4isiss\u00e4 k\u00e4vely- ja ajoyrityksiss\u00e4\u00e4n. Pastellinvihreill\u00e4 yksityiskohdilla ja tukevalla rakenteella varustettu malli ilahduttaa sek\u00e4 tytt\u00f6j\u00e4 ett\u00e4 [&hellip;]<\/p>\n","protected":false},"featured_media":0,"comment_status":"open","ping_status":"closed","template":"","meta":[],"product_brand":[],"product_cat":[32],"product_tag":[],"class_list":{"0":"post-36998","1":"product","2":"type-product","3":"status-publish","5":"product_cat-uncategorized-fi","7":"first","8":"instock","9":"shipping-taxable","10":"purchasable","11":"product-type-simple"},"_links":{"self":[{"href":"https:\/\/nordicmart.andreevmaster.com\/fi\/wp-json\/wp\/v2\/product\/36998","targetHints":{"allow":["GET"]}}],"collection":[{"href":"https:\/\/nordicmart.andreevmaster.com\/fi\/wp-json\/wp\/v2\/product"}],"about":[{"href":"https:\/\/nordicmart.andreevmaster.com\/fi\/wp-json\/wp\/v2\/types\/product"}],"replies":[{"embeddable":true,"href":"https:\/\/nordicmart.andreevmaster.com\/fi\/wp-json\/wp\/v2\/comments?post=36998"}],"wp:attachment":[{"href":"https:\/\/nordicmart.andreevmaster.com\/fi\/wp-json\/wp\/v2\/media?parent=36998"}],"wp:term":[{"taxonomy":"product_brand","embeddable":true,"href":"https:\/\/nordicmart.andreevmaster.com\/fi\/wp-json\/wp\/v2\/product_brand?post=36998"},{"taxonomy":"product_cat","embeddable":true,"href":"https:\/\/nordicmart.andreevmaster.com\/fi\/wp-json\/wp\/v2\/product_cat?post=36998"},{"taxonomy":"product_tag","embeddable":true,"href":"https:\/\/nordicmart.andreevmaster.com\/fi\/wp-json\/wp\/v2\/product_tag?post=36998"}],"curies":[{"name":"wp","href":"https:\/\/api.w.org\/{rel}","templated":true}]}}