{"id":36997,"date":"2026-02-27T00:36:57","date_gmt":"2026-02-27T00:36:57","guid":{"rendered":"https:\/\/nordicmart.andreevmaster.com\/product\/big-bobby-car-classic-dinosaur-ride-on-2\/"},"modified":"2026-02-27T09:54:08","modified_gmt":"2026-02-27T09:54:08","slug":"big-bobby-car-classic-dinosaur-ride-on-2","status":"publish","type":"product","link":"https:\/\/nordicmart.andreevmaster.com\/fi\/tuote\/big-bobby-car-classic-dinosaur-ride-on-2\/","title":{"rendered":"Big Bobby Car Classic Dinosaur Ride-On"},"content":{"rendered":"<p>Bobby Car Classic Big Ride-On Dinosaur on ainutlaatuinen lasten ajokki, jossa yhdistyv\u00e4t kest\u00e4vyys, toimivuus ja kiehtova muotoilu. Vihre\u00e4n ja mustan v\u00e4rimaailmansa ja vieh\u00e4tt\u00e4vien tarrojen ansiosta, joissa on esihistoriallisia dinosauruksia kuten T-Rex, triceratops ja brachiosaurus, t\u00e4st\u00e4 ajokista tulee pienten seikkailijoiden suosikki kulkuv\u00e4line. 12 kuukauden ik\u00e4isille lapsille suunniteltu BIG Bobby Car Classic Dino yhdist\u00e4\u00e4 hauskanpidon ja pienten turvallisuuden ja kehityksen huolehtimisen. Ominaisuudet: * &#8211; Ik\u00e4: 12 kuukautta * &#8211; Turvallinen ajaminen: Ergonominen muotoilu ja turvallinen ohjauspy\u00f6r\u00e4 mekaanisella \u00e4\u00e4nimerkill\u00e4 takaavat mukavuuden ja turvallisuuden ajon aikana.* &#8211; Monipuolisuus: Tuote sopii sek\u00e4 sis\u00e4- ett\u00e4 ulkok\u00e4ytt\u00f6\u00f6n. Se on t\u00e4ydellinen puutarhaan tai kotiin. * &#8211; Erinomainen kest\u00e4vyys: Valmistettu kierr\u00e4tett\u00e4v\u00e4st\u00e4 muovista, UV-kest\u00e4v\u00e4, helppo puhdistaa. * &#8211; Vakaus ja mukavuus: Ergonominen istuin polvionkaltevuudella takaa mukavuuden ja vakauden, ja alkuper\u00e4iset BIG Bobbycar -py\u00f6r\u00e4t ovat poikkeuksellisen kest\u00e4vi\u00e4.* &#8211; Laajennettavissa: Etupuolella ja takapuolella olevien liitinten ansiosta ajettava lelu voidaan laajentaa per\u00e4vaunulla tai ty\u00f6nt\u00f6tangolla, mik\u00e4 lis\u00e4\u00e4 ajoneuvon hauskuutta ja toiminnallisuutta. Lelu kehitt\u00e4\u00e4: * &#8211; Hieno- ja karkeamotorisia taitoja: BIG Bobby Car Classic Dino -ajoneuvon ajaminen tukee jalkojen ja k\u00e4sien lihasten kehityst\u00e4 ja kannustaa lasta liikkumaan.* &#8211; Motorinen koordinaatio: Ajoneuvon ty\u00f6nt\u00e4minen, k\u00e4\u00e4nt\u00e4minen ja ohjaaminen tukee tasapainon ja koordinaation kehityst\u00e4. * &#8211; Itseluottamus ja itsen\u00e4isyys: Oppimalla ajamaan itsen\u00e4isesti lapset kehitt\u00e4v\u00e4t itsen\u00e4isyyden tunnetta. * &#8211; Sosiaalinen ja emotionaalinen kehitys: Ajettavalla lelulla leikkiminen kannustaa vuorovaikutukseen ik\u00e4tovereiden kanssa, kehitt\u00e4en sosiaalisia taitoja ja mielikuvitusta.<\/p>\n<p>BIG Bobby Car Classic Dino on t\u00e4ydellinen valinta aktiivisille pikkulapsille, jotka rakastavat seikkailuja ja tarvitsevat tukevan, turvallisen ajoneuvon. Erinomaisen &#8221;Made in Germany&#8221; -laadun, kest\u00e4v\u00e4n rakenteen ja toimivien yksityiskohtien ansiosta ajettava lelu palvelee lasta pitk\u00e4\u00e4n ja tukee h\u00e4nen fyysist\u00e4 ja emotionaalista kehityst\u00e4\u00e4n.<\/p>\n","protected":false},"excerpt":{"rendered":"<p>Bobby Car Classic Big Ride-On Dinosaur on ainutlaatuinen lasten ajokki, jossa yhdistyv\u00e4t kest\u00e4vyys, toimivuus ja kiehtova muotoilu. Vihre\u00e4n ja mustan v\u00e4rimaailmansa ja vieh\u00e4tt\u00e4vien tarrojen ansiosta, joissa on esihistoriallisia dinosauruksia kuten T-Rex, triceratops ja brachiosaurus, t\u00e4st\u00e4 ajokista tulee pienten seikkailijoiden suosikki kulkuv\u00e4line. 12 kuukauden ik\u00e4isille lapsille suunniteltu BIG Bobby Car Classic Dino yhdist\u00e4\u00e4 hauskanpidon ja pienten [&hellip;]<\/p>\n","protected":false},"featured_media":0,"comment_status":"open","ping_status":"closed","template":"","meta":[],"product_brand":[],"product_cat":[32],"product_tag":[],"class_list":{"0":"post-36997","1":"product","2":"type-product","3":"status-publish","5":"product_cat-uncategorized-fi","7":"first","8":"instock","9":"shipping-taxable","10":"purchasable","11":"product-type-simple"},"_links":{"self":[{"href":"https:\/\/nordicmart.andreevmaster.com\/fi\/wp-json\/wp\/v2\/product\/36997","targetHints":{"allow":["GET"]}}],"collection":[{"href":"https:\/\/nordicmart.andreevmaster.com\/fi\/wp-json\/wp\/v2\/product"}],"about":[{"href":"https:\/\/nordicmart.andreevmaster.com\/fi\/wp-json\/wp\/v2\/types\/product"}],"replies":[{"embeddable":true,"href":"https:\/\/nordicmart.andreevmaster.com\/fi\/wp-json\/wp\/v2\/comments?post=36997"}],"wp:attachment":[{"href":"https:\/\/nordicmart.andreevmaster.com\/fi\/wp-json\/wp\/v2\/media?parent=36997"}],"wp:term":[{"taxonomy":"product_brand","embeddable":true,"href":"https:\/\/nordicmart.andreevmaster.com\/fi\/wp-json\/wp\/v2\/product_brand?post=36997"},{"taxonomy":"product_cat","embeddable":true,"href":"https:\/\/nordicmart.andreevmaster.com\/fi\/wp-json\/wp\/v2\/product_cat?post=36997"},{"taxonomy":"product_tag","embeddable":true,"href":"https:\/\/nordicmart.andreevmaster.com\/fi\/wp-json\/wp\/v2\/product_tag?post=36997"}],"curies":[{"name":"wp","href":"https:\/\/api.w.org\/{rel}","templated":true}]}}