{"id":36996,"date":"2026-02-27T00:36:57","date_gmt":"2026-02-27T00:36:57","guid":{"rendered":"https:\/\/nordicmart.andreevmaster.com\/product\/big-bobby-car-classic-green-sea-2\/"},"modified":"2026-02-27T09:54:08","modified_gmt":"2026-02-27T09:54:08","slug":"big-bobby-car-classic-green-sea-2","status":"publish","type":"product","link":"https:\/\/nordicmart.andreevmaster.com\/fi\/tuote\/big-bobby-car-classic-green-sea-2\/","title":{"rendered":"BIG Bobby Car Classic Green Sea"},"content":{"rendered":"<p>Uudelleenm\u00e4\u00e4ritelty klassikko! Tunnettujen BIG-tuotteiden huipputuote. Ergonominen, tukeva ja vaikuttava Bobby Car Green Sea -ajelulelu on varustettu sis\u00e4\u00e4nrakennetulla \u00e4\u00e4nimerkill\u00e4. Auto on saatavana ainutlaatuisessa, kauniissa vihre\u00e4ss\u00e4 v\u00e4riss\u00e4, josta lapsesi varmasti pit\u00e4v\u00e4t. Se on varustettu \u00e4\u00e4nimerkill\u00e4 varustetulla ohjauspy\u00f6r\u00e4ll\u00e4, joka tarjoaa lapsellesi entist\u00e4 j\u00e4nnitt\u00e4v\u00e4mm\u00e4n leikkikokemuksen. Ajelulelussa on muotoiltu istuin, joka mahdollistaa leikin kahdessa asennossa \u2013 istuen tai polvillaan.Ominaisuudet:<\/p>\n<p>* &#8211; ajettava lelu on suunniteltu 12 kuukauden ik\u00e4isille lapsille<br \/>\n* &#8211; Bobby Car Classic Green Sea -ajettava lelu on varustettu \u00e4\u00e4nitorvella varustetulla ohjauspy\u00f6r\u00e4ll\u00e4<br \/>\n* &#8211; matala painopiste mahdollistaa turvallisen ja luottavaisen oppimisen ajettavan lelun ensimm\u00e4isist\u00e4 &#8221;askelista&#8221;* &#8211; ajettava lelu on varustettu muovisilla py\u00f6rill\u00e4, jotka sopivat erinomaisesti erilaisille pinnoille,<br \/>\n* &#8211; etupy\u00f6r\u00e4t ovat k\u00e4\u00e4ntyvi\u00e4, mik\u00e4 tekee ohjauksesta ja k\u00e4\u00e4ntymisest\u00e4 mukavampaa,<br \/>\n* &#8211; lis\u00e4ksi sarjassa on vetokoukku edess\u00e4 ja per\u00e4koukku takana,<br \/>\n* &#8211; suurin sallittu kuorma on 50 kg,<br \/>\n* &#8211; Valmistettu Saksassa,<br \/>\n* &#8211; ajettava lelu osittain koottava,<br \/>\n* &#8211; istuimen korkeus on 20 cm.<\/p>\n","protected":false},"excerpt":{"rendered":"<p>Uudelleenm\u00e4\u00e4ritelty klassikko! Tunnettujen BIG-tuotteiden huipputuote. Ergonominen, tukeva ja vaikuttava Bobby Car Green Sea -ajelulelu on varustettu sis\u00e4\u00e4nrakennetulla \u00e4\u00e4nimerkill\u00e4. Auto on saatavana ainutlaatuisessa, kauniissa vihre\u00e4ss\u00e4 v\u00e4riss\u00e4, josta lapsesi varmasti pit\u00e4v\u00e4t. Se on varustettu \u00e4\u00e4nimerkill\u00e4 varustetulla ohjauspy\u00f6r\u00e4ll\u00e4, joka tarjoaa lapsellesi entist\u00e4 j\u00e4nnitt\u00e4v\u00e4mm\u00e4n leikkikokemuksen. Ajelulelussa on muotoiltu istuin, joka mahdollistaa leikin kahdessa asennossa \u2013 istuen tai polvillaan.Ominaisuudet: * [&hellip;]<\/p>\n","protected":false},"featured_media":0,"comment_status":"open","ping_status":"closed","template":"","meta":[],"product_brand":[],"product_cat":[32],"product_tag":[],"class_list":{"0":"post-36996","1":"product","2":"type-product","3":"status-publish","5":"product_cat-uncategorized-fi","7":"first","8":"instock","9":"shipping-taxable","10":"purchasable","11":"product-type-simple"},"_links":{"self":[{"href":"https:\/\/nordicmart.andreevmaster.com\/fi\/wp-json\/wp\/v2\/product\/36996","targetHints":{"allow":["GET"]}}],"collection":[{"href":"https:\/\/nordicmart.andreevmaster.com\/fi\/wp-json\/wp\/v2\/product"}],"about":[{"href":"https:\/\/nordicmart.andreevmaster.com\/fi\/wp-json\/wp\/v2\/types\/product"}],"replies":[{"embeddable":true,"href":"https:\/\/nordicmart.andreevmaster.com\/fi\/wp-json\/wp\/v2\/comments?post=36996"}],"wp:attachment":[{"href":"https:\/\/nordicmart.andreevmaster.com\/fi\/wp-json\/wp\/v2\/media?parent=36996"}],"wp:term":[{"taxonomy":"product_brand","embeddable":true,"href":"https:\/\/nordicmart.andreevmaster.com\/fi\/wp-json\/wp\/v2\/product_brand?post=36996"},{"taxonomy":"product_cat","embeddable":true,"href":"https:\/\/nordicmart.andreevmaster.com\/fi\/wp-json\/wp\/v2\/product_cat?post=36996"},{"taxonomy":"product_tag","embeddable":true,"href":"https:\/\/nordicmart.andreevmaster.com\/fi\/wp-json\/wp\/v2\/product_tag?post=36996"}],"curies":[{"name":"wp","href":"https:\/\/api.w.org\/{rel}","templated":true}]}}