{"id":36994,"date":"2026-02-27T00:36:56","date_gmt":"2026-02-27T00:36:56","guid":{"rendered":"https:\/\/nordicmart.andreevmaster.com\/product\/big-bobby-car-classic-eco-ajettava-lelu-jossa-on-torvi-harmaa\/"},"modified":"2026-02-27T09:54:07","modified_gmt":"2026-02-27T09:54:07","slug":"big-bobby-car-classic-eco-ajettava-lelu-jossa-on-torvi-harmaa","status":"publish","type":"product","link":"https:\/\/nordicmart.andreevmaster.com\/fi\/tuote\/big-bobby-car-classic-eco-ajettava-lelu-jossa-on-torvi-harmaa\/","title":{"rendered":"BIG Bobby Car Classic Eco -ajettava lelu, jossa on torvi, harmaa"},"content":{"rendered":"<p>Klassikko uudistettuna! Tunnetun BIG-br\u00e4ndin huipputuote. Ergonominen, tukeva, vaikuttava ja ymp\u00e4rist\u00f6yst\u00e4v\u00e4llinen uusi Bobby Car -ajelulelu \u00e4\u00e4nell\u00e4. Auto on saatavana ainutlaatuisessa harmaassa v\u00e4riss\u00e4 ja modernilla tyylill\u00e4. Se on varustettu \u00e4\u00e4nitorvella varustetulla ohjauspy\u00f6r\u00e4ll\u00e4, joka tarjoaa lapselle j\u00e4nnitt\u00e4v\u00e4mm\u00e4n leikkikokemuksen. Ajettavassa lelussa on muotoiltu istuin, joka mahdollistaa leikin kahdessa asennossa \u2013 istuen tai polvillaan. Big Bobby Car Classic &#8211; Eco -auton kori, ohjauspy\u00f6r\u00e4 ja py\u00f6r\u00e4t on valmistettu kierr\u00e4tetyst\u00e4 muovista (kierr\u00e4tetyst\u00e4 polyeteenist\u00e4)! Ominaisuudet:<\/p>\n<p>* &#8211; ajettavassa lelussa on ohjauspy\u00f6r\u00e4, jossa on \u00e4\u00e4nimerkki,<br \/>\n* &#8211; matala painopiste mahdollistaa turvallisen ja luottavaisen oppimisen ajettavan lelun ensimm\u00e4isist\u00e4 &#8221;askelista&#8221;,<br \/>\n* &#8211; ajettavassa lelussa on muovipy\u00f6r\u00e4t, jotka sopivat erinomaisesti erilaisille pinnoille,* &#8211; etupy\u00f6r\u00e4t ovat k\u00e4\u00e4ntyvi\u00e4, mik\u00e4 tekee ohjauksesta ja k\u00e4\u00e4ntymisest\u00e4 mukavampaa,<br \/>\n* &#8211; lis\u00e4ksi sarjassa on vetokoukku edess\u00e4 ja per\u00e4koukku takana,<br \/>\n* &#8211; suurin sallittu kuorma on 50 kg,<br \/>\n* &#8211; ajettava lelu on tarkoitettu 12 kuukauden ik\u00e4isille lapsille,<br \/>\n* &#8211; Valmistettu Saksassa.* &#8211; ajettava lelu vaatii osittaisen kokoonpanon,<br \/>\n* &#8211; ekologinen, ymp\u00e4rist\u00f6yst\u00e4v\u00e4llinen tuote<br \/>\n* &#8211; istuimen korkeus on 20 cm.<\/p>\n<p>BIG kuuluu suureen Simba Dickie -konserniin. Tuotevalikoima sis\u00e4lt\u00e4\u00e4 laajan valikoiman innovatiivisia leluja, jotka stimuloivat lasten motorista kehityst\u00e4. BIG-tuotteet tarjoavat monia leikkideoita. Valikoimaan kuuluu autoja, ajettavissa olevia leluja, keinuleluja, traktoreita, veneit\u00e4, liukum\u00e4ki\u00e4, kelluvia leluja ja hiekkalaatikoita. BIG-lelut ovat eritt\u00e4in korkealaatuisia. Ne valmistetaan Saksassa korkealaatuisista UV-kest\u00e4vist\u00e4 materiaaleista. Lelujemme turvallisuus on taattu ja vahvistettu LGA\/T\u00dcV-testeill\u00e4.<\/p>\n","protected":false},"excerpt":{"rendered":"<p>Klassikko uudistettuna! Tunnetun BIG-br\u00e4ndin huipputuote. Ergonominen, tukeva, vaikuttava ja ymp\u00e4rist\u00f6yst\u00e4v\u00e4llinen uusi Bobby Car -ajelulelu \u00e4\u00e4nell\u00e4. Auto on saatavana ainutlaatuisessa harmaassa v\u00e4riss\u00e4 ja modernilla tyylill\u00e4. Se on varustettu \u00e4\u00e4nitorvella varustetulla ohjauspy\u00f6r\u00e4ll\u00e4, joka tarjoaa lapselle j\u00e4nnitt\u00e4v\u00e4mm\u00e4n leikkikokemuksen. Ajettavassa lelussa on muotoiltu istuin, joka mahdollistaa leikin kahdessa asennossa \u2013 istuen tai polvillaan. Big Bobby Car Classic &#8211; Eco [&hellip;]<\/p>\n","protected":false},"featured_media":0,"comment_status":"open","ping_status":"closed","template":"","meta":[],"product_brand":[],"product_cat":[32],"product_tag":[],"class_list":{"0":"post-36994","1":"product","2":"type-product","3":"status-publish","5":"product_cat-uncategorized-fi","7":"first","8":"instock","9":"shipping-taxable","10":"purchasable","11":"product-type-simple"},"_links":{"self":[{"href":"https:\/\/nordicmart.andreevmaster.com\/fi\/wp-json\/wp\/v2\/product\/36994","targetHints":{"allow":["GET"]}}],"collection":[{"href":"https:\/\/nordicmart.andreevmaster.com\/fi\/wp-json\/wp\/v2\/product"}],"about":[{"href":"https:\/\/nordicmart.andreevmaster.com\/fi\/wp-json\/wp\/v2\/types\/product"}],"replies":[{"embeddable":true,"href":"https:\/\/nordicmart.andreevmaster.com\/fi\/wp-json\/wp\/v2\/comments?post=36994"}],"wp:attachment":[{"href":"https:\/\/nordicmart.andreevmaster.com\/fi\/wp-json\/wp\/v2\/media?parent=36994"}],"wp:term":[{"taxonomy":"product_brand","embeddable":true,"href":"https:\/\/nordicmart.andreevmaster.com\/fi\/wp-json\/wp\/v2\/product_brand?post=36994"},{"taxonomy":"product_cat","embeddable":true,"href":"https:\/\/nordicmart.andreevmaster.com\/fi\/wp-json\/wp\/v2\/product_cat?post=36994"},{"taxonomy":"product_tag","embeddable":true,"href":"https:\/\/nordicmart.andreevmaster.com\/fi\/wp-json\/wp\/v2\/product_tag?post=36994"}],"curies":[{"name":"wp","href":"https:\/\/api.w.org\/{rel}","templated":true}]}}