{"id":36993,"date":"2026-02-27T00:36:56","date_gmt":"2026-02-27T00:36:56","guid":{"rendered":"https:\/\/nordicmart.andreevmaster.com\/product\/big-classic-bobby-car-ajettava-lelu-delfiinikuvioinen\/"},"modified":"2026-02-27T09:54:07","modified_gmt":"2026-02-27T09:54:07","slug":"big-classic-bobby-car-ajettava-lelu-delfiinikuvioinen","status":"publish","type":"product","link":"https:\/\/nordicmart.andreevmaster.com\/fi\/tuote\/big-classic-bobby-car-ajettava-lelu-delfiinikuvioinen\/","title":{"rendered":"BIG Classic Bobby Car -ajettava lelu, delfiinikuvioinen"},"content":{"rendered":"<p>Klassikko uudistettuna! Tunnetun BIG-br\u00e4ndin huipputuote. Ergonominen, tukeva ja vaikuttava uusi Bobby Car Classic -ajelulelu, jossa on delfiinikuvio ja \u00e4\u00e4ni. Auto on ainutlaatuisen sininen ja siin\u00e4 on delfiinikuvio. Se on varustettu \u00e4\u00e4nitorvella varustetulla ohjauspy\u00f6r\u00e4ll\u00e4, joka tarjoaa lapselle entist\u00e4 paremman leikkikokemuksen. Se auttaa motorisen koordinaation ja tasapainoharjoitusten kehityksess\u00e4. Ajettavassa lelussa on muotoiltu istuin, joka mahdollistaa leikin kahdessa asennossa \u2013 istuen tai polvillaan. Ominaisuudet: * &#8211; Sininen ajettava lelu on varustettu \u00e4\u00e4nitorvella varustetulla ohjauspy\u00f6r\u00e4ll\u00e4. * &#8211; Matala painopiste mahdollistaa turvallisen ja luottavaisen oppimisen ajettavan lelun ensimm\u00e4isist\u00e4 &#8221;askelista&#8221;.<br \/>\n* &#8211; Ajo-lelu on varustettu muovisilla py\u00f6rill\u00e4, jotka sopivat erinomaisesti erilaisille pinnoille.<br \/>\n* &#8211; Etupy\u00f6r\u00e4t ovat k\u00e4\u00e4ntyvi\u00e4, mik\u00e4 helpottaa ohjausta ja k\u00e4\u00e4ntymist\u00e4.<br \/>\n* &#8211; Suurin sallittu kuorma on 50 kg.<br \/>\n* &#8211; Ajo-lelu on tarkoitettu 12 kuukauden ik\u00e4isille lapsille.* &#8211; Valmistettu Saksassa. * &#8211; Ajettava lelu vaatii osittaisen kokoonpanon. * &#8211; Lis\u00e4ksi sarjaan kuuluu vetokoukku edess\u00e4 ja per\u00e4koukku takana (ei sis\u00e4lly toimitukseen). BIG kuuluu suureen Simba Dickie -konserniin. Tuotevalikoima sis\u00e4lt\u00e4\u00e4 laajan valikoiman innovatiivisia leluja, jotka stimuloivat lasten motorista kehityst\u00e4. BIG-tuotteet tarjoavat monia leikkideoita. Valikoimaan kuuluu autoja, ajettavissa olevia leluja, keinuleluja, traktoreita, veneit\u00e4, liukum\u00e4ki\u00e4, kelluvia leluja ja hiekkalaatikoita. BIG-lelut ovat eritt\u00e4in korkealaatuisia. Ne valmistetaan Saksassa korkealaatuisista UV-kest\u00e4vist\u00e4 materiaaleista. Lelujemme turvallisuus on taattu ja vahvistettu LGA\/T\u00dcV-testeill\u00e4.<\/p>\n","protected":false},"excerpt":{"rendered":"<p>Klassikko uudistettuna! Tunnetun BIG-br\u00e4ndin huipputuote. Ergonominen, tukeva ja vaikuttava uusi Bobby Car Classic -ajelulelu, jossa on delfiinikuvio ja \u00e4\u00e4ni. Auto on ainutlaatuisen sininen ja siin\u00e4 on delfiinikuvio. Se on varustettu \u00e4\u00e4nitorvella varustetulla ohjauspy\u00f6r\u00e4ll\u00e4, joka tarjoaa lapselle entist\u00e4 paremman leikkikokemuksen. Se auttaa motorisen koordinaation ja tasapainoharjoitusten kehityksess\u00e4. Ajettavassa lelussa on muotoiltu istuin, joka mahdollistaa leikin kahdessa [&hellip;]<\/p>\n","protected":false},"featured_media":0,"comment_status":"open","ping_status":"closed","template":"","meta":[],"product_brand":[],"product_cat":[32],"product_tag":[],"class_list":{"0":"post-36993","1":"product","2":"type-product","3":"status-publish","5":"product_cat-uncategorized-fi","7":"first","8":"instock","9":"shipping-taxable","10":"purchasable","11":"product-type-simple"},"_links":{"self":[{"href":"https:\/\/nordicmart.andreevmaster.com\/fi\/wp-json\/wp\/v2\/product\/36993","targetHints":{"allow":["GET"]}}],"collection":[{"href":"https:\/\/nordicmart.andreevmaster.com\/fi\/wp-json\/wp\/v2\/product"}],"about":[{"href":"https:\/\/nordicmart.andreevmaster.com\/fi\/wp-json\/wp\/v2\/types\/product"}],"replies":[{"embeddable":true,"href":"https:\/\/nordicmart.andreevmaster.com\/fi\/wp-json\/wp\/v2\/comments?post=36993"}],"wp:attachment":[{"href":"https:\/\/nordicmart.andreevmaster.com\/fi\/wp-json\/wp\/v2\/media?parent=36993"}],"wp:term":[{"taxonomy":"product_brand","embeddable":true,"href":"https:\/\/nordicmart.andreevmaster.com\/fi\/wp-json\/wp\/v2\/product_brand?post=36993"},{"taxonomy":"product_cat","embeddable":true,"href":"https:\/\/nordicmart.andreevmaster.com\/fi\/wp-json\/wp\/v2\/product_cat?post=36993"},{"taxonomy":"product_tag","embeddable":true,"href":"https:\/\/nordicmart.andreevmaster.com\/fi\/wp-json\/wp\/v2\/product_tag?post=36993"}],"curies":[{"name":"wp","href":"https:\/\/api.w.org\/{rel}","templated":true}]}}