{"id":36991,"date":"2026-02-27T00:36:55","date_gmt":"2026-02-27T00:36:55","guid":{"rendered":"https:\/\/nordicmart.andreevmaster.com\/product\/woopie-magneettiset-rakennuspalikat-hohtava-3d-dinosaurusten-puisto-124-kpl\/"},"modified":"2026-02-27T09:54:07","modified_gmt":"2026-02-27T09:54:07","slug":"woopie-magneettiset-rakennuspalikat-hohtava-3d-dinosaurusten-puisto-124-kpl","status":"publish","type":"product","link":"https:\/\/nordicmart.andreevmaster.com\/fi\/tuote\/woopie-magneettiset-rakennuspalikat-hohtava-3d-dinosaurusten-puisto-124-kpl\/","title":{"rendered":"WOOPIE Magneettiset rakennuspalikat Hohtava 3D-dinosaurusten puisto 124 kpl."},"content":{"rendered":"<p>L\u00f6yd\u00e4 dinosaurusten maaginen maailma Woopien 3D-hohtavien magneettisten rakennuspalikoiden avulla! T\u00e4m\u00e4 ainutlaatuinen rakennuspalikkasarja on todellinen paratiisi pienille rakentajille. Pime\u00e4ss\u00e4 hohtavien magneettisten elementtien ansiosta lapset voivat luoda upeita rakennuksia, tukikohtia ja valtakuntia suosikkidinosauruksilleen. Se on erinomainen lelu, joka yhdist\u00e4\u00e4 oppimisen ja hauskanpidon, kehitt\u00e4en lapsen mielikuvitusta ja teknisi\u00e4 taitoja. Rakentakaa yhdess\u00e4 satumainen maailma, joka on t\u00e4ynn\u00e4 esihistoriallisia seikkailuja!<\/p>\n<p>Ominaisuudet:<\/p>\n<p>* &#8211; 3-vuotiaille ja sit\u00e4 vanhemmille lapsille<br \/>\n* &#8211; Palikat ovat magneettisia ja hehkuvat, mik\u00e4 lis\u00e4\u00e4 hauskuutta ainutlaatuisella efektill\u00e4<br \/>\n* &#8211; Sarja sis\u00e4lt\u00e4\u00e4 erilaisia muotoja, dinosaurusfiguureja ja teemaan liittyvi\u00e4 lis\u00e4varusteita<br \/>\n* &#8211; Lelu tukee kehityst\u00e4 tieteen, teknologian, insin\u00f6\u00f6ritaidon ja matematiikan (STEM) aloilla<br \/>\n* &#8211; Valaisevat elementit toimivat 3 AG10-paristolla (mukana)<\/p>\n<p>Sarja sis\u00e4lt\u00e4\u00e4:<\/p>\n<p>* &#8211; 124 elementti\u00e4, mukaan lukien:<br \/>\n* &#8211; Erimuotoiset magneettiset palikat (neli\u00f6t, kolmiot, ikkunat, katot)<br \/>\n* &#8211; Dinosaurusfiguurit<br \/>\n* &#8211; Hahmofiguurit<br \/>\n* &#8211; Teemalla varustetut lis\u00e4varusteet (puu, tulivuori, dinosaurusten munat, kivet)<br \/>\n* &#8211; Ohjeet ja esimerkkimallit<\/p>\n<p>Lelu kehitt\u00e4\u00e4:<\/p>\n<p>* &#8211; Luovuutta ja mielikuvitusta<br \/>\n* &#8211; K\u00e4sien motorisia taitoja<br \/>\n* &#8211; Loogista ajattelua<br \/>\n* &#8211; K\u00e4sien ja silmien koordinaatiota<br \/>\n* &#8211; Tilan hahmottamista<\/p>\n","protected":false},"excerpt":{"rendered":"<p>L\u00f6yd\u00e4 dinosaurusten maaginen maailma Woopien 3D-hohtavien magneettisten rakennuspalikoiden avulla! T\u00e4m\u00e4 ainutlaatuinen rakennuspalikkasarja on todellinen paratiisi pienille rakentajille. Pime\u00e4ss\u00e4 hohtavien magneettisten elementtien ansiosta lapset voivat luoda upeita rakennuksia, tukikohtia ja valtakuntia suosikkidinosauruksilleen. Se on erinomainen lelu, joka yhdist\u00e4\u00e4 oppimisen ja hauskanpidon, kehitt\u00e4en lapsen mielikuvitusta ja teknisi\u00e4 taitoja. Rakentakaa yhdess\u00e4 satumainen maailma, joka on t\u00e4ynn\u00e4 esihistoriallisia seikkailuja! [&hellip;]<\/p>\n","protected":false},"featured_media":0,"comment_status":"open","ping_status":"closed","template":"","meta":[],"product_brand":[],"product_cat":[32],"product_tag":[],"class_list":{"0":"post-36991","1":"product","2":"type-product","3":"status-publish","5":"product_cat-uncategorized-fi","7":"first","8":"instock","9":"shipping-taxable","10":"purchasable","11":"product-type-simple"},"_links":{"self":[{"href":"https:\/\/nordicmart.andreevmaster.com\/fi\/wp-json\/wp\/v2\/product\/36991","targetHints":{"allow":["GET"]}}],"collection":[{"href":"https:\/\/nordicmart.andreevmaster.com\/fi\/wp-json\/wp\/v2\/product"}],"about":[{"href":"https:\/\/nordicmart.andreevmaster.com\/fi\/wp-json\/wp\/v2\/types\/product"}],"replies":[{"embeddable":true,"href":"https:\/\/nordicmart.andreevmaster.com\/fi\/wp-json\/wp\/v2\/comments?post=36991"}],"wp:attachment":[{"href":"https:\/\/nordicmart.andreevmaster.com\/fi\/wp-json\/wp\/v2\/media?parent=36991"}],"wp:term":[{"taxonomy":"product_brand","embeddable":true,"href":"https:\/\/nordicmart.andreevmaster.com\/fi\/wp-json\/wp\/v2\/product_brand?post=36991"},{"taxonomy":"product_cat","embeddable":true,"href":"https:\/\/nordicmart.andreevmaster.com\/fi\/wp-json\/wp\/v2\/product_cat?post=36991"},{"taxonomy":"product_tag","embeddable":true,"href":"https:\/\/nordicmart.andreevmaster.com\/fi\/wp-json\/wp\/v2\/product_tag?post=36991"}],"curies":[{"name":"wp","href":"https:\/\/api.w.org\/{rel}","templated":true}]}}