{"id":36990,"date":"2026-02-27T00:36:55","date_gmt":"2026-02-27T00:36:55","guid":{"rendered":"https:\/\/nordicmart.andreevmaster.com\/product\/big-maxi-crane-ride-on-toy-2\/"},"modified":"2026-02-27T09:54:06","modified_gmt":"2026-02-27T09:54:06","slug":"big-maxi-crane-ride-on-toy-2","status":"publish","type":"product","link":"https:\/\/nordicmart.andreevmaster.com\/fi\/tuote\/big-maxi-crane-ride-on-toy-2\/","title":{"rendered":"BIG Maxi Crane Ride-On Toy"},"content":{"rendered":"<p>Crane Ride-On on BIG:n erinomainen lelu, jolla voi leikki\u00e4 sek\u00e4 sis\u00e4ll\u00e4 ett\u00e4 ulkona. Markkinoiden paras laatu! Saksalaista kest\u00e4vyytt\u00e4 ja tarkkuutta. T\u00e4ydellinen lahjaidea jokaiselle pikkulapselle. Ajoneuvo ilahduttaa sek\u00e4 poikia ett\u00e4 tytt\u00f6j\u00e4. Tuote on suunniteltu pikkulasten turvallisuutta ajatellen. Ajettavalla lelulla on suuri, mukava istuin. Nosturi py\u00f6rii 360 astetta pystyakselin ymp\u00e4ri. Nosturi voi nostaa turvallisesti jopa 450 g painavia esineit\u00e4. Se stimuloi lapsen mielikuvitusta ja parantaa motorista koordinaatiota. Hauskuus ei lopu koskaan!<\/p>\n<p>Ominaisuudet:<\/p>\n<p>* &#8211; 3-vuotiaille lapsille,<br \/>\n* &#8211; suuri mukava istuin,<br \/>\n* &#8211; t\u00e4ysin toimiva 360 asteen kierto pystyakselin ymp\u00e4ri,* &#8211; pehme\u00e4t kumipy\u00f6r\u00e4t, eiv\u00e4t naarmuta pintoja, eiv\u00e4t aiheuta melua,<br \/>\n* &#8211; kantavuus jopa 50 kg,<br \/>\n* &#8211; vetovoima jopa 450 g,<br \/>\n* &#8211; koko ajoneuvo on helppo pest\u00e4 juoksevalla vedell\u00e4.<\/p>\n","protected":false},"excerpt":{"rendered":"<p>Crane Ride-On on BIG:n erinomainen lelu, jolla voi leikki\u00e4 sek\u00e4 sis\u00e4ll\u00e4 ett\u00e4 ulkona. Markkinoiden paras laatu! Saksalaista kest\u00e4vyytt\u00e4 ja tarkkuutta. T\u00e4ydellinen lahjaidea jokaiselle pikkulapselle. Ajoneuvo ilahduttaa sek\u00e4 poikia ett\u00e4 tytt\u00f6j\u00e4. Tuote on suunniteltu pikkulasten turvallisuutta ajatellen. Ajettavalla lelulla on suuri, mukava istuin. Nosturi py\u00f6rii 360 astetta pystyakselin ymp\u00e4ri. Nosturi voi nostaa turvallisesti jopa 450 g [&hellip;]<\/p>\n","protected":false},"featured_media":0,"comment_status":"open","ping_status":"closed","template":"","meta":[],"product_brand":[],"product_cat":[32],"product_tag":[],"class_list":{"0":"post-36990","1":"product","2":"type-product","3":"status-publish","5":"product_cat-uncategorized-fi","7":"first","8":"instock","9":"shipping-taxable","10":"purchasable","11":"product-type-simple"},"_links":{"self":[{"href":"https:\/\/nordicmart.andreevmaster.com\/fi\/wp-json\/wp\/v2\/product\/36990","targetHints":{"allow":["GET"]}}],"collection":[{"href":"https:\/\/nordicmart.andreevmaster.com\/fi\/wp-json\/wp\/v2\/product"}],"about":[{"href":"https:\/\/nordicmart.andreevmaster.com\/fi\/wp-json\/wp\/v2\/types\/product"}],"replies":[{"embeddable":true,"href":"https:\/\/nordicmart.andreevmaster.com\/fi\/wp-json\/wp\/v2\/comments?post=36990"}],"wp:attachment":[{"href":"https:\/\/nordicmart.andreevmaster.com\/fi\/wp-json\/wp\/v2\/media?parent=36990"}],"wp:term":[{"taxonomy":"product_brand","embeddable":true,"href":"https:\/\/nordicmart.andreevmaster.com\/fi\/wp-json\/wp\/v2\/product_brand?post=36990"},{"taxonomy":"product_cat","embeddable":true,"href":"https:\/\/nordicmart.andreevmaster.com\/fi\/wp-json\/wp\/v2\/product_cat?post=36990"},{"taxonomy":"product_tag","embeddable":true,"href":"https:\/\/nordicmart.andreevmaster.com\/fi\/wp-json\/wp\/v2\/product_tag?post=36990"}],"curies":[{"name":"wp","href":"https:\/\/api.w.org\/{rel}","templated":true}]}}