{"id":36989,"date":"2026-02-27T00:36:55","date_gmt":"2026-02-27T00:36:55","guid":{"rendered":"https:\/\/nordicmart.andreevmaster.com\/product\/big-maxi-power-worker-ajettava-kaivinkone\/"},"modified":"2026-02-27T09:54:06","modified_gmt":"2026-02-27T09:54:06","slug":"big-maxi-power-worker-ajettava-kaivinkone","status":"publish","type":"product","link":"https:\/\/nordicmart.andreevmaster.com\/fi\/tuote\/big-maxi-power-worker-ajettava-kaivinkone\/","title":{"rendered":"BIG Maxi Power Worker -ajettava kaivinkone"},"content":{"rendered":"<p>Maxi-kaivinkone on erinomainen BIG-dumpperi, jolla voi leikki\u00e4 sek\u00e4 sis\u00e4ll\u00e4 ett\u00e4 ulkona. Markkinoiden paras laatu! Saksalaista kest\u00e4vyytt\u00e4 ja tarkkuutta. T\u00e4ydellinen lahjaidea jokaiselle lapselle. Ajoneuvo ilahduttaa sek\u00e4 poikia ett\u00e4 tytt\u00f6j\u00e4. Tuote on suunniteltu pienimpien turvallisuus mieless\u00e4. Se stimuloi lapsen mielikuvitusta ja parantaa motorista koordinaatiota. Hauskuus ei lopu koskaan!Ominaisuudet:<\/p>\n<p>* 3-vuotiaille ja sit\u00e4 vanhemmille lapsille,<br \/>\n* iso mukava istuin,<br \/>\n* t\u00e4ysin toimiva kaivinkoneen varsi, 360 asteen kierto pystyakselin ymp\u00e4ri,<br \/>\n* pehme\u00e4t kumipy\u00f6r\u00e4t, eiv\u00e4t naarmuta pintoja, eiv\u00e4t aiheuta melua,<br \/>\n* kantavuus jopa 50 kg,<br \/>\n* koko ajoneuvo on helppo pest\u00e4 juoksevan veden alla.<\/p>\n<p>Saksalainen laatu ja luotettavuus \u2013 n\u00e4m\u00e4 kaksi termi\u00e4 kuvaavat tarkasti lelujen valmistajaa BIG. Yritys, jonka toimipaikka sijaitsee aivan maamme l\u00e4nsirajalla, on erikoistunut monenlaisiin leluihin. Erityisen huomionarvoisia ovat heid\u00e4n ajettavissa olevat lelunsa, mutta he tarjoavat my\u00f6s hiekkalaatikoita ja polkupy\u00f6ri\u00e4. Valikoimaan kuuluu my\u00f6s rakennuspalikoita, erilaisia keinukekoja, kelkkoja ja muita leluja.<\/p>\n","protected":false},"excerpt":{"rendered":"<p>Maxi-kaivinkone on erinomainen BIG-dumpperi, jolla voi leikki\u00e4 sek\u00e4 sis\u00e4ll\u00e4 ett\u00e4 ulkona. Markkinoiden paras laatu! Saksalaista kest\u00e4vyytt\u00e4 ja tarkkuutta. T\u00e4ydellinen lahjaidea jokaiselle lapselle. Ajoneuvo ilahduttaa sek\u00e4 poikia ett\u00e4 tytt\u00f6j\u00e4. Tuote on suunniteltu pienimpien turvallisuus mieless\u00e4. Se stimuloi lapsen mielikuvitusta ja parantaa motorista koordinaatiota. Hauskuus ei lopu koskaan!Ominaisuudet: * 3-vuotiaille ja sit\u00e4 vanhemmille lapsille, * iso mukava [&hellip;]<\/p>\n","protected":false},"featured_media":0,"comment_status":"open","ping_status":"closed","template":"","meta":[],"product_brand":[],"product_cat":[32],"product_tag":[],"class_list":{"0":"post-36989","1":"product","2":"type-product","3":"status-publish","5":"product_cat-uncategorized-fi","7":"first","8":"instock","9":"shipping-taxable","10":"purchasable","11":"product-type-simple"},"_links":{"self":[{"href":"https:\/\/nordicmart.andreevmaster.com\/fi\/wp-json\/wp\/v2\/product\/36989","targetHints":{"allow":["GET"]}}],"collection":[{"href":"https:\/\/nordicmart.andreevmaster.com\/fi\/wp-json\/wp\/v2\/product"}],"about":[{"href":"https:\/\/nordicmart.andreevmaster.com\/fi\/wp-json\/wp\/v2\/types\/product"}],"replies":[{"embeddable":true,"href":"https:\/\/nordicmart.andreevmaster.com\/fi\/wp-json\/wp\/v2\/comments?post=36989"}],"wp:attachment":[{"href":"https:\/\/nordicmart.andreevmaster.com\/fi\/wp-json\/wp\/v2\/media?parent=36989"}],"wp:term":[{"taxonomy":"product_brand","embeddable":true,"href":"https:\/\/nordicmart.andreevmaster.com\/fi\/wp-json\/wp\/v2\/product_brand?post=36989"},{"taxonomy":"product_cat","embeddable":true,"href":"https:\/\/nordicmart.andreevmaster.com\/fi\/wp-json\/wp\/v2\/product_cat?post=36989"},{"taxonomy":"product_tag","embeddable":true,"href":"https:\/\/nordicmart.andreevmaster.com\/fi\/wp-json\/wp\/v2\/product_tag?post=36989"}],"curies":[{"name":"wp","href":"https:\/\/api.w.org\/{rel}","templated":true}]}}