{"id":36988,"date":"2026-02-27T00:36:54","date_gmt":"2026-02-27T00:36:54","guid":{"rendered":"https:\/\/nordicmart.andreevmaster.com\/product\/big-maxi-truck-off-road-vehicle-2\/"},"modified":"2026-02-27T09:54:06","modified_gmt":"2026-02-27T09:54:06","slug":"big-maxi-truck-off-road-vehicle-2","status":"publish","type":"product","link":"https:\/\/nordicmart.andreevmaster.com\/fi\/tuote\/big-maxi-truck-off-road-vehicle-2\/","title":{"rendered":"BIG Maxi Truck Off-Road Vehicle"},"content":{"rendered":"<p>Erinomainen BIG-maastoauto leikkimiseen kotona ja ulkona. Markkinoiden paras laatu! Saksalaista kest\u00e4vyytt\u00e4 ja tarkkuutta. Puolen metrin pituinen auto \u2013 t\u00e4m\u00e4 ajettava lelu ilahduttaa jokaista lasta! Lelu on suunniteltu pienimmille mieless\u00e4.Ominaisuudet:<\/p>\n<p>* Power Worker -dumpperi on suunniteltu sek\u00e4 sis\u00e4- ett\u00e4 ulkok\u00e4ytt\u00f6\u00f6n.<br \/>\n* Ergonominen ohjaamon katto ilman ter\u00e4vi\u00e4 reunoja sopii t\u00e4ydellisesti pienille k\u00e4sille.<br \/>\n* Suuret py\u00f6r\u00e4t on valmistettu pehme\u00e4st\u00e4 materiaalista, ne ovat kest\u00e4vi\u00e4, mutta eiv\u00e4t j\u00e4t\u00e4 j\u00e4lki\u00e4 lattiaan.<br \/>\n* Laadukas valmistus takaa helpon puhdistuksen juoksevan veden alla.<br \/>\n* Varustettu kaatumislukolla.* Enimm\u00e4iskuorma: 50 kg. Saksalainen laatu ja luotettavuus \u2013 n\u00e4m\u00e4 kaksi termi\u00e4 kuvaavat tarkasti lelujen valmistajaa BIG. Yritys, jonka toimipaikka sijaitsee maamme l\u00e4nsirajalla, on erikoistunut monenlaisiin leluihin. Erityisen huomionarvoisia ovat sen ajettavat lelut, mutta se tarjoaa my\u00f6s hiekkalaatikoita ja polkupy\u00f6ri\u00e4. Valikoimaan kuuluu my\u00f6s rakennuspalikoita, erilaisia keinuk\u00e4rryj\u00e4, kelkkoja ja muita leluja.<\/p>\n","protected":false},"excerpt":{"rendered":"<p>Erinomainen BIG-maastoauto leikkimiseen kotona ja ulkona. Markkinoiden paras laatu! Saksalaista kest\u00e4vyytt\u00e4 ja tarkkuutta. Puolen metrin pituinen auto \u2013 t\u00e4m\u00e4 ajettava lelu ilahduttaa jokaista lasta! Lelu on suunniteltu pienimmille mieless\u00e4.Ominaisuudet: * Power Worker -dumpperi on suunniteltu sek\u00e4 sis\u00e4- ett\u00e4 ulkok\u00e4ytt\u00f6\u00f6n. * Ergonominen ohjaamon katto ilman ter\u00e4vi\u00e4 reunoja sopii t\u00e4ydellisesti pienille k\u00e4sille. * Suuret py\u00f6r\u00e4t on valmistettu [&hellip;]<\/p>\n","protected":false},"featured_media":0,"comment_status":"open","ping_status":"closed","template":"","meta":[],"product_brand":[],"product_cat":[32],"product_tag":[],"class_list":{"0":"post-36988","1":"product","2":"type-product","3":"status-publish","5":"product_cat-uncategorized-fi","7":"first","8":"instock","9":"shipping-taxable","10":"purchasable","11":"product-type-simple"},"_links":{"self":[{"href":"https:\/\/nordicmart.andreevmaster.com\/fi\/wp-json\/wp\/v2\/product\/36988","targetHints":{"allow":["GET"]}}],"collection":[{"href":"https:\/\/nordicmart.andreevmaster.com\/fi\/wp-json\/wp\/v2\/product"}],"about":[{"href":"https:\/\/nordicmart.andreevmaster.com\/fi\/wp-json\/wp\/v2\/types\/product"}],"replies":[{"embeddable":true,"href":"https:\/\/nordicmart.andreevmaster.com\/fi\/wp-json\/wp\/v2\/comments?post=36988"}],"wp:attachment":[{"href":"https:\/\/nordicmart.andreevmaster.com\/fi\/wp-json\/wp\/v2\/media?parent=36988"}],"wp:term":[{"taxonomy":"product_brand","embeddable":true,"href":"https:\/\/nordicmart.andreevmaster.com\/fi\/wp-json\/wp\/v2\/product_brand?post=36988"},{"taxonomy":"product_cat","embeddable":true,"href":"https:\/\/nordicmart.andreevmaster.com\/fi\/wp-json\/wp\/v2\/product_cat?post=36988"},{"taxonomy":"product_tag","embeddable":true,"href":"https:\/\/nordicmart.andreevmaster.com\/fi\/wp-json\/wp\/v2\/product_tag?post=36988"}],"curies":[{"name":"wp","href":"https:\/\/api.w.org\/{rel}","templated":true}]}}