{"id":36986,"date":"2026-02-27T00:36:54","date_gmt":"2026-02-27T00:36:54","guid":{"rendered":"https:\/\/nordicmart.andreevmaster.com\/product\/woopie-2-in-1-vesipoyta-hiekkalaatikko-merirosvolaiva-xl-saippuakuplakoneella\/"},"modified":"2026-02-27T09:54:05","modified_gmt":"2026-02-27T09:54:05","slug":"woopie-2-in-1-vesipoyta-hiekkalaatikko-merirosvolaiva-xl-saippuakuplakoneella","status":"publish","type":"product","link":"https:\/\/nordicmart.andreevmaster.com\/fi\/tuote\/woopie-2-in-1-vesipoyta-hiekkalaatikko-merirosvolaiva-xl-saippuakuplakoneella\/","title":{"rendered":"WOOPIE 2-in-1-vesip\u00f6yt\u00e4-hiekkalaatikko-merirosvolaiva XL saippuakuplakoneella"},"content":{"rendered":"<p>Woopie-merirosvolaiva-vesip\u00f6yt\u00e4 on ainutlaatuinen lelu, joka vie lapset merirosvojen seikkailujen maailmaan ja tarjoaa tuntikausia luovaa ulkoilunautintoa. Runsaan v\u00e4rikk\u00e4iden lis\u00e4varusteiden, liikkuvien osien ja merirosvotornin ansiosta pienet voivat leikki\u00e4 vedell\u00e4, leikki\u00e4 kuplilla, py\u00f6ritt\u00e4\u00e4 vesipy\u00f6r\u00e4\u00e4 ja l\u00f6yt\u00e4\u00e4 lukuisia leikkimahdollisuuksia. Yksinkertainen, vankka rakenne ja suuri koko tekev\u00e4t p\u00f6yd\u00e4st\u00e4 mukavan ja houkuttelevan jopa useammalle lapselle kerralla. Ominaisuudet: &#8211; 3-vuotiaille ja sit\u00e4 vanhemmille lapsille<br \/>\n* &#8211; Vakaa ja helppo koota, valmistettu kest\u00e4v\u00e4st\u00e4 muovista<br \/>\n* &#8211; Ihanteellinen puutarhaan tai hiekkalaatikkoon<br \/>\n* &#8211; Yksinkertainen rakenne, jonka ansiosta p\u00f6yt\u00e4 on helppo tyhjent\u00e4\u00e4 ja puhdistaa<br \/>\n* &#8211; Suuren kokonsa ansiosta p\u00f6yd\u00e4n \u00e4\u00e4ress\u00e4 voi leikki\u00e4 useampi lapsi kerralla<br \/>\n* &#8211; Kaikki osat ovat py\u00f6ristettyj\u00e4, mik\u00e4 takaa mukavuuden ja turvallisuuden leikin aikana.<\/p>\n<p>Setti sis\u00e4lt\u00e4\u00e4:<\/p>\n<p>* &#8211; Vesip\u00f6yt\u00e4<br \/>\n* &#8211; Vesitykki<br \/>\n* &#8211; Kuplakone<br \/>\n* &#8211; Vesiliukum\u00e4ki<br \/>\n* &#8211; Ankkuri<br \/>\n* &#8211; Masto ja korppikotka<br \/>\n* &#8211; Merirosvohahmo<br \/>\n* &#8211; 6 pient\u00e4 vesipy\u00f6r\u00e4\u00e4<br \/>\n* &#8211; Suuri vesipy\u00f6r\u00e4<br \/>\n* &#8211; 3 kelluvaa el\u00e4int\u00e4<br \/>\n* &#8211; 4 kupillista veden kaatamista varten<\/p>\n<p>Lelu kehitt\u00e4\u00e4:<\/p>\n<p>* &#8211; Motorisia taitoja<br \/>\n* &#8211; K\u00e4sien ja silmien koordinaatiota<br \/>\n* &#8211; Luovuutta<br \/>\n* &#8211; Mielikuvitusta<br \/>\n* &#8211; Loogista ajattelua<br \/>\n* &#8211; Ongelmanratkaisutaitoja<br \/>\n* &#8211; Aistien integraatiota<\/p>\n","protected":false},"excerpt":{"rendered":"<p>Woopie-merirosvolaiva-vesip\u00f6yt\u00e4 on ainutlaatuinen lelu, joka vie lapset merirosvojen seikkailujen maailmaan ja tarjoaa tuntikausia luovaa ulkoilunautintoa. Runsaan v\u00e4rikk\u00e4iden lis\u00e4varusteiden, liikkuvien osien ja merirosvotornin ansiosta pienet voivat leikki\u00e4 vedell\u00e4, leikki\u00e4 kuplilla, py\u00f6ritt\u00e4\u00e4 vesipy\u00f6r\u00e4\u00e4 ja l\u00f6yt\u00e4\u00e4 lukuisia leikkimahdollisuuksia. Yksinkertainen, vankka rakenne ja suuri koko tekev\u00e4t p\u00f6yd\u00e4st\u00e4 mukavan ja houkuttelevan jopa useammalle lapselle kerralla. Ominaisuudet: &#8211; 3-vuotiaille ja sit\u00e4 [&hellip;]<\/p>\n","protected":false},"featured_media":0,"comment_status":"open","ping_status":"closed","template":"","meta":[],"product_brand":[],"product_cat":[32],"product_tag":[],"class_list":{"0":"post-36986","1":"product","2":"type-product","3":"status-publish","5":"product_cat-uncategorized-fi","7":"first","8":"instock","9":"shipping-taxable","10":"purchasable","11":"product-type-simple"},"_links":{"self":[{"href":"https:\/\/nordicmart.andreevmaster.com\/fi\/wp-json\/wp\/v2\/product\/36986","targetHints":{"allow":["GET"]}}],"collection":[{"href":"https:\/\/nordicmart.andreevmaster.com\/fi\/wp-json\/wp\/v2\/product"}],"about":[{"href":"https:\/\/nordicmart.andreevmaster.com\/fi\/wp-json\/wp\/v2\/types\/product"}],"replies":[{"embeddable":true,"href":"https:\/\/nordicmart.andreevmaster.com\/fi\/wp-json\/wp\/v2\/comments?post=36986"}],"wp:attachment":[{"href":"https:\/\/nordicmart.andreevmaster.com\/fi\/wp-json\/wp\/v2\/media?parent=36986"}],"wp:term":[{"taxonomy":"product_brand","embeddable":true,"href":"https:\/\/nordicmart.andreevmaster.com\/fi\/wp-json\/wp\/v2\/product_brand?post=36986"},{"taxonomy":"product_cat","embeddable":true,"href":"https:\/\/nordicmart.andreevmaster.com\/fi\/wp-json\/wp\/v2\/product_cat?post=36986"},{"taxonomy":"product_tag","embeddable":true,"href":"https:\/\/nordicmart.andreevmaster.com\/fi\/wp-json\/wp\/v2\/product_tag?post=36986"}],"curies":[{"name":"wp","href":"https:\/\/api.w.org\/{rel}","templated":true}]}}