{"id":36985,"date":"2026-02-27T00:36:54","date_gmt":"2026-02-27T00:36:54","guid":{"rendered":"https:\/\/nordicmart.andreevmaster.com\/product\/woopie-huge-aquapark-vesipoyta-6-in-1-hiekkalaatikko-vesiputous-vesiliukumaki-6-tasoinen-modulaarinen\/"},"modified":"2026-02-27T09:54:05","modified_gmt":"2026-02-27T09:54:05","slug":"woopie-huge-aquapark-vesipoyta-6-in-1-hiekkalaatikko-vesiputous-vesiliukumaki-6-tasoinen-modulaarinen","status":"publish","type":"product","link":"https:\/\/nordicmart.andreevmaster.com\/fi\/tuote\/woopie-huge-aquapark-vesipoyta-6-in-1-hiekkalaatikko-vesiputous-vesiliukumaki-6-tasoinen-modulaarinen\/","title":{"rendered":"WOOPIE Huge Aquapark -vesip\u00f6yt\u00e4 6-in-1 hiekkalaatikko vesiputous vesiliukum\u00e4ki 6-tasoinen modulaarinen"},"content":{"rendered":"<p>Esittelyss\u00e4 Woopien upea interaktiivinen vesi- ja hiekkapuisto \u2013 t\u00e4ydellinen leikkikeskus, joka tuo rantael\u00e4mykset suoraan takapihallesi! T\u00e4m\u00e4 ainutlaatuinen lelu tarjoaa useita tasoja ja asemia veden ja hiekan leikkimiseen, mik\u00e4 takaa tuntikausia luovaa ja mukaansatempaavaa viihdett\u00e4. Lapset voivat luoda vesiputouksia, rakentaa hiekkalinnoja ja tutustua pienten kuvanveist\u00e4jien ja insin\u00f6\u00f6rien kiehtovaan maailmaan. Runsas lis\u00e4varustevalikoima t\u00e4ytt\u00e4\u00e4 jokaisen hetken ilolla ja uusilla l\u00f6yt\u00f6ill\u00e4!<\/p>\n<p>Ominaisuudet:<\/p>\n<p>* &#8211; 3-vuotiaille ja sit\u00e4 vanhemmille lapsille<br \/>\n* &#8211; Tarjoaa erilaisia alueita veden ja hiekan leikkeihin, mukaan lukien korkea vesiputous ja altaat<br \/>\n* &#8211; Varustettu muun muassa py\u00f6rivill\u00e4 vesipy\u00f6rill\u00e4, erityisill\u00e4 kouruilla ja elementeill\u00e4 veden virtauksen ohjaamiseen, mik\u00e4 takaa dynaamisen leikin<br \/>\n* &#8211; Keskustornissa on aukko yl\u00e4osassa, josta vett\u00e4 voidaan kaataa ja luoda upeita vesiputouksia<br \/>\n* &#8211; Sis\u00e4lt\u00e4\u00e4 lukuisia hiekkaty\u00f6kaluja ja erimuotoisia muotteja sek\u00e4 kauhoja ja muita elementtej\u00e4 vesileikkeihin<br \/>\n* &#8211; Valmistettu korkealaatuisesta muovista, jossa on sile\u00e4t reunat, turvallinen lapsille<br \/>\n* &#8211; Modulaarinen rakenne mahdollistaa nopean kokoamisen ja s\u00e4ilytyksen<br \/>\n* &#8211; Ihanteellinen puutarhaan, terassille tai parvekkeelle, edist\u00e4\u00e4 aktiivista ulkoleikki\u00e4<\/p>\n<p>Setti sis\u00e4lt\u00e4\u00e4:<\/p>\n<p>* &#8211; Monitasoinen p\u00f6yt\u00e4 vesi- ja hiekka-leikkeihin<br \/>\n* &#8211; Suihkul\u00e4hde-\/vesiputousrakennuksen osat (torni, kourut, putket)<br \/>\n* &#8211; P\u00f6yd\u00e4n jalat<br \/>\n* &#8211; Py\u00f6riv\u00e4t vesipy\u00f6r\u00e4t<br \/>\n* &#8211; Kastelukannu<br \/>\n* &#8211; \u00c4mp\u00e4rit<br \/>\n* &#8211; Vene<br \/>\n* &#8211; Lapio ja harava<br \/>\n* &#8211; Hiekkamuotit (esim. rapu, kilpikonna, simpukka, merit\u00e4hti, kala)<\/p>\n<p>Lelu kehitt\u00e4\u00e4:<\/p>\n<p>* &#8211; K\u00e4sien motorisia taitoja ja liikkeiden tarkkuutta<br \/>\n* &#8211; K\u00e4sien ja silmien koordinaatiota<br \/>\n* &#8211; Luovuutta ja mielikuvitusta<br \/>\n* &#8211; Syy-seuraus-ajattelua<br \/>\n* &#8211; Aistien kehityst\u00e4<br \/>\n* &#8211; Sosiaalisia taitoja<\/p>\n","protected":false},"excerpt":{"rendered":"<p>Esittelyss\u00e4 Woopien upea interaktiivinen vesi- ja hiekkapuisto \u2013 t\u00e4ydellinen leikkikeskus, joka tuo rantael\u00e4mykset suoraan takapihallesi! T\u00e4m\u00e4 ainutlaatuinen lelu tarjoaa useita tasoja ja asemia veden ja hiekan leikkimiseen, mik\u00e4 takaa tuntikausia luovaa ja mukaansatempaavaa viihdett\u00e4. Lapset voivat luoda vesiputouksia, rakentaa hiekkalinnoja ja tutustua pienten kuvanveist\u00e4jien ja insin\u00f6\u00f6rien kiehtovaan maailmaan. Runsas lis\u00e4varustevalikoima t\u00e4ytt\u00e4\u00e4 jokaisen hetken ilolla ja [&hellip;]<\/p>\n","protected":false},"featured_media":0,"comment_status":"open","ping_status":"closed","template":"","meta":[],"product_brand":[],"product_cat":[32],"product_tag":[],"class_list":{"0":"post-36985","1":"product","2":"type-product","3":"status-publish","5":"product_cat-uncategorized-fi","7":"first","8":"instock","9":"shipping-taxable","10":"purchasable","11":"product-type-simple"},"_links":{"self":[{"href":"https:\/\/nordicmart.andreevmaster.com\/fi\/wp-json\/wp\/v2\/product\/36985","targetHints":{"allow":["GET"]}}],"collection":[{"href":"https:\/\/nordicmart.andreevmaster.com\/fi\/wp-json\/wp\/v2\/product"}],"about":[{"href":"https:\/\/nordicmart.andreevmaster.com\/fi\/wp-json\/wp\/v2\/types\/product"}],"replies":[{"embeddable":true,"href":"https:\/\/nordicmart.andreevmaster.com\/fi\/wp-json\/wp\/v2\/comments?post=36985"}],"wp:attachment":[{"href":"https:\/\/nordicmart.andreevmaster.com\/fi\/wp-json\/wp\/v2\/media?parent=36985"}],"wp:term":[{"taxonomy":"product_brand","embeddable":true,"href":"https:\/\/nordicmart.andreevmaster.com\/fi\/wp-json\/wp\/v2\/product_brand?post=36985"},{"taxonomy":"product_cat","embeddable":true,"href":"https:\/\/nordicmart.andreevmaster.com\/fi\/wp-json\/wp\/v2\/product_cat?post=36985"},{"taxonomy":"product_tag","embeddable":true,"href":"https:\/\/nordicmart.andreevmaster.com\/fi\/wp-json\/wp\/v2\/product_tag?post=36985"}],"curies":[{"name":"wp","href":"https:\/\/api.w.org\/{rel}","templated":true}]}}