{"id":36984,"date":"2026-02-27T00:36:54","date_gmt":"2026-02-27T00:36:54","guid":{"rendered":"https:\/\/nordicmart.andreevmaster.com\/product\/woopie-2-in-1-vesipoyta-ja-hiekkalaatikko-tuolilla-aquapark-delfiinilla\/"},"modified":"2026-02-27T09:54:05","modified_gmt":"2026-02-27T09:54:05","slug":"woopie-2-in-1-vesipoyta-ja-hiekkalaatikko-tuolilla-aquapark-delfiinilla","status":"publish","type":"product","link":"https:\/\/nordicmart.andreevmaster.com\/fi\/tuote\/woopie-2-in-1-vesipoyta-ja-hiekkalaatikko-tuolilla-aquapark-delfiinilla\/","title":{"rendered":"WOOPIE 2-in-1-vesip\u00f6yt\u00e4 ja hiekkalaatikko tuolilla Aquapark delfiinill\u00e4"},"content":{"rendered":"<p>Woopien 3-in-1-setti on t\u00e4ydellinen lapsille, jotka rakastavat kokeilla, luoda ja viett\u00e4\u00e4 aikaa aktiivisesti ulkona. Lukuisien lis\u00e4varusteiden ja toimivan p\u00f6yd\u00e4n ja tuolin ansiosta pienet voivat leikki\u00e4 hiekalla, kaataa vett\u00e4, rakentaa ja tutkia maailmaa aisteillaan!<\/p>\n<p>### Ominaisuudet:<\/p>\n<p>* &#8211; 3-vuotiaille ja sit\u00e4 vanhemmille lapsille<br \/>\n* &#8211; 3-in-1 \u2013 leiki vedell\u00e4, hiekalla ja lis\u00e4varusteilla kaatamiseen ja muovaamiseen<br \/>\n* &#8211; Sis\u00e4- ja ulkok\u00e4ytt\u00f6\u00f6n (puutarha, ranta, parveke)<br \/>\n* &#8211; Laaja sarja: lapiot, haravat, muotit, kastelukannut, \u00e4mp\u00e4rit ja liukum\u00e4ki<br \/>\n* &#8211; Kukkakuvioinen p\u00f6yt\u00e4 \u2013 v\u00e4rik\u00e4s, vakaa ja toimiva<br \/>\n* &#8211; Mukana mukava, lapsen pituuteen s\u00e4\u00e4dett\u00e4v\u00e4 istuin<br \/>\n* &#8211; Vankka muovi \u2013 turvallinen ja s\u00e4\u00e4nkest\u00e4v\u00e4<br \/>\n* &#8211; Helppo ja nopea koota \u2013 valmis leikkiin muutamassa minuutissa!<\/p>\n<p>### Sarja sis\u00e4lt\u00e4\u00e4:<\/p>\n<p>* &#8211; 1 x vesi- ja hiekkap\u00f6yt\u00e4 lokeroilla<br \/>\n* &#8211; 1 x tuoli<br \/>\n* &#8211; 4 x eri v\u00e4risi\u00e4 ja muotoisia lapioita<br \/>\n* &#8211; 1 x harava<br \/>\n* &#8211; 2 x \u00e4mp\u00e4ri\u00e4<br \/>\n* &#8211; 1 x kastelukannu<br \/>\n* &#8211; 1 x liukum\u00e4ki<br \/>\n* &#8211; 4 x muottia ja hahmoja (merenel\u00e4vi\u00e4 ja el\u00e4imi\u00e4)<br \/>\n* &#8211; 2 x vesipy\u00f6r\u00e4\u00e4 \/ kaatolaitetta<\/p>\n<p>### Lelu kehitt\u00e4\u00e4:<\/p>\n<p>* &#8211; hienomotoriikkaa<br \/>\n* &#8211; k\u00e4si-silm\u00e4-koordinaatiota<br \/>\n* &#8211; luovuutta ja luovaa ajattelua<br \/>\n* &#8211; sosiaalisia taitoja (ryhm\u00e4ss\u00e4 leikkiminen)<br \/>\n* &#8211; ongelmanratkaisutaitoja<br \/>\n* &#8211; aistien integraatiota<\/p>\n","protected":false},"excerpt":{"rendered":"<p>Woopien 3-in-1-setti on t\u00e4ydellinen lapsille, jotka rakastavat kokeilla, luoda ja viett\u00e4\u00e4 aikaa aktiivisesti ulkona. Lukuisien lis\u00e4varusteiden ja toimivan p\u00f6yd\u00e4n ja tuolin ansiosta pienet voivat leikki\u00e4 hiekalla, kaataa vett\u00e4, rakentaa ja tutkia maailmaa aisteillaan! ### Ominaisuudet: * &#8211; 3-vuotiaille ja sit\u00e4 vanhemmille lapsille * &#8211; 3-in-1 \u2013 leiki vedell\u00e4, hiekalla ja lis\u00e4varusteilla kaatamiseen ja muovaamiseen * [&hellip;]<\/p>\n","protected":false},"featured_media":0,"comment_status":"open","ping_status":"closed","template":"","meta":[],"product_brand":[],"product_cat":[32],"product_tag":[],"class_list":{"0":"post-36984","1":"product","2":"type-product","3":"status-publish","5":"product_cat-uncategorized-fi","7":"first","8":"instock","9":"shipping-taxable","10":"purchasable","11":"product-type-simple"},"_links":{"self":[{"href":"https:\/\/nordicmart.andreevmaster.com\/fi\/wp-json\/wp\/v2\/product\/36984","targetHints":{"allow":["GET"]}}],"collection":[{"href":"https:\/\/nordicmart.andreevmaster.com\/fi\/wp-json\/wp\/v2\/product"}],"about":[{"href":"https:\/\/nordicmart.andreevmaster.com\/fi\/wp-json\/wp\/v2\/types\/product"}],"replies":[{"embeddable":true,"href":"https:\/\/nordicmart.andreevmaster.com\/fi\/wp-json\/wp\/v2\/comments?post=36984"}],"wp:attachment":[{"href":"https:\/\/nordicmart.andreevmaster.com\/fi\/wp-json\/wp\/v2\/media?parent=36984"}],"wp:term":[{"taxonomy":"product_brand","embeddable":true,"href":"https:\/\/nordicmart.andreevmaster.com\/fi\/wp-json\/wp\/v2\/product_brand?post=36984"},{"taxonomy":"product_cat","embeddable":true,"href":"https:\/\/nordicmart.andreevmaster.com\/fi\/wp-json\/wp\/v2\/product_cat?post=36984"},{"taxonomy":"product_tag","embeddable":true,"href":"https:\/\/nordicmart.andreevmaster.com\/fi\/wp-json\/wp\/v2\/product_tag?post=36984"}],"curies":[{"name":"wp","href":"https:\/\/api.w.org\/{rel}","templated":true}]}}