{"id":36983,"date":"2026-02-27T00:36:53","date_gmt":"2026-02-27T00:36:53","guid":{"rendered":"https:\/\/nordicmart.andreevmaster.com\/product\/woopie-2-in-1-vesipoyta-hiekkalaatikko-suihkulahde-xxl-vesipuisto-delfiineilla\/"},"modified":"2026-02-27T09:54:05","modified_gmt":"2026-02-27T09:54:05","slug":"woopie-2-in-1-vesipoyta-hiekkalaatikko-suihkulahde-xxl-vesipuisto-delfiineilla","status":"publish","type":"product","link":"https:\/\/nordicmart.andreevmaster.com\/fi\/tuote\/woopie-2-in-1-vesipoyta-hiekkalaatikko-suihkulahde-xxl-vesipuisto-delfiineilla\/","title":{"rendered":"WOOPIE 2-in-1-vesip\u00f6yt\u00e4, hiekkalaatikko, suihkul\u00e4hde XXL, vesipuisto delfiineill\u00e4"},"content":{"rendered":"<p>Tuo rantael\u00e4mys suoraan puutarhaan Woopien upealla 2-in-1-vesip\u00f6yd\u00e4ll\u00e4 ja hiekkalaatikolla! Se on innovatiivinen leikkikeskus, joka yhdist\u00e4\u00e4 veden loiskimisen ilon luoviin hiekkateoksiin. Monitasoinen muotoilu ja kaskadimaiset vesivirrat ilahduttavat jokaista pient\u00e4 lasta, ja lukuisat hiekka- ja vesitarvikkeet tarjoavat tuntikausia kiehtovaa ja kehityst\u00e4 edist\u00e4v\u00e4\u00e4 hauskaa. T\u00e4ydellinen puutarhaan, terassille tai jopa parvekkeelle \u2013 minne tahansa, miss\u00e4 haluat luoda lasten mielikuvituksen maagisen maailman!<\/p>\n<p>Ominaisuudet:<\/p>\n<p>* &#8211; 3-vuotiaille ja sit\u00e4 vanhemmille lapsille<br \/>\n* &#8211; Vesil\u00e4hde luo vaikuttavan vesiputouksen, joka kiehtoo lapsia<br \/>\n* &#8211; Toinen osa voidaan t\u00e4ytt\u00e4\u00e4 vedell\u00e4 ja toinen hiekalla<br \/>\n* &#8211; Py\u00f6riv\u00e4t vesipy\u00f6r\u00e4t, avattavat portit ja liikkuvat osat ohjaavat veden virtausta<br \/>\n* &#8211; Sile\u00e4t reunat ja tukevat materiaalit takaavat turvallisen leikin<br \/>\n* &#8211; Laaja lis\u00e4varustevalikoima<br \/>\n* &#8211; Yksinkertainen rakenne mahdollistaa nopean kokoamisen ja purkamisen<\/p>\n<p>Setti sis\u00e4lt\u00e4\u00e4:<\/p>\n<p>* &#8211; P\u00f6yd\u00e4n jalusta, jossa on kolme erillist\u00e4 lokeroa<br \/>\n* &#8211; Kolmitasoinen suihkul\u00e4hde, jossa on vesiputousj\u00e4rjestelm\u00e4 ja vesipy\u00f6r\u00e4t<br \/>\n* &#8211; Hiekka-lelut: lapio, harava, muotit (esim. rapu, kilpikonna, merit\u00e4hti, simpukka)<br \/>\n* &#8211; Vesitarvikkeet: \u00e4mp\u00e4rit, kastelukannu, vene, kupit<\/p>\n<p>Lelu kehitt\u00e4\u00e4:<\/p>\n<p>* &#8211; K\u00e4sien motorisia taitoja ja liikkeiden tarkkuutta<br \/>\n* &#8211; K\u00e4sien ja silmien koordinaatiota<br \/>\n* &#8211; Luovuutta ja mielikuvitusta<br \/>\n* &#8211; Syy-seuraus-ajattelua<br \/>\n* &#8211; Aistien kehityst\u00e4<br \/>\n* &#8211; Sosiaalisia taitoja<\/p>\n","protected":false},"excerpt":{"rendered":"<p>Tuo rantael\u00e4mys suoraan puutarhaan Woopien upealla 2-in-1-vesip\u00f6yd\u00e4ll\u00e4 ja hiekkalaatikolla! Se on innovatiivinen leikkikeskus, joka yhdist\u00e4\u00e4 veden loiskimisen ilon luoviin hiekkateoksiin. Monitasoinen muotoilu ja kaskadimaiset vesivirrat ilahduttavat jokaista pient\u00e4 lasta, ja lukuisat hiekka- ja vesitarvikkeet tarjoavat tuntikausia kiehtovaa ja kehityst\u00e4 edist\u00e4v\u00e4\u00e4 hauskaa. T\u00e4ydellinen puutarhaan, terassille tai jopa parvekkeelle \u2013 minne tahansa, miss\u00e4 haluat luoda lasten mielikuvituksen [&hellip;]<\/p>\n","protected":false},"featured_media":0,"comment_status":"open","ping_status":"closed","template":"","meta":[],"product_brand":[],"product_cat":[32],"product_tag":[],"class_list":{"0":"post-36983","1":"product","2":"type-product","3":"status-publish","5":"product_cat-uncategorized-fi","7":"first","8":"instock","9":"shipping-taxable","10":"purchasable","11":"product-type-simple"},"_links":{"self":[{"href":"https:\/\/nordicmart.andreevmaster.com\/fi\/wp-json\/wp\/v2\/product\/36983","targetHints":{"allow":["GET"]}}],"collection":[{"href":"https:\/\/nordicmart.andreevmaster.com\/fi\/wp-json\/wp\/v2\/product"}],"about":[{"href":"https:\/\/nordicmart.andreevmaster.com\/fi\/wp-json\/wp\/v2\/types\/product"}],"replies":[{"embeddable":true,"href":"https:\/\/nordicmart.andreevmaster.com\/fi\/wp-json\/wp\/v2\/comments?post=36983"}],"wp:attachment":[{"href":"https:\/\/nordicmart.andreevmaster.com\/fi\/wp-json\/wp\/v2\/media?parent=36983"}],"wp:term":[{"taxonomy":"product_brand","embeddable":true,"href":"https:\/\/nordicmart.andreevmaster.com\/fi\/wp-json\/wp\/v2\/product_brand?post=36983"},{"taxonomy":"product_cat","embeddable":true,"href":"https:\/\/nordicmart.andreevmaster.com\/fi\/wp-json\/wp\/v2\/product_cat?post=36983"},{"taxonomy":"product_tag","embeddable":true,"href":"https:\/\/nordicmart.andreevmaster.com\/fi\/wp-json\/wp\/v2\/product_tag?post=36983"}],"curies":[{"name":"wp","href":"https:\/\/api.w.org\/{rel}","templated":true}]}}