{"id":36982,"date":"2026-02-27T00:36:53","date_gmt":"2026-02-27T00:36:53","guid":{"rendered":"https:\/\/nordicmart.andreevmaster.com\/product\/woopie-4-in-1-vesipoyta-hiekkalaatikko-vesiputous-xl-4-tasoinen-delfiini\/"},"modified":"2026-02-27T09:54:04","modified_gmt":"2026-02-27T09:54:04","slug":"woopie-4-in-1-vesipoyta-hiekkalaatikko-vesiputous-xl-4-tasoinen-delfiini","status":"publish","type":"product","link":"https:\/\/nordicmart.andreevmaster.com\/fi\/tuote\/woopie-4-in-1-vesipoyta-hiekkalaatikko-vesiputous-xl-4-tasoinen-delfiini\/","title":{"rendered":"WOOPIE 4-in-1 vesip\u00f6yt\u00e4 hiekkalaatikko vesiputous XL 4-tasoinen delfiini"},"content":{"rendered":"<p>Vie veden ja hiekan leikkien hauskuus uudelle tasolle Woopien upealla 4-in-1-vesi- ja hiekkap\u00f6yd\u00e4ll\u00e4! T\u00e4m\u00e4 innovatiivinen setti on todellinen mini-huvipuisto lapsellesi, joka tarjoaa tuntikausia kiehtovaa hauskaa puutarhassa, rannalla tai jopa kylpyhuoneessa. Monitasoisen rakenteensa, vesiputouksensa, siirrett\u00e4vien osien ja laajan valikoiman lis\u00e4varusteiden ansiosta pienet voivat luoda omia vesiseikkailujaan, kehitt\u00e4\u00e4 luovuuttaan ja tutkia maailmaa aistien kautta. T\u00e4ydellinen itsen\u00e4iseen leikkiin ja yhteisiin kes\u00e4n seikkailuihin!<\/p>\n<p>Ominaisuudet:<\/p>\n<p>* &#8211; 3-vuotiaille ja sit\u00e4 vanhemmille lapsille<br \/>\n* &#8211; 4-in-1-monitoimisuus: vesip\u00f6yt\u00e4, hiekkalaatikko, rantasetit ja kylpyhuonelelut<br \/>\n* &#8211; Vesiputoukset, py\u00f6riv\u00e4t kelat ja kourut takaavat dynaamisen leikin<br \/>\n* &#8211; Paljon muotteja, lapioita, haravoita ja kastelukannu luovaan leikkiin<br \/>\n* &#8211; Leikkiminen vedell\u00e4 ja hiekalla stimuloi aisteja ja kehitt\u00e4\u00e4 k\u00e4den taitoja<br \/>\n* &#8211; Elementtien k\u00e4sittely ja veden kaataminen harjoittavat liikkeiden tarkkuutta<br \/>\n* &#8211; Yksinkertainen rakenne mahdollistaa nopean kokoamisen ja purkamisen<br \/>\n* &#8211; Valmistettu korkealaatuisesta, myrkytt\u00f6m\u00e4st\u00e4, s\u00e4\u00e4nkest\u00e4v\u00e4st\u00e4 muovista<br \/>\n* &#8211; Ihanteellinen ulko- ja sis\u00e4k\u00e4ytt\u00f6\u00f6n<\/p>\n<p>Setti sis\u00e4lt\u00e4\u00e4:<\/p>\n<p>* &#8211; Monitasoinen vesi-\/hiekkap\u00f6yt\u00e4<br \/>\n* &#8211; Muottisetti<br \/>\n* &#8211; Lapio ja harava<br \/>\n* &#8211; Kastelukannu<br \/>\n* &#8211; Vesiputouselementit (kourut, kelat, py\u00f6riv\u00e4t roottorit)<br \/>\n* &#8211; Vesiel\u00e4inhahmot<\/p>\n<p>Lelu kehitt\u00e4\u00e4:<\/p>\n<p>* &#8211; K\u00e4sien motorisia taitoja ja liikkeiden tarkkuutta<br \/>\n* &#8211; K\u00e4sien ja silmien koordinaatiota<br \/>\n* &#8211; Luovuutta ja mielikuvitusta<br \/>\n* &#8211; Syy-seuraus-ajattelua<br \/>\n* &#8211; Aistien kehityst\u00e4<br \/>\n* &#8211; Sosiaalisia taitoja<\/p>\n","protected":false},"excerpt":{"rendered":"<p>Vie veden ja hiekan leikkien hauskuus uudelle tasolle Woopien upealla 4-in-1-vesi- ja hiekkap\u00f6yd\u00e4ll\u00e4! T\u00e4m\u00e4 innovatiivinen setti on todellinen mini-huvipuisto lapsellesi, joka tarjoaa tuntikausia kiehtovaa hauskaa puutarhassa, rannalla tai jopa kylpyhuoneessa. Monitasoisen rakenteensa, vesiputouksensa, siirrett\u00e4vien osien ja laajan valikoiman lis\u00e4varusteiden ansiosta pienet voivat luoda omia vesiseikkailujaan, kehitt\u00e4\u00e4 luovuuttaan ja tutkia maailmaa aistien kautta. T\u00e4ydellinen itsen\u00e4iseen leikkiin [&hellip;]<\/p>\n","protected":false},"featured_media":0,"comment_status":"open","ping_status":"closed","template":"","meta":[],"product_brand":[],"product_cat":[32],"product_tag":[],"class_list":{"0":"post-36982","1":"product","2":"type-product","3":"status-publish","5":"product_cat-uncategorized-fi","7":"first","8":"instock","9":"shipping-taxable","10":"purchasable","11":"product-type-simple"},"_links":{"self":[{"href":"https:\/\/nordicmart.andreevmaster.com\/fi\/wp-json\/wp\/v2\/product\/36982","targetHints":{"allow":["GET"]}}],"collection":[{"href":"https:\/\/nordicmart.andreevmaster.com\/fi\/wp-json\/wp\/v2\/product"}],"about":[{"href":"https:\/\/nordicmart.andreevmaster.com\/fi\/wp-json\/wp\/v2\/types\/product"}],"replies":[{"embeddable":true,"href":"https:\/\/nordicmart.andreevmaster.com\/fi\/wp-json\/wp\/v2\/comments?post=36982"}],"wp:attachment":[{"href":"https:\/\/nordicmart.andreevmaster.com\/fi\/wp-json\/wp\/v2\/media?parent=36982"}],"wp:term":[{"taxonomy":"product_brand","embeddable":true,"href":"https:\/\/nordicmart.andreevmaster.com\/fi\/wp-json\/wp\/v2\/product_brand?post=36982"},{"taxonomy":"product_cat","embeddable":true,"href":"https:\/\/nordicmart.andreevmaster.com\/fi\/wp-json\/wp\/v2\/product_cat?post=36982"},{"taxonomy":"product_tag","embeddable":true,"href":"https:\/\/nordicmart.andreevmaster.com\/fi\/wp-json\/wp\/v2\/product_tag?post=36982"}],"curies":[{"name":"wp","href":"https:\/\/api.w.org\/{rel}","templated":true}]}}