{"id":36981,"date":"2026-02-27T00:36:53","date_gmt":"2026-02-27T00:36:53","guid":{"rendered":"https:\/\/nordicmart.andreevmaster.com\/product\/big-liikennemerkit\/"},"modified":"2026-02-27T09:54:04","modified_gmt":"2026-02-27T09:54:04","slug":"big-liikennemerkit","status":"publish","type":"product","link":"https:\/\/nordicmart.andreevmaster.com\/fi\/tuote\/big-liikennemerkit\/","title":{"rendered":"BIG-liikennemerkit"},"content":{"rendered":"<p>BIG-liikennemerkit ovat erinomainen oppimisen apuv\u00e4line 12 kuukauden ik\u00e4isille lapsille. Realististen merkint\u00f6jen ansiosta pikkulapset voivat oppia helposti ja hauskasti liikenteen peruss\u00e4\u00e4nn\u00f6t ja kehitt\u00e4\u00e4 tietoisuuttaan liikenneturvallisuudesta.<\/p>\n<p>### Sarja sis\u00e4lt\u00e4\u00e4:<\/p>\n<p>3 tukevaa merkki\u00e4, joissa kummassakin on kaksipuolinen painatus ja yhteens\u00e4 5 realistista liikennemerkki\u00e4:<\/p>\n<p>* &#8211; STOP-merkki (kaksipuolinen)<br \/>\n* &#8211; Etusija<br \/>\n* &#8211; Etusijareitin p\u00e4\u00e4<br \/>\n* &#8211; Pys\u00e4k\u00f6inti<br \/>\n* &#8211; Jalankulkijoiden ylityspaikka<\/p>\n<p>### Ominaisuudet:<\/p>\n<p>* &#8211; 12 kuukaudesta alkaen<br \/>\n* &#8211; Opetussetti \u2013 3 liikennemerkki\u00e4, joissa on 5 erilaista merkint\u00e4\u00e4, auttavat lapsia ymm\u00e4rt\u00e4m\u00e4\u00e4n liikenteen peruss\u00e4\u00e4nn\u00f6t.* &#8211; Kaksipuolinen painatus \u2013 realistiset, selv\u00e4sti luettavat merkinn\u00e4t n\u00e4kyv\u00e4t merkkien molemmilla puolilla.<br \/>\n* &#8211; Vakaa rakenne \u2013 leve\u00e4 pohja takaa turvallisen asennon sek\u00e4 sis\u00e4ll\u00e4 ett\u00e4 ulkona.* &#8211; Turvalliset materiaalit \u2013 valmistettu korkealaatuisesta UV-kest\u00e4v\u00e4st\u00e4 muovista. * &#8211; Helppo koota \u2013 nopea ja helppo koota ilman ty\u00f6kaluja. <\/p>\n<p>### Lelu kehitt\u00e4\u00e4:<\/p>\n<p>* &#8211; Turvallisuustietoisuutta \u2013 lapset oppivat liikennes\u00e4\u00e4nt\u00f6jen perusteet luonnollisella ja helposti ymm\u00e4rrett\u00e4v\u00e4ll\u00e4 tavalla.* &#8211; Mielikuvitusta ja luovuutta \u2013 kyky esitt\u00e4\u00e4 liikennemerkkej\u00e4 sis\u00e4lt\u00e4vi\u00e4 tilanteita kehitt\u00e4\u00e4 sosiaalisia taitoja ja luovaa ajattelua. * &#8211; Motorista koordinaatiota \u2013 pikkulapset harjoittelevat k\u00e4tevyytt\u00e4 ja ketteryytt\u00e4 liikkumalla &#8221;teill\u00e4&#8221; s\u00e4\u00e4nt\u00f6jen mukaisesti. * &#8211; Kyky\u00e4 leikki\u00e4 ryhm\u00e4ss\u00e4 \u2013 erinomainen setti leikkimiseen sisarusten ja yst\u00e4vien kanssa.<\/p>\n","protected":false},"excerpt":{"rendered":"<p>BIG-liikennemerkit ovat erinomainen oppimisen apuv\u00e4line 12 kuukauden ik\u00e4isille lapsille. Realististen merkint\u00f6jen ansiosta pikkulapset voivat oppia helposti ja hauskasti liikenteen peruss\u00e4\u00e4nn\u00f6t ja kehitt\u00e4\u00e4 tietoisuuttaan liikenneturvallisuudesta. ### Sarja sis\u00e4lt\u00e4\u00e4: 3 tukevaa merkki\u00e4, joissa kummassakin on kaksipuolinen painatus ja yhteens\u00e4 5 realistista liikennemerkki\u00e4: * &#8211; STOP-merkki (kaksipuolinen) * &#8211; Etusija * &#8211; Etusijareitin p\u00e4\u00e4 * &#8211; Pys\u00e4k\u00f6inti * [&hellip;]<\/p>\n","protected":false},"featured_media":0,"comment_status":"open","ping_status":"closed","template":"","meta":[],"product_brand":[],"product_cat":[32],"product_tag":[],"class_list":{"0":"post-36981","1":"product","2":"type-product","3":"status-publish","5":"product_cat-uncategorized-fi","7":"first","8":"instock","9":"shipping-taxable","10":"purchasable","11":"product-type-simple"},"_links":{"self":[{"href":"https:\/\/nordicmart.andreevmaster.com\/fi\/wp-json\/wp\/v2\/product\/36981","targetHints":{"allow":["GET"]}}],"collection":[{"href":"https:\/\/nordicmart.andreevmaster.com\/fi\/wp-json\/wp\/v2\/product"}],"about":[{"href":"https:\/\/nordicmart.andreevmaster.com\/fi\/wp-json\/wp\/v2\/types\/product"}],"replies":[{"embeddable":true,"href":"https:\/\/nordicmart.andreevmaster.com\/fi\/wp-json\/wp\/v2\/comments?post=36981"}],"wp:attachment":[{"href":"https:\/\/nordicmart.andreevmaster.com\/fi\/wp-json\/wp\/v2\/media?parent=36981"}],"wp:term":[{"taxonomy":"product_brand","embeddable":true,"href":"https:\/\/nordicmart.andreevmaster.com\/fi\/wp-json\/wp\/v2\/product_brand?post=36981"},{"taxonomy":"product_cat","embeddable":true,"href":"https:\/\/nordicmart.andreevmaster.com\/fi\/wp-json\/wp\/v2\/product_cat?post=36981"},{"taxonomy":"product_tag","embeddable":true,"href":"https:\/\/nordicmart.andreevmaster.com\/fi\/wp-json\/wp\/v2\/product_tag?post=36981"}],"curies":[{"name":"wp","href":"https:\/\/api.w.org\/{rel}","templated":true}]}}