{"id":36980,"date":"2026-02-27T00:36:53","date_gmt":"2026-02-27T00:36:53","guid":{"rendered":"https:\/\/nordicmart.andreevmaster.com\/product\/woopie-grill-barbecue-garden-kitchen-interactive-led-set-xl-31-kpl\/"},"modified":"2026-02-27T09:54:04","modified_gmt":"2026-02-27T09:54:04","slug":"woopie-grill-barbecue-garden-kitchen-interactive-led-set-xl-31-kpl","status":"publish","type":"product","link":"https:\/\/nordicmart.andreevmaster.com\/fi\/tuote\/woopie-grill-barbecue-garden-kitchen-interactive-led-set-xl-31-kpl\/","title":{"rendered":"WOOPIE Grill Barbecue Garden Kitchen Interactive LED Set XL 31 kpl."},"content":{"rendered":"<p>Woopie Portable Barbecue Grill on ainutlaatuinen lelu lapsille, jonka avulla he voivat leikki\u00e4 oikeaa grillimestaria! T\u00e4m\u00e4 v\u00e4rik\u00e4s grilli, jossa on laaja valikoima lis\u00e4varusteita, valo- ja \u00e4\u00e4nitehosteita sek\u00e4 h\u00f6yry\u00e4, tekee jokaisesta leikkikerrasta unohtumattoman kulinaarisen seikkailun. K\u00e4yt\u00e4 nuppeja tai sytytint\u00e4 grillin hiilien sytytt\u00e4miseen. Realistinen ulkon\u00e4k\u00f6, liikkuvuus ja lukuisat lis\u00e4varusteet takaavat tuntikausia luovaa ja opettavaa hauskaa \u2013 sek\u00e4 kotona ett\u00e4 ulkona.Ominaisuudet:<\/p>\n<p>* &#8211; 3-vuotiaille ja sit\u00e4 vanhemmille lapsille<br \/>\n* &#8211; Realistinen grilli, jossa on valo-, \u00e4\u00e4ni- ja h\u00f6yryefektej\u00e4, jotka j\u00e4ljittelev\u00e4t todellista grillausta<br \/>\n* &#8211; Kaksi sytytysvaihtoehtoa lis\u00e4\u00e4v\u00e4t hauskuutta: nupit tai sytytin<br \/>\n* &#8211; Liikkuva rakenne py\u00f6rill\u00e4 helpottaa liikkumista<br \/>\n* &#8211; Laaja valikoima keitti\u00f6- ja ruokatarvikkeita<br \/>\n* &#8211; Valmistettu korkealaatuisista materiaaleista<br \/>\n* &#8211; Helppo koota ja s\u00e4ilytt\u00e4\u00e4 kompaktin muotoilunsa ansiosta<br \/>\n* &#8211; Virtal\u00e4hde: 3 x AA-paristoa (EI SIS\u00c4LLY TOIMITUKSEEN)<\/p>\n<p>&#8211; 3-vuotiaille ja sit\u00e4 vanhemmille lapsille<\/p>\n<p>&#8211; Realistinen grilli, jossa on valo-, \u00e4\u00e4ni- ja h\u00f6yryefektit, jotka j\u00e4ljittelev\u00e4t todellista grillausta<\/p>\n<p>&#8211; Kaksi sytytysvaihtoehtoa lis\u00e4\u00e4v\u00e4t hauskuutta: nupit tai sytytin<\/p>\n<p>&#8211; Siirrett\u00e4v\u00e4 rakenne py\u00f6rill\u00e4 helpottaa liikkumista<\/p>\n<p>&#8211; Laaja valikoima keitti\u00f6- ja ruokatarvikkeita<\/p>\n<p>&#8211; Valmistettu korkealaatuisista materiaaleista<\/p>\n<p>&#8211; Helppo koota ja s\u00e4ilytt\u00e4\u00e4 kompaktin rakenteensa ansiosta<\/p>\n<p>Setti sis\u00e4lt\u00e4\u00e4:<\/p>\n<p>* &#8211; Grilli<br \/>\n* &#8211; 2 lautasta<br \/>\n* &#8211; Lastalla<br \/>\n* &#8211; Veitsi<br \/>\n* &#8211; Lastalla<br \/>\n* &#8211; Pihdit<br \/>\n* &#8211; Pastalusikka<br \/>\n* &#8211; Keittolusikka<br \/>\n* &#8211; Uunikinnas<br \/>\n* &#8211; Sytytin<br \/>\n* &#8211; 3 kastiketta<br \/>\n* &#8211; 2 paistinpannua<br \/>\n* &#8211; Kyljykset<br \/>\n* &#8211; Pihvi<br \/>\n* &#8211; Kananrinta<br \/>\n* &#8211; Hampurilainen<br \/>\n* &#8211; 2 maissint\u00e4hk\u00e4\u00e4<br \/>\n* &#8211; 2 herneenpalkoa<br \/>\n* &#8211; Hot dog<br \/>\n* &#8211; Makkara<br \/>\n* &#8211; 3 viipaletta paprikaa<br \/>\n* &#8211; Salaatinlehti<br \/>\n* &#8211; Viipale juustoa<br \/>\n* &#8211; Valkosipulinkynsi<\/p>\n<p>Lelu kehitt\u00e4\u00e4:<\/p>\n<p>* &#8211; Itsen\u00e4isyytt\u00e4<br \/>\n* &#8211; Uteliaisuutta<br \/>\n* &#8211; Mielikuvitusta<br \/>\n* &#8211; Loogista ajattelua<br \/>\n* &#8211; Luovuutta<\/p>\n","protected":false},"excerpt":{"rendered":"<p>Woopie Portable Barbecue Grill on ainutlaatuinen lelu lapsille, jonka avulla he voivat leikki\u00e4 oikeaa grillimestaria! T\u00e4m\u00e4 v\u00e4rik\u00e4s grilli, jossa on laaja valikoima lis\u00e4varusteita, valo- ja \u00e4\u00e4nitehosteita sek\u00e4 h\u00f6yry\u00e4, tekee jokaisesta leikkikerrasta unohtumattoman kulinaarisen seikkailun. K\u00e4yt\u00e4 nuppeja tai sytytint\u00e4 grillin hiilien sytytt\u00e4miseen. Realistinen ulkon\u00e4k\u00f6, liikkuvuus ja lukuisat lis\u00e4varusteet takaavat tuntikausia luovaa ja opettavaa hauskaa \u2013 sek\u00e4 [&hellip;]<\/p>\n","protected":false},"featured_media":0,"comment_status":"open","ping_status":"closed","template":"","meta":[],"product_brand":[],"product_cat":[32],"product_tag":[],"class_list":{"0":"post-36980","1":"product","2":"type-product","3":"status-publish","5":"product_cat-uncategorized-fi","7":"first","8":"instock","9":"shipping-taxable","10":"purchasable","11":"product-type-simple"},"_links":{"self":[{"href":"https:\/\/nordicmart.andreevmaster.com\/fi\/wp-json\/wp\/v2\/product\/36980","targetHints":{"allow":["GET"]}}],"collection":[{"href":"https:\/\/nordicmart.andreevmaster.com\/fi\/wp-json\/wp\/v2\/product"}],"about":[{"href":"https:\/\/nordicmart.andreevmaster.com\/fi\/wp-json\/wp\/v2\/types\/product"}],"replies":[{"embeddable":true,"href":"https:\/\/nordicmart.andreevmaster.com\/fi\/wp-json\/wp\/v2\/comments?post=36980"}],"wp:attachment":[{"href":"https:\/\/nordicmart.andreevmaster.com\/fi\/wp-json\/wp\/v2\/media?parent=36980"}],"wp:term":[{"taxonomy":"product_brand","embeddable":true,"href":"https:\/\/nordicmart.andreevmaster.com\/fi\/wp-json\/wp\/v2\/product_brand?post=36980"},{"taxonomy":"product_cat","embeddable":true,"href":"https:\/\/nordicmart.andreevmaster.com\/fi\/wp-json\/wp\/v2\/product_cat?post=36980"},{"taxonomy":"product_tag","embeddable":true,"href":"https:\/\/nordicmart.andreevmaster.com\/fi\/wp-json\/wp\/v2\/product_tag?post=36980"}],"curies":[{"name":"wp","href":"https:\/\/api.w.org\/{rel}","templated":true}]}}