{"id":36979,"date":"2026-02-27T00:36:52","date_gmt":"2026-02-27T00:36:52","guid":{"rendered":"https:\/\/nordicmart.andreevmaster.com\/product\/woopie-barbecue-grill-interactive-garden-kitchen-led-steam-xl-set-41-pcs-2\/"},"modified":"2026-02-27T09:54:04","modified_gmt":"2026-02-27T09:54:04","slug":"woopie-barbecue-grill-interactive-garden-kitchen-led-steam-xl-set-41-pcs-2","status":"publish","type":"product","link":"https:\/\/nordicmart.andreevmaster.com\/fi\/tuote\/woopie-barbecue-grill-interactive-garden-kitchen-led-steam-xl-set-41-pcs-2\/","title":{"rendered":"WOOPIE Barbecue Grill Interactive Garden Kitchen LED Steam XL Set 41 pcs."},"content":{"rendered":"<p>Vie hauskuus ulos ja anna lapsesi tuntea itsens\u00e4 todelliseksi grillimestariksi! Woopie Barbecue Grill on ainutlaatuinen keitti\u00f6setti, joka tarjoaa realistisen kokemuksen savu- ja valoefekteill\u00e4. Se on varustettu laajalla valikoimalla lis\u00e4varusteita, v\u00e4rikk\u00e4it\u00e4 vihanneksia, lihaa ja keitti\u00f6v\u00e4lineit\u00e4, jotka mahdollistavat luovan ja turvallisen ruoanlaittokokemuksen.Ominaisuudet:<\/p>\n<p>* &#8211; 3-vuotiaille ja sit\u00e4 vanhemmille lapsille<br \/>\n* &#8211; Grilli tuottaa realistista savua ja valoa, mik\u00e4 tekee hauskanpidosta entist\u00e4 aidompaa.<br \/>\n* &#8211; Sarja sis\u00e4lt\u00e4\u00e4 lukuisia keitti\u00f6v\u00e4lineit\u00e4, ruokailuv\u00e4lineit\u00e4, lautasia, mausteita ja erilaisia grillattavia elintarvikkeita.<br \/>\n* &#8211; Kaikki osat on valmistettu korkealaatuisista, lapsille turvallisista materiaaleista.* &#8211; Yksinkertainen rakenne mahdollistaa nopean kokoamisen. * &#8211; Virtal\u00e4hde: 3xAA-paristoa (EI SIS\u00c4LLY TOIMITUKSEEN) <\/p>\n<p>Sarja sis\u00e4lt\u00e4\u00e4: &#8211; Grilli ritil\u00e4ll\u00e4 ja kannella<br \/>\n* &#8211; Savu- ja valoefektimoduuli<br \/>\n* &#8211; 2 pannua (py\u00f6re\u00e4 ja grillipannu)<br \/>\n* &#8211; 5 keitti\u00f6v\u00e4linett\u00e4 (lastat, lusikat, pihdit)<br \/>\n* &#8211; 2 lautasta<br \/>\n* &#8211; Haarukka<br \/>\n* &#8211; Lusikka<br \/>\n* &#8211; Veitsi<br \/>\n* &#8211; Keinotekoista ruokaa<\/p>\n<p>&#8211; Grilli ritil\u00e4ll\u00e4 ja kannella<\/p>\n<p>&#8211; Savu- ja valoefektimoduuli<\/p>\n<p>&#8211; 2 pannua (py\u00f6re\u00e4 ja grillipannu)<\/p>\n<p>&#8211; 5 keitti\u00f6v\u00e4linett\u00e4 (lastat, lusikat, pihdit)<\/p>\n<p>&#8211; 2 pient\u00e4 lautasta<\/p>\n<p>&#8211; Haarukka<\/p>\n<p>&#8211; Veitsi<\/p>\n<p>* &#8211; Itsen\u00e4isyys<br \/>\n* &#8211; Uteliaisuus<br \/>\n* &#8211; Mielikuvitus<br \/>\n* &#8211; Looginen ajattelu<\/p>\n","protected":false},"excerpt":{"rendered":"<p>Vie hauskuus ulos ja anna lapsesi tuntea itsens\u00e4 todelliseksi grillimestariksi! Woopie Barbecue Grill on ainutlaatuinen keitti\u00f6setti, joka tarjoaa realistisen kokemuksen savu- ja valoefekteill\u00e4. Se on varustettu laajalla valikoimalla lis\u00e4varusteita, v\u00e4rikk\u00e4it\u00e4 vihanneksia, lihaa ja keitti\u00f6v\u00e4lineit\u00e4, jotka mahdollistavat luovan ja turvallisen ruoanlaittokokemuksen.Ominaisuudet: * &#8211; 3-vuotiaille ja sit\u00e4 vanhemmille lapsille * &#8211; Grilli tuottaa realistista savua ja valoa, [&hellip;]<\/p>\n","protected":false},"featured_media":0,"comment_status":"open","ping_status":"closed","template":"","meta":[],"product_brand":[],"product_cat":[32],"product_tag":[],"class_list":{"0":"post-36979","1":"product","2":"type-product","3":"status-publish","5":"product_cat-uncategorized-fi","7":"first","8":"instock","9":"shipping-taxable","10":"purchasable","11":"product-type-simple"},"_links":{"self":[{"href":"https:\/\/nordicmart.andreevmaster.com\/fi\/wp-json\/wp\/v2\/product\/36979","targetHints":{"allow":["GET"]}}],"collection":[{"href":"https:\/\/nordicmart.andreevmaster.com\/fi\/wp-json\/wp\/v2\/product"}],"about":[{"href":"https:\/\/nordicmart.andreevmaster.com\/fi\/wp-json\/wp\/v2\/types\/product"}],"replies":[{"embeddable":true,"href":"https:\/\/nordicmart.andreevmaster.com\/fi\/wp-json\/wp\/v2\/comments?post=36979"}],"wp:attachment":[{"href":"https:\/\/nordicmart.andreevmaster.com\/fi\/wp-json\/wp\/v2\/media?parent=36979"}],"wp:term":[{"taxonomy":"product_brand","embeddable":true,"href":"https:\/\/nordicmart.andreevmaster.com\/fi\/wp-json\/wp\/v2\/product_brand?post=36979"},{"taxonomy":"product_cat","embeddable":true,"href":"https:\/\/nordicmart.andreevmaster.com\/fi\/wp-json\/wp\/v2\/product_cat?post=36979"},{"taxonomy":"product_tag","embeddable":true,"href":"https:\/\/nordicmart.andreevmaster.com\/fi\/wp-json\/wp\/v2\/product_tag?post=36979"}],"curies":[{"name":"wp","href":"https:\/\/api.w.org\/{rel}","templated":true}]}}