{"id":36978,"date":"2026-02-27T00:36:52","date_gmt":"2026-02-27T00:36:52","guid":{"rendered":"https:\/\/nordicmart.andreevmaster.com\/product\/big-amsterdam-waterplay-large-water-port-boats-2\/"},"modified":"2026-02-27T09:54:04","modified_gmt":"2026-02-27T09:54:04","slug":"big-amsterdam-waterplay-large-water-port-boats-2","status":"publish","type":"product","link":"https:\/\/nordicmart.andreevmaster.com\/fi\/tuote\/big-amsterdam-waterplay-large-water-port-boats-2\/","title":{"rendered":"BIG Amsterdam Waterplay Large Water Port Boats"},"content":{"rendered":"<p>Amsterdam Waterplay -kanavaj\u00e4rjestelm\u00e4 yhdist\u00e4\u00e4 hauskanpidon ja veden kanssa leikkimisen ilon. Kun lapsi kaataa vett\u00e4 kanavaan, se aiheuttaa liikett\u00e4, joka saa kanavien veneet liikkeelle. Kanavan virtauksen voi luoda my\u00f6s py\u00f6ritt\u00e4m\u00e4ll\u00e4 vesipy\u00f6r\u00e4\u00e4.<br \/>\nHienoa hauskaa kaikille lapsille, jotka tykk\u00e4\u00e4v\u00e4t leikki\u00e4 vedess\u00e4!<\/p>\n<p>Ominaisuudet:<\/p>\n<p>* &#8211; padot,<br \/>\n* &#8211; vesipy\u00f6r\u00e4,<br \/>\n* &#8211; satama, jossa on 360 astetta k\u00e4\u00e4ntyv\u00e4 varsi ja laskeutumisalusta,<br \/>\n* &#8211; 2 pumppua ja sulku, joka on kytketty jyrk\u00e4sti kaltevaan kanavaan, jonka kokonaispituus on 175 cm,* &#8211; 4 erilaista venett\u00e4 ja 3 hahmoa,<br \/>\n* &#8211; erityisesti suunnitellut tiivisteet, jotka mahdollistavat kokoamisen ilman liimaa,<br \/>\n* &#8211; sarjaa voidaan laajentaa vapaasti ja se on nopea koota.<\/p>\n","protected":false},"excerpt":{"rendered":"<p>Amsterdam Waterplay -kanavaj\u00e4rjestelm\u00e4 yhdist\u00e4\u00e4 hauskanpidon ja veden kanssa leikkimisen ilon. Kun lapsi kaataa vett\u00e4 kanavaan, se aiheuttaa liikett\u00e4, joka saa kanavien veneet liikkeelle. Kanavan virtauksen voi luoda my\u00f6s py\u00f6ritt\u00e4m\u00e4ll\u00e4 vesipy\u00f6r\u00e4\u00e4. Hienoa hauskaa kaikille lapsille, jotka tykk\u00e4\u00e4v\u00e4t leikki\u00e4 vedess\u00e4! Ominaisuudet: * &#8211; padot, * &#8211; vesipy\u00f6r\u00e4, * &#8211; satama, jossa on 360 astetta k\u00e4\u00e4ntyv\u00e4 varsi ja [&hellip;]<\/p>\n","protected":false},"featured_media":0,"comment_status":"open","ping_status":"closed","template":"","meta":[],"product_brand":[],"product_cat":[32],"product_tag":[],"class_list":{"0":"post-36978","1":"product","2":"type-product","3":"status-publish","5":"product_cat-uncategorized-fi","7":"first","8":"instock","9":"shipping-taxable","10":"purchasable","11":"product-type-simple"},"_links":{"self":[{"href":"https:\/\/nordicmart.andreevmaster.com\/fi\/wp-json\/wp\/v2\/product\/36978","targetHints":{"allow":["GET"]}}],"collection":[{"href":"https:\/\/nordicmart.andreevmaster.com\/fi\/wp-json\/wp\/v2\/product"}],"about":[{"href":"https:\/\/nordicmart.andreevmaster.com\/fi\/wp-json\/wp\/v2\/types\/product"}],"replies":[{"embeddable":true,"href":"https:\/\/nordicmart.andreevmaster.com\/fi\/wp-json\/wp\/v2\/comments?post=36978"}],"wp:attachment":[{"href":"https:\/\/nordicmart.andreevmaster.com\/fi\/wp-json\/wp\/v2\/media?parent=36978"}],"wp:term":[{"taxonomy":"product_brand","embeddable":true,"href":"https:\/\/nordicmart.andreevmaster.com\/fi\/wp-json\/wp\/v2\/product_brand?post=36978"},{"taxonomy":"product_cat","embeddable":true,"href":"https:\/\/nordicmart.andreevmaster.com\/fi\/wp-json\/wp\/v2\/product_cat?post=36978"},{"taxonomy":"product_tag","embeddable":true,"href":"https:\/\/nordicmart.andreevmaster.com\/fi\/wp-json\/wp\/v2\/product_tag?post=36978"}],"curies":[{"name":"wp","href":"https:\/\/api.w.org\/{rel}","templated":true}]}}