{"id":36977,"date":"2026-02-27T00:36:52","date_gmt":"2026-02-27T00:36:52","guid":{"rendered":"https:\/\/nordicmart.andreevmaster.com\/product\/woopie-elektroninen-opettavainen-rumpusetti-lapsille-5-rumpua-1-symbaali\/"},"modified":"2026-02-27T09:54:04","modified_gmt":"2026-02-27T09:54:04","slug":"woopie-elektroninen-opettavainen-rumpusetti-lapsille-5-rumpua-1-symbaali","status":"publish","type":"product","link":"https:\/\/nordicmart.andreevmaster.com\/fi\/tuote\/woopie-elektroninen-opettavainen-rumpusetti-lapsille-5-rumpua-1-symbaali\/","title":{"rendered":"WOOPIE Elektroninen opettavainen rumpusetti lapsille 5 rumpua 1 symbaali"},"content":{"rendered":"<p>Anna lapsesi l\u00f6yt\u00e4\u00e4 musiikin tekemisen ilo! T\u00e4m\u00e4 Woopien interaktiivinen rumpusetti on suunniteltu pienimmille muusikoille \u2013 se on turvallinen, kest\u00e4v\u00e4 ja t\u00e4ynn\u00e4 ominaisuuksia, jotka stimuloivat luovuutta ja tukevat kehityst\u00e4. Se ei ole pelkk\u00e4 lelu, vaan interaktiivinen ty\u00f6kalu musiikillisen lahjakkuuden, koordinaation ja mielikuvituksen kehitt\u00e4miseen. T\u00e4m\u00e4 lasten rumpusetti on valmistettu kevyest\u00e4 muovista, joten se ei aiheuta vammoja, jos se kaatuu, ja se on helppo pit\u00e4\u00e4 puhtaana pyyhkim\u00e4ll\u00e4 se tarvittaessa kostealla liinalla. V\u00e4rikk\u00e4\u00e4t v\u00e4rit ja turvalliset materiaalit saavat lapset rakastamaan soittamista ensimm\u00e4isest\u00e4 rumpukomppista l\u00e4htien. Se on t\u00e4ydellinen lelu lapsesi musiikillisen seikkailun aloittamiseen!<\/p>\n<p>Ominaisuudet:<\/p>\n<p>* &#8211; Lelu 3-vuotiaille ja sit\u00e4 vanhemmille lapsille<br \/>\n* &#8211; Turvalliset ja sertifioidut materiaalit \u2013 py\u00f6ristetyt reunat, myrkyt\u00f6n muovi<br \/>\n* &#8211; Realistinen ulkon\u00e4k\u00f6 \u2013 kuin oikea rumpusetti, mutta lasten versiossa<br \/>\n* &#8211; Kest\u00e4v\u00e4 ja vakaa rakenne, joka sopii intensiiviseen leikkiin<br \/>\n* &#8211; Valo- ja \u00e4\u00e4nitehosteet<br \/>\n* &#8211; Sarja sis\u00e4lt\u00e4\u00e4 \u00e4lypuhelimen\/tabletin pidikkeen<br \/>\n* &#8211; Kompaktit mitat<br \/>\n* &#8211; Virtal\u00e4hde: 3x AA-paristoa (ei sis\u00e4lly toimitukseen)<\/p>\n<p>Sarja sis\u00e4lt\u00e4\u00e4:<\/p>\n<p>* &#8211; 1x keskirumpu<br \/>\n* &#8211; 1x levy<br \/>\n* &#8211; 3x keskikokoinen rumpu<br \/>\n* &#8211; 1x pieni rumpu<br \/>\n* &#8211; 2x rumpukapulat<br \/>\n* &#8211; 1x symbaaliteline<br \/>\n* &#8211; 1x teline\/pidike puhelimelle\/tabletille<br \/>\n* &#8211; 6x opetus-\/musiikkikorttia<\/p>\n<p>Sarja kehitt\u00e4\u00e4:<\/p>\n<p>* &#8211; Motorista koordinaatiota ja motorisia taitoja \u2013 k\u00e4sien ja jalkojen samanaikaista k\u00e4ytt\u00f6\u00e4<br \/>\n* &#8211; Luovuutta ja mielikuvitusta \u2013 omien rytmien ja melodioiden luomista<br \/>\n* &#8211; Keskittymiskyky\u00e4 ja k\u00e4rsiv\u00e4llisyytt\u00e4 \u2013 korttien harjoitukset auttavat oppimaan sarjoja<br \/>\n* &#8211; Itseluottamusta \u2013 lapsi esiintyy, luo ja esittelee itse\u00e4\u00e4n muille<br \/>\n* &#8211; Vanhemman ja lapsen suhdetta \u2013 yhdess\u00e4 soittaminen l\u00e4hent\u00e4\u00e4 ja tuo paljon iloa<\/p>\n","protected":false},"excerpt":{"rendered":"<p>Anna lapsesi l\u00f6yt\u00e4\u00e4 musiikin tekemisen ilo! T\u00e4m\u00e4 Woopien interaktiivinen rumpusetti on suunniteltu pienimmille muusikoille \u2013 se on turvallinen, kest\u00e4v\u00e4 ja t\u00e4ynn\u00e4 ominaisuuksia, jotka stimuloivat luovuutta ja tukevat kehityst\u00e4. Se ei ole pelkk\u00e4 lelu, vaan interaktiivinen ty\u00f6kalu musiikillisen lahjakkuuden, koordinaation ja mielikuvituksen kehitt\u00e4miseen. T\u00e4m\u00e4 lasten rumpusetti on valmistettu kevyest\u00e4 muovista, joten se ei aiheuta vammoja, jos [&hellip;]<\/p>\n","protected":false},"featured_media":0,"comment_status":"open","ping_status":"closed","template":"","meta":[],"product_brand":[],"product_cat":[32],"product_tag":[],"class_list":{"0":"post-36977","1":"product","2":"type-product","3":"status-publish","5":"product_cat-uncategorized-fi","7":"first","8":"instock","9":"shipping-taxable","10":"purchasable","11":"product-type-simple"},"_links":{"self":[{"href":"https:\/\/nordicmart.andreevmaster.com\/fi\/wp-json\/wp\/v2\/product\/36977","targetHints":{"allow":["GET"]}}],"collection":[{"href":"https:\/\/nordicmart.andreevmaster.com\/fi\/wp-json\/wp\/v2\/product"}],"about":[{"href":"https:\/\/nordicmart.andreevmaster.com\/fi\/wp-json\/wp\/v2\/types\/product"}],"replies":[{"embeddable":true,"href":"https:\/\/nordicmart.andreevmaster.com\/fi\/wp-json\/wp\/v2\/comments?post=36977"}],"wp:attachment":[{"href":"https:\/\/nordicmart.andreevmaster.com\/fi\/wp-json\/wp\/v2\/media?parent=36977"}],"wp:term":[{"taxonomy":"product_brand","embeddable":true,"href":"https:\/\/nordicmart.andreevmaster.com\/fi\/wp-json\/wp\/v2\/product_brand?post=36977"},{"taxonomy":"product_cat","embeddable":true,"href":"https:\/\/nordicmart.andreevmaster.com\/fi\/wp-json\/wp\/v2\/product_cat?post=36977"},{"taxonomy":"product_tag","embeddable":true,"href":"https:\/\/nordicmart.andreevmaster.com\/fi\/wp-json\/wp\/v2\/product_tag?post=36977"}],"curies":[{"name":"wp","href":"https:\/\/api.w.org\/{rel}","templated":true}]}}