{"id":36976,"date":"2026-02-27T00:36:51","date_gmt":"2026-02-27T00:36:51","guid":{"rendered":"https:\/\/nordicmart.andreevmaster.com\/product\/big-waterplay-niagara-water-track-41-kpl\/"},"modified":"2026-02-27T09:54:03","modified_gmt":"2026-02-27T09:54:03","slug":"big-waterplay-niagara-water-track-41-kpl","status":"publish","type":"product","link":"https:\/\/nordicmart.andreevmaster.com\/fi\/tuote\/big-waterplay-niagara-water-track-41-kpl\/","title":{"rendered":"BIG Waterplay Niagara Water Track 41 kpl."},"content":{"rendered":"<p>Esittelyss\u00e4 BIG Waterplay Niagara \u2013 ainutlaatuinen opettavainen vesilelu, joka yhdist\u00e4\u00e4 oppimisen ja hauskanpidon! Kanavien, sulkujen ja patojen ansiosta lapset voivat kokeilla veden virtausta, ohjata veneit\u00e4 ja luoda omia vesiseikkailujaan. Se on t\u00e4ydellinen valinta 3-vuotiaille ja sit\u00e4 vanhemmille pienille tutkimusmatkailijoille! Ominaisuudet:<\/p>\n<p>* &#8211; lelu 3-vuotiaille ja sit\u00e4 vanhemmille lapsille,<br \/>\n* &#8211; Niagara Waterplay \u2013 hauskaa veden parissa ja sen ominaisuuksien oppimista,<br \/>\n* &#8211; lapset kaatavat vett\u00e4 kanaviin ja ohjaavat veneit\u00e4, vesiskootteria ja ponttonia,<br \/>\n* &#8211; siirrett\u00e4v\u00e4t padot, pumppu ja sulku \u2013 lis\u00e4\u00e4v\u00e4t houkuttelevuutta ja kehitt\u00e4v\u00e4t luovuutta,* &#8211; kest\u00e4v\u00e4 ja vedenkest\u00e4v\u00e4 muovi \u2013 turvallinen lapsille,<br \/>\n* &#8211; helppo koota \u2013 tiivisteit\u00e4 ei tarvitse liimata,<br \/>\n* &#8211; yhteensopiva Lego Duplon kanssa \u2013 laajennettavissa ja mahdollistaa omien skenaarioiden luomisen,<br \/>\n* &#8211; 41 elementti\u00e4, mukaan lukien 4 hahmoa.* &#8211; Mahdollisuus rakentaa 3 erilaista rataa<\/p>\n<p>Lelu kehitt\u00e4\u00e4<\/p>\n<p>* &#8211; Luovuutta ja tilallista mielikuvitusta<br \/>\n* &#8211; K\u00e4sien motorisia taitoja<br \/>\n* &#8211; Loogista ajattelua<br \/>\n* &#8211; Kiinnostusta fysiikan ja mekaniikan periaatteisiin<\/p>\n","protected":false},"excerpt":{"rendered":"<p>Esittelyss\u00e4 BIG Waterplay Niagara \u2013 ainutlaatuinen opettavainen vesilelu, joka yhdist\u00e4\u00e4 oppimisen ja hauskanpidon! Kanavien, sulkujen ja patojen ansiosta lapset voivat kokeilla veden virtausta, ohjata veneit\u00e4 ja luoda omia vesiseikkailujaan. Se on t\u00e4ydellinen valinta 3-vuotiaille ja sit\u00e4 vanhemmille pienille tutkimusmatkailijoille! Ominaisuudet: * &#8211; lelu 3-vuotiaille ja sit\u00e4 vanhemmille lapsille, * &#8211; Niagara Waterplay \u2013 hauskaa veden [&hellip;]<\/p>\n","protected":false},"featured_media":0,"comment_status":"open","ping_status":"closed","template":"","meta":[],"product_brand":[],"product_cat":[32],"product_tag":[],"class_list":{"0":"post-36976","1":"product","2":"type-product","3":"status-publish","5":"product_cat-uncategorized-fi","7":"first","8":"instock","9":"shipping-taxable","10":"purchasable","11":"product-type-simple"},"_links":{"self":[{"href":"https:\/\/nordicmart.andreevmaster.com\/fi\/wp-json\/wp\/v2\/product\/36976","targetHints":{"allow":["GET"]}}],"collection":[{"href":"https:\/\/nordicmart.andreevmaster.com\/fi\/wp-json\/wp\/v2\/product"}],"about":[{"href":"https:\/\/nordicmart.andreevmaster.com\/fi\/wp-json\/wp\/v2\/types\/product"}],"replies":[{"embeddable":true,"href":"https:\/\/nordicmart.andreevmaster.com\/fi\/wp-json\/wp\/v2\/comments?post=36976"}],"wp:attachment":[{"href":"https:\/\/nordicmart.andreevmaster.com\/fi\/wp-json\/wp\/v2\/media?parent=36976"}],"wp:term":[{"taxonomy":"product_brand","embeddable":true,"href":"https:\/\/nordicmart.andreevmaster.com\/fi\/wp-json\/wp\/v2\/product_brand?post=36976"},{"taxonomy":"product_cat","embeddable":true,"href":"https:\/\/nordicmart.andreevmaster.com\/fi\/wp-json\/wp\/v2\/product_cat?post=36976"},{"taxonomy":"product_tag","embeddable":true,"href":"https:\/\/nordicmart.andreevmaster.com\/fi\/wp-json\/wp\/v2\/product_tag?post=36976"}],"curies":[{"name":"wp","href":"https:\/\/api.w.org\/{rel}","templated":true}]}}