{"id":36975,"date":"2026-02-27T00:36:51","date_gmt":"2026-02-27T00:36:51","guid":{"rendered":"https:\/\/nordicmart.andreevmaster.com\/product\/woopie-magneettiset-3d-rakennuspalikat-oppimissetti-pallorata-170-kpl\/"},"modified":"2026-02-27T09:54:03","modified_gmt":"2026-02-27T09:54:03","slug":"woopie-magneettiset-3d-rakennuspalikat-oppimissetti-pallorata-170-kpl","status":"publish","type":"product","link":"https:\/\/nordicmart.andreevmaster.com\/fi\/tuote\/woopie-magneettiset-3d-rakennuspalikat-oppimissetti-pallorata-170-kpl\/","title":{"rendered":"WOOPIE Magneettiset 3D-rakennuspalikat Oppimissetti Pallorata 170 kpl."},"content":{"rendered":"<p>L\u00f6yd\u00e4 todellinen luovuuden ja tekniikan paratiisi Woopie-yhti\u00f6n 3D-magneettisten rakennuspalikoiden avulla! T\u00e4m\u00e4n vaikuttavan 170-osaisen sarjan avulla voit rakentaa laajan, monitasoisen palloradan ja upeita tilallisia rakenteita. L\u00e4pin\u00e4kyv\u00e4t magneettiset palat ja monenlaiset kirkkaanv\u00e4riset rataelementit takaavat tuntikausia kest\u00e4v\u00e4n hauskanpidon, jonka aikana lapset oppivat fysiikan perusteita ja painovoiman periaatteita k\u00e4yt\u00e4nn\u00f6ss\u00e4. Se on t\u00e4ydellinen tapa kehitt\u00e4\u00e4 loogista ajattelua, tilallista mielikuvitusta ja k\u00e4den taitoja. T\u00e4m\u00e4 sarja on portti rajattomiin rakennusmahdollisuuksiin!<\/p>\n<p>Ominaisuudet:<\/p>\n<p>* &#8211; Sopii 3-vuotiaille ja sit\u00e4 vanhemmille lapsille<br \/>\n* &#8211; Kest\u00e4v\u00e4 muovi, jossa on sis\u00e4\u00e4nrakennetut turvalliset magneetit<br \/>\n* &#8211; Magneettiset 3D-rakennuspalikat, modulaarinen pallorata<br \/>\n* &#8211; Suuri m\u00e4\u00e4r\u00e4 osia (170 kappaletta), l\u00e4pin\u00e4kyv\u00e4t radan osat<br \/>\n* &#8211; Erilaisia muotoja ja v\u00e4rej\u00e4<br \/>\n* &#8211; Mahdollisuus luoda monimutkaisia ja vakaita rakenteita<br \/>\n* &#8211; Osat, joilla voi luoda dinosaurusten muotoisia rakenteita<\/p>\n<p>Sarja sis\u00e4lt\u00e4\u00e4:<\/p>\n<p>* &#8211; Yhteens\u00e4 170 erilaista rakennusosaa, mukaan lukien magneettiset osat<br \/>\n* &#8211; Radan osat, kuten kourut, kaarteet ja putket<br \/>\n* &#8211; Pallot\/marmorit radalle<br \/>\n* &#8211; Tarrasetti osien personointiin<br \/>\n* &#8211; Osat, joilla voi luoda dinosaurusten muotoisia rakenteita (p\u00e4\u00e4t, sivut)<\/p>\n<p>Lelu kehitt\u00e4\u00e4:<\/p>\n<p>* &#8211; Luovuutta ja mielikuvitusta<br \/>\n* &#8211; Loogista ja tilallista ajattelua<br \/>\n* &#8211; K\u00e4sien taitoja ja tarkkuutta<br \/>\n* &#8211; Fysiikan perusteiden ymm\u00e4rt\u00e4mist\u00e4<br \/>\n* &#8211; Keskittymiskyky\u00e4 ja k\u00e4rsiv\u00e4llisyytt\u00e4<br \/>\n* &#8211; Rakennus- ja insin\u00f6\u00f6ritaitoja<\/p>\n","protected":false},"excerpt":{"rendered":"<p>L\u00f6yd\u00e4 todellinen luovuuden ja tekniikan paratiisi Woopie-yhti\u00f6n 3D-magneettisten rakennuspalikoiden avulla! T\u00e4m\u00e4n vaikuttavan 170-osaisen sarjan avulla voit rakentaa laajan, monitasoisen palloradan ja upeita tilallisia rakenteita. L\u00e4pin\u00e4kyv\u00e4t magneettiset palat ja monenlaiset kirkkaanv\u00e4riset rataelementit takaavat tuntikausia kest\u00e4v\u00e4n hauskanpidon, jonka aikana lapset oppivat fysiikan perusteita ja painovoiman periaatteita k\u00e4yt\u00e4nn\u00f6ss\u00e4. Se on t\u00e4ydellinen tapa kehitt\u00e4\u00e4 loogista ajattelua, tilallista mielikuvitusta ja [&hellip;]<\/p>\n","protected":false},"featured_media":0,"comment_status":"open","ping_status":"closed","template":"","meta":[],"product_brand":[],"product_cat":[32],"product_tag":[],"class_list":{"0":"post-36975","1":"product","2":"type-product","3":"status-publish","5":"product_cat-uncategorized-fi","7":"first","8":"instock","9":"shipping-taxable","10":"purchasable","11":"product-type-simple"},"_links":{"self":[{"href":"https:\/\/nordicmart.andreevmaster.com\/fi\/wp-json\/wp\/v2\/product\/36975","targetHints":{"allow":["GET"]}}],"collection":[{"href":"https:\/\/nordicmart.andreevmaster.com\/fi\/wp-json\/wp\/v2\/product"}],"about":[{"href":"https:\/\/nordicmart.andreevmaster.com\/fi\/wp-json\/wp\/v2\/types\/product"}],"replies":[{"embeddable":true,"href":"https:\/\/nordicmart.andreevmaster.com\/fi\/wp-json\/wp\/v2\/comments?post=36975"}],"wp:attachment":[{"href":"https:\/\/nordicmart.andreevmaster.com\/fi\/wp-json\/wp\/v2\/media?parent=36975"}],"wp:term":[{"taxonomy":"product_brand","embeddable":true,"href":"https:\/\/nordicmart.andreevmaster.com\/fi\/wp-json\/wp\/v2\/product_brand?post=36975"},{"taxonomy":"product_cat","embeddable":true,"href":"https:\/\/nordicmart.andreevmaster.com\/fi\/wp-json\/wp\/v2\/product_cat?post=36975"},{"taxonomy":"product_tag","embeddable":true,"href":"https:\/\/nordicmart.andreevmaster.com\/fi\/wp-json\/wp\/v2\/product_tag?post=36975"}],"curies":[{"name":"wp","href":"https:\/\/api.w.org\/{rel}","templated":true}]}}