{"id":36974,"date":"2026-02-27T00:36:51","date_gmt":"2026-02-27T00:36:51","guid":{"rendered":"https:\/\/nordicmart.andreevmaster.com\/product\/big-power-worker-maxi-ride-on-trailer-movable-platform-2\/"},"modified":"2026-02-27T09:54:03","modified_gmt":"2026-02-27T09:54:03","slug":"big-power-worker-maxi-ride-on-trailer-movable-platform-2","status":"publish","type":"product","link":"https:\/\/nordicmart.andreevmaster.com\/fi\/tuote\/big-power-worker-maxi-ride-on-trailer-movable-platform-2\/","title":{"rendered":"BIG Power Worker Maxi Ride-On Trailer Movable Platform"},"content":{"rendered":"<p>T\u00e4m\u00e4 tehokas uusi lis\u00e4varuste BIG Power Worker Maxi -sarjasta on t\u00e4ydellinen lis\u00e4 olemassa oleviin BIG Power Worker Maxi -rakennuskoneisiin. Uusi per\u00e4vaunu voidaan kiinnitt\u00e4\u00e4 helposti BIG Power Worker Maxi Truck-, Maxi Digger- ja Maxi Crane -malleihin mukana toimitetulla per\u00e4vaunun kiinnikkeell\u00e4, jolloin lapsille saadaan lis\u00e4\u00e4 s\u00e4ilytystilaa hiekkaleikkikaluille ja rakennusty\u00f6maan j\u00e4tteille. Laadukkaiden, pehme\u00e4mm\u00e4st\u00e4, j\u00e4lki\u00e4 j\u00e4tt\u00e4m\u00e4tt\u00f6m\u00e4st\u00e4 muovista valmistettujen renkaiden ansiosta per\u00e4vaunua voidaan k\u00e4ytt\u00e4\u00e4 ongelmitta my\u00f6s sis\u00e4tiloissa. Kuten kaikki muutkin BIG Power Worker -tuotteet, ajoneuvo on helppo puhdistaa j\u00e4lki\u00e4 j\u00e4tt\u00e4m\u00e4tt\u00e4.Ominaisuudet:<\/p>\n<p>* &#8211; sopii 3\u20137-vuotiaille lapsille,<br \/>\n* &#8211; siirrett\u00e4v\u00e4 lava,<br \/>\n* &#8211; lavan kantavuus enint\u00e4\u00e4n 25 kg,<br \/>\n* &#8211; varustettu koukulla, jolla se voidaan kiinnitt\u00e4\u00e4 per\u00e4vaunuun,* &#8211; t\u00e4ydellinen lis\u00e4 Power Worker Maxi -kokoelmaan,<br \/>\n* &#8211; helppo puhdistaa, joten se on helppo pit\u00e4\u00e4 puhtaana,<br \/>\n* &#8211; ihanteellinen sek\u00e4 sis\u00e4- ett\u00e4 ulkok\u00e4ytt\u00f6\u00f6n korkealaatuisten renkaiden ansiosta. BIG kuuluu suureen Simba Dickie Group -konserniin. Tuotevalikoima sis\u00e4lt\u00e4\u00e4 laajan valikoiman innovatiivisia leluja, jotka stimuloivat lasten motorista kehityst\u00e4. BIG-tuotteet tarjoavat monia leikkideoita. Valikoimaan kuuluu autoja, ajettavissa olevia leluja, keinuleluja, traktoreita, veneit\u00e4, liukum\u00e4ki\u00e4, kelluvia leluja ja hiekkalaatikoita. BIG-lelut ovat eritt\u00e4in korkealaatuisia. Ne valmistetaan Saksassa korkealaatuisista UV-kest\u00e4vist\u00e4 materiaaleista. Lelujemme turvallisuus on taattu ja vahvistettu LGA\/T\u00dcV-testeill\u00e4.<\/p>\n","protected":false},"excerpt":{"rendered":"<p>T\u00e4m\u00e4 tehokas uusi lis\u00e4varuste BIG Power Worker Maxi -sarjasta on t\u00e4ydellinen lis\u00e4 olemassa oleviin BIG Power Worker Maxi -rakennuskoneisiin. Uusi per\u00e4vaunu voidaan kiinnitt\u00e4\u00e4 helposti BIG Power Worker Maxi Truck-, Maxi Digger- ja Maxi Crane -malleihin mukana toimitetulla per\u00e4vaunun kiinnikkeell\u00e4, jolloin lapsille saadaan lis\u00e4\u00e4 s\u00e4ilytystilaa hiekkaleikkikaluille ja rakennusty\u00f6maan j\u00e4tteille. Laadukkaiden, pehme\u00e4mm\u00e4st\u00e4, j\u00e4lki\u00e4 j\u00e4tt\u00e4m\u00e4tt\u00f6m\u00e4st\u00e4 muovista valmistettujen renkaiden [&hellip;]<\/p>\n","protected":false},"featured_media":0,"comment_status":"open","ping_status":"closed","template":"","meta":[],"product_brand":[],"product_cat":[32],"product_tag":[],"class_list":{"0":"post-36974","1":"product","2":"type-product","3":"status-publish","5":"product_cat-uncategorized-fi","7":"first","8":"instock","9":"shipping-taxable","10":"purchasable","11":"product-type-simple"},"_links":{"self":[{"href":"https:\/\/nordicmart.andreevmaster.com\/fi\/wp-json\/wp\/v2\/product\/36974","targetHints":{"allow":["GET"]}}],"collection":[{"href":"https:\/\/nordicmart.andreevmaster.com\/fi\/wp-json\/wp\/v2\/product"}],"about":[{"href":"https:\/\/nordicmart.andreevmaster.com\/fi\/wp-json\/wp\/v2\/types\/product"}],"replies":[{"embeddable":true,"href":"https:\/\/nordicmart.andreevmaster.com\/fi\/wp-json\/wp\/v2\/comments?post=36974"}],"wp:attachment":[{"href":"https:\/\/nordicmart.andreevmaster.com\/fi\/wp-json\/wp\/v2\/media?parent=36974"}],"wp:term":[{"taxonomy":"product_brand","embeddable":true,"href":"https:\/\/nordicmart.andreevmaster.com\/fi\/wp-json\/wp\/v2\/product_brand?post=36974"},{"taxonomy":"product_cat","embeddable":true,"href":"https:\/\/nordicmart.andreevmaster.com\/fi\/wp-json\/wp\/v2\/product_cat?post=36974"},{"taxonomy":"product_tag","embeddable":true,"href":"https:\/\/nordicmart.andreevmaster.com\/fi\/wp-json\/wp\/v2\/product_tag?post=36974"}],"curies":[{"name":"wp","href":"https:\/\/api.w.org\/{rel}","templated":true}]}}