{"id":36973,"date":"2026-02-27T00:36:51","date_gmt":"2026-02-27T00:36:51","guid":{"rendered":"https:\/\/nordicmart.andreevmaster.com\/product\/woopie-dry-pool-leikkikeha-aidat-lapsille-kotiin-ja-puutarhaan\/"},"modified":"2026-02-27T09:54:03","modified_gmt":"2026-02-27T09:54:03","slug":"woopie-dry-pool-leikkikeha-aidat-lapsille-kotiin-ja-puutarhaan","status":"publish","type":"product","link":"https:\/\/nordicmart.andreevmaster.com\/fi\/tuote\/woopie-dry-pool-leikkikeha-aidat-lapsille-kotiin-ja-puutarhaan\/","title":{"rendered":"WOOPIE Dry Pool -leikkikeh\u00e4 aidat lapsille kotiin ja puutarhaan"},"content":{"rendered":"<p>Aita lapsille, jota voidaan k\u00e4ytt\u00e4\u00e4 leikkikeh\u00e4n rakentamiseen lapsesi leikkimist\u00e4 varten. Aseta vain pehmolelu, pehme\u00e4 vuodevaatteet tai lempilelu sis\u00e4lle. Sit\u00e4 voidaan k\u00e4ytt\u00e4\u00e4 my\u00f6s aidana est\u00e4m\u00e4\u00e4n p\u00e4\u00e4sy alueille, joille et halua lapsesi menev\u00e4n. <\/p>\n<p>Se sopii erinomaisesti k\u00e4ytett\u00e4v\u00e4ksi kotona, puutarhassa l\u00e4mpimin\u00e4 p\u00e4ivin\u00e4 sek\u00e4 lastentarhoissa tai kaupoissa, joissa lapsilla on oma leikkikulma. Se on leikkikulma p\u00e4iv\u00e4kodeille, kaupoille tai kampaamoille. Sit\u00e4 voidaan k\u00e4ytt\u00e4\u00e4 my\u00f6s aidana, jolla voi sulkea alueet, joille et halua lapsesi menev\u00e4n. Aita sulkee patterit, huoneen sis\u00e4\u00e4nk\u00e4ynnin tai sulkee kotiteatterin, jossa lapset rakastavat leikki\u00e4. Ominaisuudet: &#8211; Sarja sis\u00e4lt\u00e4\u00e4 10 v\u00e4rikk\u00e4it\u00e4 paneelia ja kangaspohjan. &#8211; Eritt\u00e4in vakaa, jokaisessa paneelissa on kaksi jalkaa, joissa on liukumattomat tyynyt. &#8211; Sarjat voidaan yhdistell\u00e4 vapaasti suuremman leikkikeh\u00e4n tai leikkikulman luomiseksi. &#8211; Vankka, iskunkest\u00e4v\u00e4 muovi. &#8211; Aita voidaan purkaa ja taittaa laukkuun, joka toimii my\u00f6s leikkikeh\u00e4n pohjana kuljetusta tai s\u00e4ilytyst\u00e4 varten.<\/p>\n","protected":false},"excerpt":{"rendered":"<p>Aita lapsille, jota voidaan k\u00e4ytt\u00e4\u00e4 leikkikeh\u00e4n rakentamiseen lapsesi leikkimist\u00e4 varten. Aseta vain pehmolelu, pehme\u00e4 vuodevaatteet tai lempilelu sis\u00e4lle. Sit\u00e4 voidaan k\u00e4ytt\u00e4\u00e4 my\u00f6s aidana est\u00e4m\u00e4\u00e4n p\u00e4\u00e4sy alueille, joille et halua lapsesi menev\u00e4n. Se sopii erinomaisesti k\u00e4ytett\u00e4v\u00e4ksi kotona, puutarhassa l\u00e4mpimin\u00e4 p\u00e4ivin\u00e4 sek\u00e4 lastentarhoissa tai kaupoissa, joissa lapsilla on oma leikkikulma. Se on leikkikulma p\u00e4iv\u00e4kodeille, kaupoille tai kampaamoille. [&hellip;]<\/p>\n","protected":false},"featured_media":0,"comment_status":"open","ping_status":"closed","template":"","meta":[],"product_brand":[],"product_cat":[32],"product_tag":[],"class_list":{"0":"post-36973","1":"product","2":"type-product","3":"status-publish","5":"product_cat-uncategorized-fi","7":"first","8":"instock","9":"shipping-taxable","10":"purchasable","11":"product-type-simple"},"_links":{"self":[{"href":"https:\/\/nordicmart.andreevmaster.com\/fi\/wp-json\/wp\/v2\/product\/36973","targetHints":{"allow":["GET"]}}],"collection":[{"href":"https:\/\/nordicmart.andreevmaster.com\/fi\/wp-json\/wp\/v2\/product"}],"about":[{"href":"https:\/\/nordicmart.andreevmaster.com\/fi\/wp-json\/wp\/v2\/types\/product"}],"replies":[{"embeddable":true,"href":"https:\/\/nordicmart.andreevmaster.com\/fi\/wp-json\/wp\/v2\/comments?post=36973"}],"wp:attachment":[{"href":"https:\/\/nordicmart.andreevmaster.com\/fi\/wp-json\/wp\/v2\/media?parent=36973"}],"wp:term":[{"taxonomy":"product_brand","embeddable":true,"href":"https:\/\/nordicmart.andreevmaster.com\/fi\/wp-json\/wp\/v2\/product_brand?post=36973"},{"taxonomy":"product_cat","embeddable":true,"href":"https:\/\/nordicmart.andreevmaster.com\/fi\/wp-json\/wp\/v2\/product_cat?post=36973"},{"taxonomy":"product_tag","embeddable":true,"href":"https:\/\/nordicmart.andreevmaster.com\/fi\/wp-json\/wp\/v2\/product_tag?post=36973"}],"curies":[{"name":"wp","href":"https:\/\/api.w.org\/{rel}","templated":true}]}}