{"id":36972,"date":"2026-02-27T00:36:50","date_gmt":"2026-02-27T00:36:50","guid":{"rendered":"https:\/\/nordicmart.andreevmaster.com\/product\/woopie-koulutuspalikat-vohveliaita-talo\/"},"modified":"2026-02-27T09:54:03","modified_gmt":"2026-02-27T09:54:03","slug":"woopie-koulutuspalikat-vohveliaita-talo","status":"publish","type":"product","link":"https:\/\/nordicmart.andreevmaster.com\/fi\/tuote\/woopie-koulutuspalikat-vohveliaita-talo\/","title":{"rendered":"WOOPIE Koulutuspalikat Vohveliaita-talo"},"content":{"rendered":"<p>Waffle-oppimispalikkasarja on ihanteellinen sek\u00e4 koti- ett\u00e4 puutarhak\u00e4ytt\u00f6\u00f6n.<\/p>\n<p>Palikat on suunniteltu sopimaan yhteen eri kulmissa. Lapset voivat k\u00e4ytt\u00e4\u00e4 n\u00e4it\u00e4 palikoita keskittymiskyvyn harjoitteluun ja mielikuvituksen kehitt\u00e4miseen. He oppivat uusia muotoja rakentamalla mielenkiintoisia rakenteita, kuten autoja, taloja, kyn\u00e4\u00e4, muureja, sokkeloita ja monia muita.<\/p>\n<p>Ominaisuudet:<\/p>\n<p>&#8211; Sarja koostuu 20 kappaleesta. &#8211; Sarjoja voidaan my\u00f6s yhdistell\u00e4 suurempien rakenteiden rakentamiseksi. &#8211; Ihanteellinen tuote sek\u00e4 kotiin ett\u00e4 puutarhaan.<\/p>\n<p>Woopie on yksi Euroopan johtavista muovilelujen valmistajista. Woopie-tuotteita myyd\u00e4\u00e4n menestyksekk\u00e4\u00e4sti kotimarkkinoilla ja kaikkialla Euroopassa.<\/p>\n<p>Woopie-lelujen tavoitteena on tuoda iloa lapsille! Laajasta tuotevalikoimastaan Woopie tarjoaa karnevaaliasuja ja naamiaisasuja lapsille sek\u00e4 riippukeinuja, vaahtomuovileikkikaluja, erilaisia puutarhaleikkikaluja ja paljon muuta! Anna hauskanpidon vied\u00e4 sinut mukanaan \u2013 anna Woopie vied\u00e4 sinut mukanaan!<\/p>\n","protected":false},"excerpt":{"rendered":"<p>Waffle-oppimispalikkasarja on ihanteellinen sek\u00e4 koti- ett\u00e4 puutarhak\u00e4ytt\u00f6\u00f6n. Palikat on suunniteltu sopimaan yhteen eri kulmissa. Lapset voivat k\u00e4ytt\u00e4\u00e4 n\u00e4it\u00e4 palikoita keskittymiskyvyn harjoitteluun ja mielikuvituksen kehitt\u00e4miseen. He oppivat uusia muotoja rakentamalla mielenkiintoisia rakenteita, kuten autoja, taloja, kyn\u00e4\u00e4, muureja, sokkeloita ja monia muita. Ominaisuudet: &#8211; Sarja koostuu 20 kappaleesta. &#8211; Sarjoja voidaan my\u00f6s yhdistell\u00e4 suurempien rakenteiden rakentamiseksi. &#8211; [&hellip;]<\/p>\n","protected":false},"featured_media":0,"comment_status":"open","ping_status":"closed","template":"","meta":[],"product_brand":[],"product_cat":[32],"product_tag":[],"class_list":{"0":"post-36972","1":"product","2":"type-product","3":"status-publish","5":"product_cat-uncategorized-fi","7":"first","8":"instock","9":"shipping-taxable","10":"purchasable","11":"product-type-simple"},"_links":{"self":[{"href":"https:\/\/nordicmart.andreevmaster.com\/fi\/wp-json\/wp\/v2\/product\/36972","targetHints":{"allow":["GET"]}}],"collection":[{"href":"https:\/\/nordicmart.andreevmaster.com\/fi\/wp-json\/wp\/v2\/product"}],"about":[{"href":"https:\/\/nordicmart.andreevmaster.com\/fi\/wp-json\/wp\/v2\/types\/product"}],"replies":[{"embeddable":true,"href":"https:\/\/nordicmart.andreevmaster.com\/fi\/wp-json\/wp\/v2\/comments?post=36972"}],"wp:attachment":[{"href":"https:\/\/nordicmart.andreevmaster.com\/fi\/wp-json\/wp\/v2\/media?parent=36972"}],"wp:term":[{"taxonomy":"product_brand","embeddable":true,"href":"https:\/\/nordicmart.andreevmaster.com\/fi\/wp-json\/wp\/v2\/product_brand?post=36972"},{"taxonomy":"product_cat","embeddable":true,"href":"https:\/\/nordicmart.andreevmaster.com\/fi\/wp-json\/wp\/v2\/product_cat?post=36972"},{"taxonomy":"product_tag","embeddable":true,"href":"https:\/\/nordicmart.andreevmaster.com\/fi\/wp-json\/wp\/v2\/product_tag?post=36972"}],"curies":[{"name":"wp","href":"https:\/\/api.w.org\/{rel}","templated":true}]}}