{"id":36971,"date":"2026-02-27T00:36:50","date_gmt":"2026-02-27T00:36:50","guid":{"rendered":"https:\/\/nordicmart.andreevmaster.com\/product\/falk-racing-team-moottoripyora-punainen-leveat-pyorat-1-vuotiaille\/"},"modified":"2026-02-27T09:54:02","modified_gmt":"2026-02-27T09:54:02","slug":"falk-racing-team-moottoripyora-punainen-leveat-pyorat-1-vuotiaille","status":"publish","type":"product","link":"https:\/\/nordicmart.andreevmaster.com\/fi\/tuote\/falk-racing-team-moottoripyora-punainen-leveat-pyorat-1-vuotiaille\/","title":{"rendered":"FALK Racing Team Moottoripy\u00f6r\u00e4 Punainen Leve\u00e4t py\u00f6r\u00e4t 1-vuotiaille"},"content":{"rendered":"<p>Ranskalaisen ajelulelujen valmistajan Falkin tasapainopy\u00f6r\u00e4 on t\u00e4ydellinen lahja 12 kuukauden ik\u00e4isille ja sit\u00e4 vanhemmille lapsille. Kaunis grafiikka ja eritt\u00e4in realistinen ulkon\u00e4k\u00f6 tuovat paljon iloa pienille. Ajelulelu on varustettu suurilla py\u00f6rill\u00e4, jotka sopivat erinomaisesti erilaisille pinnoille. Etupy\u00f6r\u00e4 on k\u00e4\u00e4ntyv\u00e4, mik\u00e4 tekee ohjauksesta ja k\u00e4\u00e4ntymisest\u00e4 mukavampaa.Ominaisuudet: .<\/p>\n<p>* &#8211; Suunniteltu 1-vuotiaille ja sit\u00e4 vanhemmille lapsille,<br \/>\n* &#8211; Suurin kantavuus 30 kg,<br \/>\n* &#8211; Valmistettu korkealaatuisesta muovista, joka kest\u00e4\u00e4 s\u00e4\u00e4olosuhteita,<br \/>\n* &#8211; Ergonominen muotoilu tekee ajamisesta mukavaa,<br \/>\n* &#8211; Leve\u00e4t py\u00f6r\u00e4t takaavat vakauden ,<\/p>\n","protected":false},"excerpt":{"rendered":"<p>Ranskalaisen ajelulelujen valmistajan Falkin tasapainopy\u00f6r\u00e4 on t\u00e4ydellinen lahja 12 kuukauden ik\u00e4isille ja sit\u00e4 vanhemmille lapsille. Kaunis grafiikka ja eritt\u00e4in realistinen ulkon\u00e4k\u00f6 tuovat paljon iloa pienille. Ajelulelu on varustettu suurilla py\u00f6rill\u00e4, jotka sopivat erinomaisesti erilaisille pinnoille. Etupy\u00f6r\u00e4 on k\u00e4\u00e4ntyv\u00e4, mik\u00e4 tekee ohjauksesta ja k\u00e4\u00e4ntymisest\u00e4 mukavampaa.Ominaisuudet: . * &#8211; Suunniteltu 1-vuotiaille ja sit\u00e4 vanhemmille lapsille, * &#8211; [&hellip;]<\/p>\n","protected":false},"featured_media":0,"comment_status":"open","ping_status":"closed","template":"","meta":[],"product_brand":[],"product_cat":[32],"product_tag":[],"class_list":{"0":"post-36971","1":"product","2":"type-product","3":"status-publish","5":"product_cat-uncategorized-fi","7":"first","8":"instock","9":"shipping-taxable","10":"purchasable","11":"product-type-simple"},"_links":{"self":[{"href":"https:\/\/nordicmart.andreevmaster.com\/fi\/wp-json\/wp\/v2\/product\/36971","targetHints":{"allow":["GET"]}}],"collection":[{"href":"https:\/\/nordicmart.andreevmaster.com\/fi\/wp-json\/wp\/v2\/product"}],"about":[{"href":"https:\/\/nordicmart.andreevmaster.com\/fi\/wp-json\/wp\/v2\/types\/product"}],"replies":[{"embeddable":true,"href":"https:\/\/nordicmart.andreevmaster.com\/fi\/wp-json\/wp\/v2\/comments?post=36971"}],"wp:attachment":[{"href":"https:\/\/nordicmart.andreevmaster.com\/fi\/wp-json\/wp\/v2\/media?parent=36971"}],"wp:term":[{"taxonomy":"product_brand","embeddable":true,"href":"https:\/\/nordicmart.andreevmaster.com\/fi\/wp-json\/wp\/v2\/product_brand?post=36971"},{"taxonomy":"product_cat","embeddable":true,"href":"https:\/\/nordicmart.andreevmaster.com\/fi\/wp-json\/wp\/v2\/product_cat?post=36971"},{"taxonomy":"product_tag","embeddable":true,"href":"https:\/\/nordicmart.andreevmaster.com\/fi\/wp-json\/wp\/v2\/product_tag?post=36971"}],"curies":[{"name":"wp","href":"https:\/\/api.w.org\/{rel}","templated":true}]}}