{"id":36969,"date":"2026-02-27T00:36:50","date_gmt":"2026-02-27T00:36:50","guid":{"rendered":"https:\/\/nordicmart.andreevmaster.com\/product\/woopie-green-puinen-interaktiivinen-keittio-9-in-1-pesukoneella-ja-liitutaululla\/"},"modified":"2026-02-27T09:54:02","modified_gmt":"2026-02-27T09:54:02","slug":"woopie-green-puinen-interaktiivinen-keittio-9-in-1-pesukoneella-ja-liitutaululla","status":"publish","type":"product","link":"https:\/\/nordicmart.andreevmaster.com\/fi\/tuote\/woopie-green-puinen-interaktiivinen-keittio-9-in-1-pesukoneella-ja-liitutaululla\/","title":{"rendered":"WOOPIE GREEN Puinen interaktiivinen keitti\u00f6 9-in-1 pesukoneella ja liitutaululla"},"content":{"rendered":"<p>Puinen 9-in-1-keitti\u00f6 lapsille Woopie Green<\/p>\n<p>Woopie Greenin monitoiminen keitti\u00f6setti on puinen keitti\u00f6, joka on suunniteltu pienille, jotka rakastavat ruoanlaittoa ja maailman tutkimista. Setti yhdist\u00e4\u00e4 yli 9 erilaista toimintoa, kehitt\u00e4\u00e4 luovuutta ja opettaa p\u00e4ivitt\u00e4isi\u00e4 toimintoja leikin kautta. Sopii t\u00e4ydellisesti lastenhuoneeseen, leikkihuoneeseen tai lastentarhaan.Ominaisuudet:<\/p>\n<p>* &#8211; Lelu 3-vuotiaille ja sit\u00e4 vanhemmille<br \/>\n* &#8211; Keitti\u00f6n etuosa on hyvin varustettu keitti\u00f6tila, jossa on realistisia yksityiskohtia. Siell\u00e4 on kahvinkeitin, mikroaaltouuni, pesuallas, uuni, astianpesukone ja induktioliesi, jotka takaavat lapsille hauskaa puuhaa<br \/>\n* &#8211; Keitti\u00f6n sivussa on pesukone ja pyykkikori. T\u00e4m\u00e4 on loistava tilaisuus kehitt\u00e4\u00e4 itsen\u00e4isyytt\u00e4 ja ymm\u00e4rryst\u00e4 p\u00e4ivitt\u00e4isist\u00e4 rutiineista<br \/>\n* &#8211; Sarjan takana on liitutaulu ja v\u00e4rik\u00e4s maailmankartta, jotka innostavat piirt\u00e4m\u00e4\u00e4n, oppimaan ja tutkimaan maanosia ja kulttuureja<br \/>\n* &#8211; Interaktiiviset elementit: valot ja \u00e4\u00e4net induktioliedess\u00e4 ja valo mikroaaltouunissa<br \/>\n* &#8211; Keitti\u00f6n korkeus on s\u00e4\u00e4dett\u00e4viss\u00e4<br \/>\n* &#8211; Paristot eiv\u00e4t sis\u00e4lly toimitukseen<\/p>\n<p>Sarja sis\u00e4lt\u00e4\u00e4:<\/p>\n<p>* &#8211; Keitti\u00f6, jossa on mikroaaltouuni, uuni, astianpesukone, pesukone ja kahvinkeitin<br \/>\n* &#8211; Pesukoneen alle asennettu pyykkikori<br \/>\n* &#8211; 4 lautasta<br \/>\n* &#8211; Muki, kattila, paistinpannu, paistinlasta ja haarukka<br \/>\n* &#8211; Esiliina ja kokin hattu<br \/>\n* &#8211; Liitutaulu ja maailmankartta<br \/>\n* &#8211; Kortit, joissa on kuvia erilaisista j\u00e4tteist\u00e4, jotka sopivat t\u00e4ydellisesti keitti\u00f6n ulosvedett\u00e4viin roskakoreihin<\/p>\n<p>Lelu kehitt\u00e4\u00e4:<\/p>\n<p>* &#8211; Mielikuvitusta ja luovuutta \u2013 lapset luovat omia ruokia, keksiv\u00e4t reseptej\u00e4 ja valmistavat aterioita omien ideoidensa pohjalta. T\u00e4m\u00e4 kehitt\u00e4\u00e4 luovaa ajattelua ja opettaa heille, ett\u00e4 ei ole olemassa yht\u00e4 ainoaa &#8221;oikeaa&#8221; ratkaisua ja ett\u00e4 ideoiden moninaisuus on arvokasta.<br \/>\n* &#8211; K\u00e4sien motoriset taidot \u2013 ruoanlaitto on hyv\u00e4\u00e4 harjoitusta pienille k\u00e4sille \u2013 kaikki t\u00e4m\u00e4 auttaa kehitt\u00e4m\u00e4\u00e4n tarkkoja liikkeit\u00e4 ja k\u00e4si-silm\u00e4-koordinaatiota. T\u00e4m\u00e4 on eritt\u00e4in t\u00e4rke\u00e4\u00e4 etenkin kehityksen alkuvaiheessa, koska se tukee my\u00f6hemmin kirjoittamiseen, piirt\u00e4miseen ja muihin p\u00e4ivitt\u00e4isiin toimintoihin tarvittavia taitoja.* &#8211; Keskittymiskyky \u2013 t\u00e4m\u00e4 toiminta opettaa k\u00e4rsiv\u00e4llisyytt\u00e4 ja johdonmukaisuutta sek\u00e4 kehitt\u00e4\u00e4 kyky\u00e4 keskitty\u00e4 yhteen toimintaan pitk\u00e4\u00e4n \u2013 mik\u00e4 on arvokasta sek\u00e4 leikiss\u00e4 ett\u00e4 koulussa oppimisessa.<\/p>\n","protected":false},"excerpt":{"rendered":"<p>Puinen 9-in-1-keitti\u00f6 lapsille Woopie Green Woopie Greenin monitoiminen keitti\u00f6setti on puinen keitti\u00f6, joka on suunniteltu pienille, jotka rakastavat ruoanlaittoa ja maailman tutkimista. Setti yhdist\u00e4\u00e4 yli 9 erilaista toimintoa, kehitt\u00e4\u00e4 luovuutta ja opettaa p\u00e4ivitt\u00e4isi\u00e4 toimintoja leikin kautta. Sopii t\u00e4ydellisesti lastenhuoneeseen, leikkihuoneeseen tai lastentarhaan.Ominaisuudet: * &#8211; Lelu 3-vuotiaille ja sit\u00e4 vanhemmille * &#8211; Keitti\u00f6n etuosa on hyvin [&hellip;]<\/p>\n","protected":false},"featured_media":0,"comment_status":"open","ping_status":"closed","template":"","meta":[],"product_brand":[],"product_cat":[32],"product_tag":[],"class_list":{"0":"post-36969","1":"product","2":"type-product","3":"status-publish","5":"product_cat-uncategorized-fi","7":"first","8":"instock","9":"shipping-taxable","10":"purchasable","11":"product-type-simple"},"_links":{"self":[{"href":"https:\/\/nordicmart.andreevmaster.com\/fi\/wp-json\/wp\/v2\/product\/36969","targetHints":{"allow":["GET"]}}],"collection":[{"href":"https:\/\/nordicmart.andreevmaster.com\/fi\/wp-json\/wp\/v2\/product"}],"about":[{"href":"https:\/\/nordicmart.andreevmaster.com\/fi\/wp-json\/wp\/v2\/types\/product"}],"replies":[{"embeddable":true,"href":"https:\/\/nordicmart.andreevmaster.com\/fi\/wp-json\/wp\/v2\/comments?post=36969"}],"wp:attachment":[{"href":"https:\/\/nordicmart.andreevmaster.com\/fi\/wp-json\/wp\/v2\/media?parent=36969"}],"wp:term":[{"taxonomy":"product_brand","embeddable":true,"href":"https:\/\/nordicmart.andreevmaster.com\/fi\/wp-json\/wp\/v2\/product_brand?post=36969"},{"taxonomy":"product_cat","embeddable":true,"href":"https:\/\/nordicmart.andreevmaster.com\/fi\/wp-json\/wp\/v2\/product_cat?post=36969"},{"taxonomy":"product_tag","embeddable":true,"href":"https:\/\/nordicmart.andreevmaster.com\/fi\/wp-json\/wp\/v2\/product_tag?post=36969"}],"curies":[{"name":"wp","href":"https:\/\/api.w.org\/{rel}","templated":true}]}}