{"id":36967,"date":"2026-02-27T00:36:49","date_gmt":"2026-02-27T00:36:49","guid":{"rendered":"https:\/\/nordicmart.andreevmaster.com\/product\/woopie-royal-lastenvaunut-nukkevaunut-varikkaat-sydamet\/"},"modified":"2026-02-27T09:54:02","modified_gmt":"2026-02-27T09:54:02","slug":"woopie-royal-lastenvaunut-nukkevaunut-varikkaat-sydamet","status":"publish","type":"product","link":"https:\/\/nordicmart.andreevmaster.com\/fi\/tuote\/woopie-royal-lastenvaunut-nukkevaunut-varikkaat-sydamet\/","title":{"rendered":"WOOPIE ROYAL Lastenvaunut Nukkevaunut V\u00e4rikk\u00e4\u00e4t syd\u00e4met"},"content":{"rendered":"<p>Woopie-nukkevaunu on t\u00e4ydellinen valinta kaikille pienille tyt\u00f6ille, jotka rakastavat leikkimist\u00e4. Sen runko on kevyt mutta eritt\u00e4in vakaa, mik\u00e4 takaa mukavuuden ja turvallisuuden k\u00e4yt\u00f6n aikana. Varustettu jalkatuella, aurinkosuojalla, turvav\u00f6ill\u00e4 ja k\u00e4yt\u00e4nn\u00f6llisell\u00e4 korilla pienille tavaroille, se takaa t\u00e4yden toiminnallisuuden ja mukavuuden. Lis\u00e4ksi siin\u00e4 on pehme\u00e4 kahva, joka helpottaa ohjaamista, sek\u00e4 hiljaiset, luistamattomat vaahtomuovipy\u00f6r\u00e4t, jotka sopivat sek\u00e4 koti- ett\u00e4 ulkok\u00e4ytt\u00f6\u00f6n. Kun leikkiaika on ohi, vaunut voidaan taittaa helposti kokoon, mik\u00e4 s\u00e4\u00e4st\u00e4\u00e4 s\u00e4ilytystilaa. Tyylik\u00e4s muotoilu tekee siit\u00e4 ainutlaatuisen lis\u00e4varusteen kaikille nukkeille. Ominaisuudet: * &#8211; vaunut on suunniteltu 3-vuotiaille ja sit\u00e4 vanhemmille lapsille * &#8211; tyylik\u00e4s muotoilu &#8211; Kevyt ja tukeva runko<br \/>\n* &#8211; taitettava katos<br \/>\n* &#8211; pehme\u00e4 vaahtomuovikahva<br \/>\n* &#8211; jalkatuki<br \/>\n* &#8211; kori pienille tavaroille<br \/>\n* &#8211; turvavy\u00f6t<br \/>\n* &#8211; hiljaiset vaahtomuovipy\u00f6r\u00e4t<br \/>\n* &#8211; irrotettava kangas pesua varten<\/p>\n<p>MITAT:- Kahvan enimm\u00e4iskorkeus: 67 cm &#8211; Kahvan v\u00e4himm\u00e4iskorkeus: 38 cm &#8211; Lastenvaunun leveys: 50 cm &#8211; Kahvan leveys: 30 cm &#8211; Istuimen mitat: 25 x 23 cm \/ avattuna: 41 cm<\/p>\n","protected":false},"excerpt":{"rendered":"<p>Woopie-nukkevaunu on t\u00e4ydellinen valinta kaikille pienille tyt\u00f6ille, jotka rakastavat leikkimist\u00e4. Sen runko on kevyt mutta eritt\u00e4in vakaa, mik\u00e4 takaa mukavuuden ja turvallisuuden k\u00e4yt\u00f6n aikana. Varustettu jalkatuella, aurinkosuojalla, turvav\u00f6ill\u00e4 ja k\u00e4yt\u00e4nn\u00f6llisell\u00e4 korilla pienille tavaroille, se takaa t\u00e4yden toiminnallisuuden ja mukavuuden. Lis\u00e4ksi siin\u00e4 on pehme\u00e4 kahva, joka helpottaa ohjaamista, sek\u00e4 hiljaiset, luistamattomat vaahtomuovipy\u00f6r\u00e4t, jotka sopivat sek\u00e4 koti- [&hellip;]<\/p>\n","protected":false},"featured_media":0,"comment_status":"open","ping_status":"closed","template":"","meta":[],"product_brand":[],"product_cat":[32],"product_tag":[],"class_list":{"0":"post-36967","1":"product","2":"type-product","3":"status-publish","5":"product_cat-uncategorized-fi","7":"first","8":"instock","9":"shipping-taxable","10":"purchasable","11":"product-type-simple"},"_links":{"self":[{"href":"https:\/\/nordicmart.andreevmaster.com\/fi\/wp-json\/wp\/v2\/product\/36967","targetHints":{"allow":["GET"]}}],"collection":[{"href":"https:\/\/nordicmart.andreevmaster.com\/fi\/wp-json\/wp\/v2\/product"}],"about":[{"href":"https:\/\/nordicmart.andreevmaster.com\/fi\/wp-json\/wp\/v2\/types\/product"}],"replies":[{"embeddable":true,"href":"https:\/\/nordicmart.andreevmaster.com\/fi\/wp-json\/wp\/v2\/comments?post=36967"}],"wp:attachment":[{"href":"https:\/\/nordicmart.andreevmaster.com\/fi\/wp-json\/wp\/v2\/media?parent=36967"}],"wp:term":[{"taxonomy":"product_brand","embeddable":true,"href":"https:\/\/nordicmart.andreevmaster.com\/fi\/wp-json\/wp\/v2\/product_brand?post=36967"},{"taxonomy":"product_cat","embeddable":true,"href":"https:\/\/nordicmart.andreevmaster.com\/fi\/wp-json\/wp\/v2\/product_cat?post=36967"},{"taxonomy":"product_tag","embeddable":true,"href":"https:\/\/nordicmart.andreevmaster.com\/fi\/wp-json\/wp\/v2\/product_tag?post=36967"}],"curies":[{"name":"wp","href":"https:\/\/api.w.org\/{rel}","templated":true}]}}