{"id":36966,"date":"2026-02-27T00:36:49","date_gmt":"2026-02-27T00:36:49","guid":{"rendered":"https:\/\/nordicmart.andreevmaster.com\/product\/woopie-royal-nukkevaunu-saadettava-istuin-4-pyoraa\/"},"modified":"2026-02-27T09:54:01","modified_gmt":"2026-02-27T09:54:01","slug":"woopie-royal-nukkevaunu-saadettava-istuin-4-pyoraa","status":"publish","type":"product","link":"https:\/\/nordicmart.andreevmaster.com\/fi\/tuote\/woopie-royal-nukkevaunu-saadettava-istuin-4-pyoraa\/","title":{"rendered":"WOOPIE ROYAL Nukkevaunu S\u00e4\u00e4dett\u00e4v\u00e4 istuin 4 py\u00f6r\u00e4\u00e4"},"content":{"rendered":"<p>T\u00e4m\u00e4 tyylik\u00e4s ja toimiva nukkevaunu WOOPIE-merkilt\u00e4 on t\u00e4ydellinen lahja kaikille nukkeilla leikkimist\u00e4 rakastaville tyt\u00f6ille. S\u00e4\u00e4dett\u00e4v\u00e4n istuimen ansiosta se voidaan helposti mukauttaa erilaisiin leikkitarpeisiin, jolloin lapsesi voi kuljettaa mukanaan suosikkinukkejaan. K\u00e4\u00e4ntyv\u00e4t etupy\u00f6r\u00e4t takaavat sujuvan ohjattavuuden, ja tukeva rakenne tarjoaa vakautta k\u00e4velyjen aikana. Vaunussa on pehme\u00e4, mukava kahva ja tilava kori tarvikkeille, johon mahtuu kaikki leikkimiseen tarvittavat pienet tavarat. Taitettava kuomu suojaa nukkeja &#8221;auringolta&#8221;, ja kompakti muotoilu tekee vaunusta helpon s\u00e4ilytt\u00e4\u00e4 leikin j\u00e4lkeen. Ominaisuudet: * &#8211; Suunniteltu alle 130 cm:n pituisille lapsille * &#8211; Sopii alle 55 cm:n pituisille nukkeille * &#8211; 360\u00b0 k\u00e4\u00e4ntyv\u00e4t py\u00f6r\u00e4t helpottavat ohjausta * &#8211; S\u00e4\u00e4dett\u00e4v\u00e4 istuin ja kahva<br \/>\n* &#8211; Istuimen alla kangaskori tarvikkeille<br \/>\n* &#8211; Kevyt ja vakaa runko<br \/>\n* &#8211; Lastenvaunussa mahtuu jopa 55 cm pitki\u00e4 nukkeja<\/p>\n<p>Nukkeilla leikkiminen kehitt\u00e4\u00e4:<\/p>\n<p>* &#8211; Sosiaalisia taitoja<br \/>\n* &#8211; Luovuutta ja mielikuvitusta<br \/>\n* &#8211; Empatiaa ja vastuuntuntoa<\/p>\n","protected":false},"excerpt":{"rendered":"<p>T\u00e4m\u00e4 tyylik\u00e4s ja toimiva nukkevaunu WOOPIE-merkilt\u00e4 on t\u00e4ydellinen lahja kaikille nukkeilla leikkimist\u00e4 rakastaville tyt\u00f6ille. S\u00e4\u00e4dett\u00e4v\u00e4n istuimen ansiosta se voidaan helposti mukauttaa erilaisiin leikkitarpeisiin, jolloin lapsesi voi kuljettaa mukanaan suosikkinukkejaan. K\u00e4\u00e4ntyv\u00e4t etupy\u00f6r\u00e4t takaavat sujuvan ohjattavuuden, ja tukeva rakenne tarjoaa vakautta k\u00e4velyjen aikana. Vaunussa on pehme\u00e4, mukava kahva ja tilava kori tarvikkeille, johon mahtuu kaikki leikkimiseen tarvittavat [&hellip;]<\/p>\n","protected":false},"featured_media":0,"comment_status":"open","ping_status":"closed","template":"","meta":[],"product_brand":[],"product_cat":[32],"product_tag":[],"class_list":{"0":"post-36966","1":"product","2":"type-product","3":"status-publish","5":"product_cat-uncategorized-fi","7":"first","8":"instock","9":"shipping-taxable","10":"purchasable","11":"product-type-simple"},"_links":{"self":[{"href":"https:\/\/nordicmart.andreevmaster.com\/fi\/wp-json\/wp\/v2\/product\/36966","targetHints":{"allow":["GET"]}}],"collection":[{"href":"https:\/\/nordicmart.andreevmaster.com\/fi\/wp-json\/wp\/v2\/product"}],"about":[{"href":"https:\/\/nordicmart.andreevmaster.com\/fi\/wp-json\/wp\/v2\/types\/product"}],"replies":[{"embeddable":true,"href":"https:\/\/nordicmart.andreevmaster.com\/fi\/wp-json\/wp\/v2\/comments?post=36966"}],"wp:attachment":[{"href":"https:\/\/nordicmart.andreevmaster.com\/fi\/wp-json\/wp\/v2\/media?parent=36966"}],"wp:term":[{"taxonomy":"product_brand","embeddable":true,"href":"https:\/\/nordicmart.andreevmaster.com\/fi\/wp-json\/wp\/v2\/product_brand?post=36966"},{"taxonomy":"product_cat","embeddable":true,"href":"https:\/\/nordicmart.andreevmaster.com\/fi\/wp-json\/wp\/v2\/product_cat?post=36966"},{"taxonomy":"product_tag","embeddable":true,"href":"https:\/\/nordicmart.andreevmaster.com\/fi\/wp-json\/wp\/v2\/product_tag?post=36966"}],"curies":[{"name":"wp","href":"https:\/\/api.w.org\/{rel}","templated":true}]}}