{"id":36965,"date":"2026-02-27T00:36:48","date_gmt":"2026-02-27T00:36:48","guid":{"rendered":"https:\/\/nordicmart.andreevmaster.com\/product\/woopie-royal-4-in-1-nukkevaunu-saatomahdollisuus\/"},"modified":"2026-02-27T09:54:01","modified_gmt":"2026-02-27T09:54:01","slug":"woopie-royal-4-in-1-nukkevaunu-saatomahdollisuus","status":"publish","type":"product","link":"https:\/\/nordicmart.andreevmaster.com\/fi\/tuote\/woopie-royal-4-in-1-nukkevaunu-saatomahdollisuus\/","title":{"rendered":"WOOPIE ROYAL 4-in-1-nukkevaunu S\u00e4\u00e4t\u00f6mahdollisuus"},"content":{"rendered":"<p>T\u00e4m\u00e4 tyylik\u00e4s ja toimiva WOOPIE ROYAL -nukkevaunu vaaleanpunaisena on t\u00e4ydellinen valinta jokaiselle nukkeja rakastavalle pikkutyt\u00f6lle! K\u00e4rryss\u00e4 on s\u00e4\u00e4dett\u00e4v\u00e4 kahva, jonka ansiosta se voidaan mukauttaa lapsen pituuden mukaan. Sen hiljaiset py\u00f6r\u00e4t takaavat sujuvan k\u00e4sittelyn, ja vakaa rakenne varmistaa turvallisen leikin. Lis\u00e4ksi k\u00e4rry voidaan muuntaa lastenvaunuksi, ja irrotettavan osan ansiosta sit\u00e4 voidaan k\u00e4ytt\u00e4\u00e4 my\u00f6s kantokassina tai laukuna. K\u00e4rryss\u00e4 on avattava ja suljettava kuomu sek\u00e4 tilava kori pienille tavaroille.Ominaisuudet:<\/p>\n<p>* &#8211; Lelu 3-vuotiaille ja sit\u00e4 vanhemmille lapsille<br \/>\n* &#8211; S\u00e4\u00e4dett\u00e4v\u00e4 kahva \u2013 vaunu voidaan helposti s\u00e4\u00e4t\u00e4\u00e4 lapsen pituuden mukaan<br \/>\n* &#8211; Taitettava katos ja runko<br \/>\n* &#8211; 3-in-1-vaunu \u2013 lastenvaunu, rattaat, kantoreppu<br \/>\n* &#8211; Kevyt mutta vakaa rakenne<\/p>\n<p>Nukkeilla leikkiminen kehitt\u00e4\u00e4:<\/p>\n<p>* &#8211; Sosiaalisia taitoja<br \/>\n* &#8211; Luovuutta ja mielikuvitusta<br \/>\n* &#8211; Empatiaa ja vastuuntuntoa<\/p>\n","protected":false},"excerpt":{"rendered":"<p>T\u00e4m\u00e4 tyylik\u00e4s ja toimiva WOOPIE ROYAL -nukkevaunu vaaleanpunaisena on t\u00e4ydellinen valinta jokaiselle nukkeja rakastavalle pikkutyt\u00f6lle! K\u00e4rryss\u00e4 on s\u00e4\u00e4dett\u00e4v\u00e4 kahva, jonka ansiosta se voidaan mukauttaa lapsen pituuden mukaan. Sen hiljaiset py\u00f6r\u00e4t takaavat sujuvan k\u00e4sittelyn, ja vakaa rakenne varmistaa turvallisen leikin. Lis\u00e4ksi k\u00e4rry voidaan muuntaa lastenvaunuksi, ja irrotettavan osan ansiosta sit\u00e4 voidaan k\u00e4ytt\u00e4\u00e4 my\u00f6s kantokassina tai laukuna. [&hellip;]<\/p>\n","protected":false},"featured_media":0,"comment_status":"open","ping_status":"closed","template":"","meta":[],"product_brand":[],"product_cat":[32],"product_tag":[],"class_list":{"0":"post-36965","1":"product","2":"type-product","3":"status-publish","5":"product_cat-uncategorized-fi","7":"first","8":"instock","9":"shipping-taxable","10":"purchasable","11":"product-type-simple"},"_links":{"self":[{"href":"https:\/\/nordicmart.andreevmaster.com\/fi\/wp-json\/wp\/v2\/product\/36965","targetHints":{"allow":["GET"]}}],"collection":[{"href":"https:\/\/nordicmart.andreevmaster.com\/fi\/wp-json\/wp\/v2\/product"}],"about":[{"href":"https:\/\/nordicmart.andreevmaster.com\/fi\/wp-json\/wp\/v2\/types\/product"}],"replies":[{"embeddable":true,"href":"https:\/\/nordicmart.andreevmaster.com\/fi\/wp-json\/wp\/v2\/comments?post=36965"}],"wp:attachment":[{"href":"https:\/\/nordicmart.andreevmaster.com\/fi\/wp-json\/wp\/v2\/media?parent=36965"}],"wp:term":[{"taxonomy":"product_brand","embeddable":true,"href":"https:\/\/nordicmart.andreevmaster.com\/fi\/wp-json\/wp\/v2\/product_brand?post=36965"},{"taxonomy":"product_cat","embeddable":true,"href":"https:\/\/nordicmart.andreevmaster.com\/fi\/wp-json\/wp\/v2\/product_cat?post=36965"},{"taxonomy":"product_tag","embeddable":true,"href":"https:\/\/nordicmart.andreevmaster.com\/fi\/wp-json\/wp\/v2\/product_tag?post=36965"}],"curies":[{"name":"wp","href":"https:\/\/api.w.org\/{rel}","templated":true}]}}