{"id":36963,"date":"2026-02-27T00:36:48","date_gmt":"2026-02-27T00:36:48","guid":{"rendered":"https:\/\/nordicmart.andreevmaster.com\/product\/woopie-green-suuri-monitoiminen-kauppa-5-in-1-markkinakoju-supermarket-ravintola-kahvila-keittio-73-kpl\/"},"modified":"2026-02-27T09:54:01","modified_gmt":"2026-02-27T09:54:01","slug":"woopie-green-suuri-monitoiminen-kauppa-5-in-1-markkinakoju-supermarket-ravintola-kahvila-keittio-73-kpl","status":"publish","type":"product","link":"https:\/\/nordicmart.andreevmaster.com\/fi\/tuote\/woopie-green-suuri-monitoiminen-kauppa-5-in-1-markkinakoju-supermarket-ravintola-kahvila-keittio-73-kpl\/","title":{"rendered":"WOOPIE GREEN Suuri monitoiminen kauppa 5-in-1 Markkinakoju Supermarket Ravintola Kahvila Keitti\u00f6 73 kpl"},"content":{"rendered":"<p>WOOPIE GREEN Puinen ruokakauppa &#8211; Tervetuloa hauskanpidon ja ostosten maailmaan!<\/p>\n<p>WOOPIE GREEN Puinen ruokakauppa on upea lelu, jonka avulla lapset voivat leikki\u00e4 vuorovaikutteisesti kaupassa ja kehitt\u00e4\u00e4 t\u00e4rkeit\u00e4 el\u00e4m\u00e4ntaitoja. T\u00e4m\u00e4 suuri, v\u00e4rik\u00e4s kioski tarjoaa tuntikausia luovaa ja opettavaa hauskaa. Sarja sis\u00e4lt\u00e4\u00e4 73 osaa, mukaan lukien vaa&#8217;at, elintarvikkeet, kortinlukijan ja liitutaulun, johon voit kirjoittaa p\u00e4iv\u00e4n erikoistarjoukset! Leikkim\u00e4ll\u00e4 kauppaa lapset kehitt\u00e4v\u00e4t sosiaalisia, matemaattisia ja organisointitaitoja ja oppivat hauskasti roolileikin kautta. Kaikki osat on valmistettu turvallisesta puusta ja maalattu myrkytt\u00f6mill\u00e4 maaleilla.<\/p>\n<p>Ominaisuudet:<\/p>\n<p>* &#8211; Lelu on tarkoitettu 3-vuotiaille ja sit\u00e4 vanhemmille lapsille<br \/>\n* &#8211; Valmistettu puusta, maalattu turvallisilla vesiohenteisilla maaleilla<br \/>\n* &#8211; Liitutaulu tarjousten tai hintojen kirjoittamista varten<br \/>\n* &#8211; Realistinen ulkon\u00e4k\u00f6 \u2013 t\u00e4ydellinen leikkikauppaan tai ruokarekkaan leikkimiseen<br \/>\n* &#8211; Ymp\u00e4rist\u00f6yst\u00e4v\u00e4llinen tuote WOOPIE GREEN -sarjasta<\/p>\n<p>Sarja sis\u00e4lt\u00e4\u00e4:<\/p>\n<p>* &#8211; Kirjoitustaulu<br \/>\n* &#8211; 73 elementti\u00e4, mukaan lukien: vaaka, kortinlukija, elintarvikkeet, laatikot<br \/>\n* &#8211; Valmistettu puusta, maalattu myrkytt\u00f6mill\u00e4 maaleilla<br \/>\n* &#8211; Osat sopivat erinomaisesti lajittelun, laskemisen ja roolileikkien oppimiseen<\/p>\n<p>Lelu kehitt\u00e4\u00e4:<\/p>\n<p>* &#8211; Luovuutta \u2013 lapset luovat omia ostostilanteita, p\u00e4\u00e4tt\u00e4v\u00e4t, mit\u00e4 on t\u00e4n\u00e4\u00e4n tarjouksessa ja mit\u00e4 kauppaan on t\u00e4ydennett\u00e4v\u00e4. Vapaa leikki stimuloi luovaa ajattelua ja aloitteellisuutta<br \/>\n* &#8211; Mielikuvitusta \u2013 myyj\u00e4n tai asiakkaan roolissa leikkiminen auttaa lapsia ymm\u00e4rt\u00e4m\u00e4\u00e4n arjen tilanteita ja kehitt\u00e4\u00e4 syy-seuraus-ajattelua<br \/>\n* &#8211; K\u00e4sien taitoja \u2013 vaa&#8217;an, korttien ja elintarvikkeiden k\u00e4sittely vahvistaa k\u00e4sien ja sormien k\u00e4tevyytt\u00e4, mik\u00e4 on t\u00e4rke\u00e4\u00e4 hienomotoriikan kehitykselle.* &#8211; Keskittymiskyky \u2013 laskeminen, punnitseminen, tuotteiden j\u00e4rjest\u00e4minen hyllyille ja lajittelu ovat toimintoja, jotka harjoittavat keskittymiskyky\u00e4 ja k\u00e4rsiv\u00e4llisyytt\u00e4<br \/>\n* &#8211; Sosiaaliset taidot \u2013 leikkiminen ik\u00e4tovereiden kanssa opettaa kommunikoimaan, yhteisty\u00f6h\u00f6n, jakamiseen ja erilaisiin sosiaalisiin rooleihin.<\/p>\n","protected":false},"excerpt":{"rendered":"<p>WOOPIE GREEN Puinen ruokakauppa &#8211; Tervetuloa hauskanpidon ja ostosten maailmaan! WOOPIE GREEN Puinen ruokakauppa on upea lelu, jonka avulla lapset voivat leikki\u00e4 vuorovaikutteisesti kaupassa ja kehitt\u00e4\u00e4 t\u00e4rkeit\u00e4 el\u00e4m\u00e4ntaitoja. T\u00e4m\u00e4 suuri, v\u00e4rik\u00e4s kioski tarjoaa tuntikausia luovaa ja opettavaa hauskaa. Sarja sis\u00e4lt\u00e4\u00e4 73 osaa, mukaan lukien vaa&#8217;at, elintarvikkeet, kortinlukijan ja liitutaulun, johon voit kirjoittaa p\u00e4iv\u00e4n erikoistarjoukset! Leikkim\u00e4ll\u00e4 [&hellip;]<\/p>\n","protected":false},"featured_media":0,"comment_status":"open","ping_status":"closed","template":"","meta":[],"product_brand":[],"product_cat":[32],"product_tag":[],"class_list":{"0":"post-36963","1":"product","2":"type-product","3":"status-publish","5":"product_cat-uncategorized-fi","7":"first","8":"instock","9":"shipping-taxable","10":"purchasable","11":"product-type-simple"},"_links":{"self":[{"href":"https:\/\/nordicmart.andreevmaster.com\/fi\/wp-json\/wp\/v2\/product\/36963","targetHints":{"allow":["GET"]}}],"collection":[{"href":"https:\/\/nordicmart.andreevmaster.com\/fi\/wp-json\/wp\/v2\/product"}],"about":[{"href":"https:\/\/nordicmart.andreevmaster.com\/fi\/wp-json\/wp\/v2\/types\/product"}],"replies":[{"embeddable":true,"href":"https:\/\/nordicmart.andreevmaster.com\/fi\/wp-json\/wp\/v2\/comments?post=36963"}],"wp:attachment":[{"href":"https:\/\/nordicmart.andreevmaster.com\/fi\/wp-json\/wp\/v2\/media?parent=36963"}],"wp:term":[{"taxonomy":"product_brand","embeddable":true,"href":"https:\/\/nordicmart.andreevmaster.com\/fi\/wp-json\/wp\/v2\/product_brand?post=36963"},{"taxonomy":"product_cat","embeddable":true,"href":"https:\/\/nordicmart.andreevmaster.com\/fi\/wp-json\/wp\/v2\/product_cat?post=36963"},{"taxonomy":"product_tag","embeddable":true,"href":"https:\/\/nordicmart.andreevmaster.com\/fi\/wp-json\/wp\/v2\/product_tag?post=36963"}],"curies":[{"name":"wp","href":"https:\/\/api.w.org\/{rel}","templated":true}]}}